{"id":12982,"date":"2024-11-28T00:37:24","date_gmt":"2024-11-27T21:37:24","guid":{"rendered":"https:\/\/www.makitamarket.com.tr\/site\/urun\/proxxon-proxxon-28602-fms-75-vantuzlu-hassas-mengene\/"},"modified":"2026-04-06T14:17:57","modified_gmt":"2026-04-06T11:17:57","slug":"proxxon-proxxon-28602-fms-75-vantuzlu-hassas-mengene","status":"publish","type":"product","link":"https:\/\/www.makitamarket.com.tr\/site\/urun\/proxxon-proxxon-28602-fms-75-vantuzlu-hassas-mengene\/","title":{"rendered":"Proxxon 28602 PROXXON 28602 FMS 75 VANTUZLU HASSAS MENGENE"},"content":{"rendered":"<table>\n<tr>\n<td>A\u011f\u0131rl\u0131k<\/td>\n<td>1 kg<\/td>\n<\/tr>\n<tr>\n<td>Max S\u0131k\u0131\u015ft\u0131rma<\/td>\n<td>70mm<\/td>\n<\/tr>\n<tr>\n<td>A\u00e7\u0131klama<\/td>\n<td>Yatay ve Dikey V kanall\u0131 \u00e7eneler 75mm izoleli<\/td>\n<\/tr>\n<\/table>\n","protected":false},"excerpt":{"rendered":"<p>A\u011f\u0131rl\u0131k 1 kg Max S\u0131k\u0131\u015ft\u0131rma 70mm A\u00e7\u0131klama Yatay ve Dikey V kanall\u0131 \u00e7eneler 75mm izoleli<\/p>\n","protected":false},"featured_media":12981,"comment_status":"open","ping_status":"closed","template":"","meta":{"_acf_changed":false},"product_brand":[1501],"product_cat":[926],"product_tag":[],"class_list":{"0":"post-12982","1":"product","2":"type-product","3":"status-publish","4":"has-post-thumbnail","6":"product_brand-proxxon","7":"product_cat-aksesuarlar-mikro-aletleri","9":"first","10":"outofstock","11":"taxable","12":"shipping-taxable","13":"purchasable","14":"product-type-simple","15":"add-to-wishlist-after_add_to_cart"},"acf":[],"_links":{"self":[{"href":"https:\/\/www.makitamarket.com.tr\/site\/wp-json\/wp\/v2\/product\/12982","targetHints":{"allow":["GET"]}}],"collection":[{"href":"https:\/\/www.makitamarket.com.tr\/site\/wp-json\/wp\/v2\/product"}],"about":[{"href":"https:\/\/www.makitamarket.com.tr\/site\/wp-json\/wp\/v2\/types\/product"}],"replies":[{"embeddable":true,"href":"https:\/\/www.makitamarket.com.tr\/site\/wp-json\/wp\/v2\/comments?post=12982"}],"wp:featuredmedia":[{"embeddable":true,"href":"https:\/\/www.makitamarket.com.tr\/site\/wp-json\/wp\/v2\/media\/12981"}],"wp:attachment":[{"href":"https:\/\/www.makitamarket.com.tr\/site\/wp-json\/wp\/v2\/media?parent=12982"}],"wp:term":[{"taxonomy":"product_brand","embeddable":true,"href":"https:\/\/www.makitamarket.com.tr\/site\/wp-json\/wp\/v2\/product_brand?post=12982"},{"taxonomy":"product_cat","embeddable":true,"href":"https:\/\/www.makitamarket.com.tr\/site\/wp-json\/wp\/v2\/product_cat?post=12982"},{"taxonomy":"product_tag","embeddable":true,"href":"https:\/\/www.makitamarket.com.tr\/site\/wp-json\/wp\/v2\/product_tag?post=12982"}],"curies":[{"name":"wp","href":"https:\/\/api.w.org\/{rel}","templated":true}]}}