{"id":12996,"date":"2024-11-28T00:38:12","date_gmt":"2024-11-27T21:38:12","guid":{"rendered":"https:\/\/www.makitamarket.com.tr\/site\/urun\/proxxon-proxxon-28144-mgs-gazli-lehim-havya-seti\/"},"modified":"2026-04-06T14:18:05","modified_gmt":"2026-04-06T11:18:05","slug":"proxxon-proxxon-28144-mgs-gazli-lehim-havya-seti","status":"publish","type":"product","link":"https:\/\/www.makitamarket.com.tr\/site\/urun\/proxxon-proxxon-28144-mgs-gazli-lehim-havya-seti\/","title":{"rendered":"Proxxon 28144 PROXXON 28144 MGS GAZLI LEH\u0130M HAVYA SET\u0130"},"content":{"rendered":"<p>\n\t<strong>Adapt\u00f6rler ile kombine halde \u00e7\u0131plak alev ile veya Kataliz\u00f6r \u00fcnitesi ile \u00e7al\u0131\u015fmak i\u00e7in. Lehimleme, s\u0131cak kesim, ah\u015fap yakma ve makaron uygulamalar\u0131 i\u00e7in.<\/strong>Emniyetli a\u00e7ma\/kapama-gaz ak\u0131\u015f anahtar\u0131 ile elektronik ate\u015fleme. Ayr\u0131 ayr\u0131 kontrol edilebilir gaz ve hava beslemesi. Sert lehimle-meler i\u00e7in alev s\u0131cakl\u0131\u011f\u0131 1,300 \u00b0C\u2018ye kadar \u00e7\u0131kabilir, u\u00e7larla \u00e7al\u0131\u015f\u0131rken 500 \u00b0C\u2018ye kadar ula\u015fabilir. Uzun s\u00fcreli \u00e7al\u0131\u015fma i\u00e7in b\u00fcy\u00fck gaz tank\u0131 (20 ml). B\u00fctan kartu\u015flarla tekrar dolum yap\u0131labilir.<\/p>\n<table><\/table>\n","protected":false},"excerpt":{"rendered":"<p>\n\t<strong>Adapt\u00f6rler ile kombine halde \u00e7\u0131plak alev ile veya Kataliz\u00f6r \u00fcnitesi ile \u00e7al\u0131\u015fmak i\u00e7in. Lehimleme, s\u0131cak kesim, ah\u015fap yakma ve makaron uygulamalar\u0131 i\u00e7in.<\/strong>Emniyetli a\u00e7ma\/kapama-gaz ak\u0131\u015f anahtar\u0131 ile elektronik ate\u015fleme. Ayr\u0131 ayr\u0131 kontrol edilebilir gaz ve hava beslemesi. Sert lehimle-meler i\u00e7in alev s\u0131cakl\u0131\u011f\u0131 1,300 \u00b0C\u2018ye kadar \u00e7\u0131kabilir, u\u00e7larla \u00e7al\u0131\u015f\u0131rken 500 \u00b0C\u2018ye kadar ula\u015fabilir. Uzun s\u00fcreli \u00e7al\u0131\u015fma i\u00e7in b\u00fcy\u00fck gaz tank\u0131 (20 ml). B\u00fctan kartu\u015flarla tekrar dolum yap\u0131labilir.<\/p>\n","protected":false},"featured_media":12995,"comment_status":"open","ping_status":"closed","template":"","meta":{"_acf_changed":false},"product_brand":[1501],"product_cat":[1228],"product_tag":[],"class_list":{"0":"post-12996","1":"product","2":"type-product","3":"status-publish","4":"has-post-thumbnail","6":"product_brand-proxxon","7":"product_cat-lehim-havyalar","9":"first","10":"outofstock","11":"taxable","12":"shipping-taxable","13":"purchasable","14":"product-type-simple","15":"add-to-wishlist-after_add_to_cart"},"acf":[],"_links":{"self":[{"href":"https:\/\/www.makitamarket.com.tr\/site\/wp-json\/wp\/v2\/product\/12996","targetHints":{"allow":["GET"]}}],"collection":[{"href":"https:\/\/www.makitamarket.com.tr\/site\/wp-json\/wp\/v2\/product"}],"about":[{"href":"https:\/\/www.makitamarket.com.tr\/site\/wp-json\/wp\/v2\/types\/product"}],"replies":[{"embeddable":true,"href":"https:\/\/www.makitamarket.com.tr\/site\/wp-json\/wp\/v2\/comments?post=12996"}],"wp:featuredmedia":[{"embeddable":true,"href":"https:\/\/www.makitamarket.com.tr\/site\/wp-json\/wp\/v2\/media\/12995"}],"wp:attachment":[{"href":"https:\/\/www.makitamarket.com.tr\/site\/wp-json\/wp\/v2\/media?parent=12996"}],"wp:term":[{"taxonomy":"product_brand","embeddable":true,"href":"https:\/\/www.makitamarket.com.tr\/site\/wp-json\/wp\/v2\/product_brand?post=12996"},{"taxonomy":"product_cat","embeddable":true,"href":"https:\/\/www.makitamarket.com.tr\/site\/wp-json\/wp\/v2\/product_cat?post=12996"},{"taxonomy":"product_tag","embeddable":true,"href":"https:\/\/www.makitamarket.com.tr\/site\/wp-json\/wp\/v2\/product_tag?post=12996"}],"curies":[{"name":"wp","href":"https:\/\/api.w.org\/{rel}","templated":true}]}}