{"id":13001,"date":"2024-11-28T00:38:14","date_gmt":"2024-11-27T21:38:14","guid":{"rendered":"https:\/\/www.makitamarket.com.tr\/site\/urun\/makita-d-serisi-sds-plus-uc-12x260-mm\/"},"modified":"2026-04-06T14:18:08","modified_gmt":"2026-04-06T11:18:08","slug":"makita-d-serisi-sds-plus-uc-12x260-mm","status":"publish","type":"product","link":"https:\/\/www.makitamarket.com.tr\/site\/urun\/makita-d-serisi-sds-plus-uc-12x260-mm\/","title":{"rendered":"Makita D-00240 D SER\u0130S\u0130 SDS PLUS U\u00c7 12&#215;260 mm"},"content":{"rendered":"<table>\n<tr>\n<td>Matkap \u00c7ap\u0131<\/td>\n<td>12<\/td>\n<\/tr>\n<tr>\n<td>Matkap Boyu<\/td>\n<td>260<\/td>\n<\/tr>\n<tr>\n<td>\u00c7ap<\/td>\n<td>12 mm<\/td>\n<\/tr>\n<tr>\n<td>Uzunluk<\/td>\n<td>260 mm<\/td>\n<\/tr>\n<tr>\n<td>\u00c7al\u0131\u015fma Uzunlu\u011fu<\/td>\n<td>185 mm<\/td>\n<\/tr>\n<tr>\n<td>Minimum Sipari\u015f Adedi<\/td>\n<td>5<\/td>\n<\/tr>\n<\/table>\n","protected":false},"excerpt":{"rendered":"<p>Matkap \u00c7ap\u0131 12 Matkap Boyu 260 \u00c7ap 12 mm Uzunluk 260 mm \u00c7al\u0131\u015fma Uzunlu\u011fu 185 mm Minimum Sipari\u015f Adedi 5<\/p>\n","protected":false},"featured_media":13000,"comment_status":"open","ping_status":"closed","template":"","meta":{"_acf_changed":false},"product_brand":[1485],"product_cat":[1149],"product_tag":[],"class_list":{"0":"post-13001","1":"product","2":"type-product","3":"status-publish","4":"has-post-thumbnail","6":"product_brand-makita","7":"product_cat-sds-plus-uclar","9":"first","10":"instock","11":"taxable","12":"shipping-taxable","13":"purchasable","14":"product-type-simple","15":"add-to-wishlist-after_add_to_cart"},"acf":[],"_links":{"self":[{"href":"https:\/\/www.makitamarket.com.tr\/site\/wp-json\/wp\/v2\/product\/13001","targetHints":{"allow":["GET"]}}],"collection":[{"href":"https:\/\/www.makitamarket.com.tr\/site\/wp-json\/wp\/v2\/product"}],"about":[{"href":"https:\/\/www.makitamarket.com.tr\/site\/wp-json\/wp\/v2\/types\/product"}],"replies":[{"embeddable":true,"href":"https:\/\/www.makitamarket.com.tr\/site\/wp-json\/wp\/v2\/comments?post=13001"}],"wp:featuredmedia":[{"embeddable":true,"href":"https:\/\/www.makitamarket.com.tr\/site\/wp-json\/wp\/v2\/media\/13000"}],"wp:attachment":[{"href":"https:\/\/www.makitamarket.com.tr\/site\/wp-json\/wp\/v2\/media?parent=13001"}],"wp:term":[{"taxonomy":"product_brand","embeddable":true,"href":"https:\/\/www.makitamarket.com.tr\/site\/wp-json\/wp\/v2\/product_brand?post=13001"},{"taxonomy":"product_cat","embeddable":true,"href":"https:\/\/www.makitamarket.com.tr\/site\/wp-json\/wp\/v2\/product_cat?post=13001"},{"taxonomy":"product_tag","embeddable":true,"href":"https:\/\/www.makitamarket.com.tr\/site\/wp-json\/wp\/v2\/product_tag?post=13001"}],"curies":[{"name":"wp","href":"https:\/\/api.w.org\/{rel}","templated":true}]}}