{"id":13012,"date":"2024-11-28T00:38:17","date_gmt":"2024-11-27T21:38:17","guid":{"rendered":"https:\/\/www.makitamarket.com.tr\/site\/urun\/procut-mermer-testere-350-m\/"},"modified":"2026-04-06T14:18:11","modified_gmt":"2026-04-06T11:18:11","slug":"procut-mermer-testere-350-m","status":"publish","type":"product","link":"https:\/\/www.makitamarket.com.tr\/site\/urun\/procut-mermer-testere-350-m\/","title":{"rendered":"Procut PR51137 MERMER TESTERE 350 M"},"content":{"rendered":"<table>\n<tr>\n<td>Modeli<\/td>\n<td>Mermer &#8211; 350 M.<\/td>\n<\/tr>\n<tr>\n<td>D\u0131\u015f \u00c7ap<\/td>\n<td>350 mm.<\/td>\n<\/tr>\n<tr>\n<td>Kal\u0131nl\u0131k<\/td>\n<td>3.4 mm.<\/td>\n<\/tr>\n<tr>\n<td>Elmas Y\u00fcksekli\u011fi<\/td>\n<td>7.0 mm.<\/td>\n<\/tr>\n<tr>\n<td>G\u00f6bek \u00e7ap\u0131<\/td>\n<td>25.4 mm.<\/td>\n<\/tr>\n<tr>\n<td>Koli Adedi<\/td>\n<td>10.<\/td>\n<\/tr>\n<\/table>\n","protected":false},"excerpt":{"rendered":"<p>Modeli Mermer &#8211; 350 M. D\u0131\u015f \u00c7ap 350 mm. Kal\u0131nl\u0131k 3.4 mm. Elmas Y\u00fcksekli\u011fi 7.0 mm. G\u00f6bek \u00e7ap\u0131 25.4 mm. Koli Adedi 10.<\/p>\n","protected":false},"featured_media":13011,"comment_status":"open","ping_status":"closed","template":"","meta":{"_acf_changed":false},"product_brand":[1539],"product_cat":[1150],"product_tag":[],"class_list":{"0":"post-13012","1":"product","2":"type-product","3":"status-publish","4":"has-post-thumbnail","6":"product_brand-procut","7":"product_cat-350mm-testereler","9":"first","10":"instock","11":"taxable","12":"shipping-taxable","13":"purchasable","14":"product-type-simple","15":"add-to-wishlist-after_add_to_cart"},"acf":[],"_links":{"self":[{"href":"https:\/\/www.makitamarket.com.tr\/site\/wp-json\/wp\/v2\/product\/13012","targetHints":{"allow":["GET"]}}],"collection":[{"href":"https:\/\/www.makitamarket.com.tr\/site\/wp-json\/wp\/v2\/product"}],"about":[{"href":"https:\/\/www.makitamarket.com.tr\/site\/wp-json\/wp\/v2\/types\/product"}],"replies":[{"embeddable":true,"href":"https:\/\/www.makitamarket.com.tr\/site\/wp-json\/wp\/v2\/comments?post=13012"}],"wp:featuredmedia":[{"embeddable":true,"href":"https:\/\/www.makitamarket.com.tr\/site\/wp-json\/wp\/v2\/media\/13011"}],"wp:attachment":[{"href":"https:\/\/www.makitamarket.com.tr\/site\/wp-json\/wp\/v2\/media?parent=13012"}],"wp:term":[{"taxonomy":"product_brand","embeddable":true,"href":"https:\/\/www.makitamarket.com.tr\/site\/wp-json\/wp\/v2\/product_brand?post=13012"},{"taxonomy":"product_cat","embeddable":true,"href":"https:\/\/www.makitamarket.com.tr\/site\/wp-json\/wp\/v2\/product_cat?post=13012"},{"taxonomy":"product_tag","embeddable":true,"href":"https:\/\/www.makitamarket.com.tr\/site\/wp-json\/wp\/v2\/product_tag?post=13012"}],"curies":[{"name":"wp","href":"https:\/\/api.w.org\/{rel}","templated":true}]}}