{"id":13014,"date":"2024-11-28T00:38:17","date_gmt":"2024-11-27T21:38:17","guid":{"rendered":"https:\/\/www.makitamarket.com.tr\/site\/urun\/mastech-mastech-pm6310-analog-yanici-gaz-dedektoru\/"},"modified":"2025-07-11T20:29:04","modified_gmt":"2025-07-11T17:29:04","slug":"mastech-mastech-pm6310-analog-yanici-gaz-dedektoru","status":"publish","type":"product","link":"https:\/\/www.makitamarket.com.tr\/site\/urun\/mastech-mastech-pm6310-analog-yanici-gaz-dedektoru\/","title":{"rendered":"Mastech PM6310 MASTECH PM6310 ANALOG YANICI GAZ DEDEKT\u00d6R\u00dc"},"content":{"rendered":"<div>\n\tTa\u015f\u0131nabilir ve y\u00fcksek hassasiyet.<\/div>\n<div>\n\tTespit edilen gazlar: Do\u011fal gaz, metan gaz\u0131, etan gaz\u0131, propan, b\u00fctan, aseton, alkol, amonyak, buhar, karbon monoksit, benzin, jet yak\u0131t\u0131, hidrojen \u00e7\u00f6z\u00fcc\u00fcler, cila inceltici vb.<\/div>\n<div>\n\tKimya, petrol, metal\u00fcrji, petrol depolar\u0131, LPG istasyonlar\u0131, ila\u00e7 sekt\u00f6r\u00fc, gaz iletimi ve da\u011f\u0131t\u0131m\u0131 gibi vb tehlikeli alanlarda kullan\u0131l\u0131r.<\/div>\n<table>\n<tr>\n<td>Alarm seviyesi<\/td>\n<td>%10~%40 aral\u0131\u011f\u0131 (Temiz havada 7-10 dakikada orjinal \u00f6l\u00e7\u00fcm durumuna geri d\u00f6ner.)<\/td>\n<\/tr>\n<tr>\n<td>Is\u0131nma  S\u00fcresi<\/td>\n<td>2 dakika<\/td>\n<\/tr>\n<tr>\n<td>Metal Hortum Uzunlu\u011fu<\/td>\n<td>400 mm<\/td>\n<\/tr>\n<tr>\n<td>Tepki S\u00fcresi<\/td>\n<td>2 saniye<\/td>\n<\/tr>\n<tr>\n<td>Batarya<\/td>\n<td>1,5V x 4, AAA<\/td>\n<\/tr>\n<tr>\n<td>Boyutlar<\/td>\n<td>170 x 60 x 45 mm<\/td>\n<\/tr>\n<tr>\n<td>A\u011f\u0131rl\u0131k<\/td>\n<td>350 gr<\/td>\n<\/tr>\n<\/table>\n","protected":false},"excerpt":{"rendered":"<div>\n\tTa\u015f\u0131nabilir ve y\u00fcksek hassasiyet.<\/div>\n<div>\n\tTespit edilen gazlar: Do\u011fal gaz, metan gaz\u0131, etan gaz\u0131, propan, b\u00fctan, aseton, alkol, amonyak, buhar, karbon monoksit, benzin, jet yak\u0131t\u0131, hidrojen \u00e7\u00f6z\u00fcc\u00fcler, cila inceltici vb.<\/div>\n<div>\n\tKimya, petrol, metal\u00fcrji, petrol depolar\u0131, LPG istasyonlar\u0131, ila\u00e7 sekt\u00f6r\u00fc, gaz iletimi ve da\u011f\u0131t\u0131m\u0131 gibi vb tehlikeli alanlarda kullan\u0131l\u0131r.<\/div>\n","protected":false},"featured_media":13013,"comment_status":"open","ping_status":"closed","template":"","meta":{"_acf_changed":false},"product_brand":[],"product_cat":[1230],"product_tag":[],"class_list":{"0":"post-13014","1":"product","2":"type-product","3":"status-publish","4":"has-post-thumbnail","6":"product_cat-yanici-gaz-dedektorleri","8":"first","9":"outofstock","10":"taxable","11":"shipping-taxable","12":"purchasable","13":"product-type-simple","14":"add-to-wishlist-after_add_to_cart"},"acf":[],"_links":{"self":[{"href":"https:\/\/www.makitamarket.com.tr\/site\/wp-json\/wp\/v2\/product\/13014","targetHints":{"allow":["GET"]}}],"collection":[{"href":"https:\/\/www.makitamarket.com.tr\/site\/wp-json\/wp\/v2\/product"}],"about":[{"href":"https:\/\/www.makitamarket.com.tr\/site\/wp-json\/wp\/v2\/types\/product"}],"replies":[{"embeddable":true,"href":"https:\/\/www.makitamarket.com.tr\/site\/wp-json\/wp\/v2\/comments?post=13014"}],"wp:featuredmedia":[{"embeddable":true,"href":"https:\/\/www.makitamarket.com.tr\/site\/wp-json\/wp\/v2\/media\/13013"}],"wp:attachment":[{"href":"https:\/\/www.makitamarket.com.tr\/site\/wp-json\/wp\/v2\/media?parent=13014"}],"wp:term":[{"taxonomy":"product_brand","embeddable":true,"href":"https:\/\/www.makitamarket.com.tr\/site\/wp-json\/wp\/v2\/product_brand?post=13014"},{"taxonomy":"product_cat","embeddable":true,"href":"https:\/\/www.makitamarket.com.tr\/site\/wp-json\/wp\/v2\/product_cat?post=13014"},{"taxonomy":"product_tag","embeddable":true,"href":"https:\/\/www.makitamarket.com.tr\/site\/wp-json\/wp\/v2\/product_tag?post=13014"}],"curies":[{"name":"wp","href":"https:\/\/api.w.org\/{rel}","templated":true}]}}