{"id":13016,"date":"2024-11-28T00:38:18","date_gmt":"2024-11-27T21:38:18","guid":{"rendered":"https:\/\/www.makitamarket.com.tr\/site\/urun\/makita-nemesis-ii-serisi-sds-plus-uc-16x1000-mm\/"},"modified":"2026-04-06T14:18:12","modified_gmt":"2026-04-06T11:18:12","slug":"makita-nemesis-ii-serisi-sds-plus-uc-16x1000-mm","status":"publish","type":"product","link":"https:\/\/www.makitamarket.com.tr\/site\/urun\/makita-nemesis-ii-serisi-sds-plus-uc-16x1000-mm\/","title":{"rendered":"Makita B-58609 NEMES\u0130S II SER\u0130S\u0130 SDS PLUS U\u00c7 16&#215;1000 mm"},"content":{"rendered":"<table>\n<tr>\n<td>\u00c7ap<\/td>\n<td>16 mm<\/td>\n<\/tr>\n<tr>\n<td>Uzunluk<\/td>\n<td>1000 mm<\/td>\n<\/tr>\n<tr>\n<td>\u00c7al\u0131\u015fma Uzunlu\u011fu<\/td>\n<td>950 mm<\/td>\n<\/tr>\n<\/table>\n","protected":false},"excerpt":{"rendered":"<p>\u00c7ap 16 mm Uzunluk 1000 mm \u00c7al\u0131\u015fma Uzunlu\u011fu 950 mm<\/p>\n","protected":false},"featured_media":13015,"comment_status":"open","ping_status":"closed","template":"","meta":{"_acf_changed":false},"product_brand":[1485],"product_cat":[1149],"product_tag":[],"class_list":{"0":"post-13016","1":"product","2":"type-product","3":"status-publish","4":"has-post-thumbnail","6":"product_brand-makita","7":"product_cat-sds-plus-uclar","9":"first","10":"instock","11":"taxable","12":"shipping-taxable","13":"purchasable","14":"product-type-simple","15":"add-to-wishlist-after_add_to_cart"},"acf":[],"_links":{"self":[{"href":"https:\/\/www.makitamarket.com.tr\/site\/wp-json\/wp\/v2\/product\/13016","targetHints":{"allow":["GET"]}}],"collection":[{"href":"https:\/\/www.makitamarket.com.tr\/site\/wp-json\/wp\/v2\/product"}],"about":[{"href":"https:\/\/www.makitamarket.com.tr\/site\/wp-json\/wp\/v2\/types\/product"}],"replies":[{"embeddable":true,"href":"https:\/\/www.makitamarket.com.tr\/site\/wp-json\/wp\/v2\/comments?post=13016"}],"wp:featuredmedia":[{"embeddable":true,"href":"https:\/\/www.makitamarket.com.tr\/site\/wp-json\/wp\/v2\/media\/13015"}],"wp:attachment":[{"href":"https:\/\/www.makitamarket.com.tr\/site\/wp-json\/wp\/v2\/media?parent=13016"}],"wp:term":[{"taxonomy":"product_brand","embeddable":true,"href":"https:\/\/www.makitamarket.com.tr\/site\/wp-json\/wp\/v2\/product_brand?post=13016"},{"taxonomy":"product_cat","embeddable":true,"href":"https:\/\/www.makitamarket.com.tr\/site\/wp-json\/wp\/v2\/product_cat?post=13016"},{"taxonomy":"product_tag","embeddable":true,"href":"https:\/\/www.makitamarket.com.tr\/site\/wp-json\/wp\/v2\/product_tag?post=13016"}],"curies":[{"name":"wp","href":"https:\/\/api.w.org\/{rel}","templated":true}]}}