{"id":13043,"date":"2024-11-28T00:39:10","date_gmt":"2024-11-27T21:39:10","guid":{"rendered":"https:\/\/www.makitamarket.com.tr\/site\/urun\/maxpower-maxpower-bakir-boru-kesme-6-64-mm-mx115-4\/"},"modified":"2025-11-16T07:03:32","modified_gmt":"2025-11-16T04:03:32","slug":"maxpower-maxpower-bakir-boru-kesme-6-64-mm-mx115-4","status":"publish","type":"product","link":"https:\/\/www.makitamarket.com.tr\/site\/urun\/maxpower-maxpower-bakir-boru-kesme-6-64-mm-mx115-4\/","title":{"rendered":"Maxpower MX115-4 MAXPOWER BAKIR BORU KESME 6 &#8211; 64 mm MX115 &#8211; 4"},"content":{"rendered":"<p><strong>Maxpower <\/strong><strong>Bak\u0131r Boru Kesme,<\/strong> belirtilen de\u011ferlerde kesim i\u015flemi yap\u0131n ,\u00f6zelikle bak\u0131r borular\u0131 keserken kullan\u0131n di\u011fer sert malzemeleri kesmek i\u00e7in bu \u00fcr\u00fcn\u00fc kullanmay\u0131n!!<\/p>\n<table>\n<tr>\n<td>Kesme Kapasitesi<\/td>\n<td>6-64mm<\/td>\n<\/tr>\n<tr>\n<td>Tip<\/td>\n<td>Bak\u0131r Boru<\/td>\n<\/tr>\n<\/table>\n","protected":false},"excerpt":{"rendered":"<p><strong>Maxpower <\/strong><strong>Bak\u0131r Boru Kesme,<\/strong> belirtilen de\u011ferlerde kesim i\u015flemi yap\u0131n ,\u00f6zelikle bak\u0131r borular\u0131 keserken kullan\u0131n di\u011fer sert malzemeleri kesmek i\u00e7in bu \u00fcr\u00fcn\u00fc kullanmay\u0131n!!<\/p>\n","protected":false},"featured_media":13042,"comment_status":"open","ping_status":"closed","template":"","meta":{"_acf_changed":false},"product_brand":[1515],"product_cat":[1565],"product_tag":[],"class_list":{"0":"post-13043","1":"product","2":"type-product","3":"status-publish","4":"has-post-thumbnail","6":"product_brand-maxpower","7":"product_cat-yok-yok","9":"first","10":"outofstock","11":"taxable","12":"shipping-taxable","13":"purchasable","14":"product-type-simple","15":"add-to-wishlist-after_add_to_cart"},"acf":[],"_links":{"self":[{"href":"https:\/\/www.makitamarket.com.tr\/site\/wp-json\/wp\/v2\/product\/13043","targetHints":{"allow":["GET"]}}],"collection":[{"href":"https:\/\/www.makitamarket.com.tr\/site\/wp-json\/wp\/v2\/product"}],"about":[{"href":"https:\/\/www.makitamarket.com.tr\/site\/wp-json\/wp\/v2\/types\/product"}],"replies":[{"embeddable":true,"href":"https:\/\/www.makitamarket.com.tr\/site\/wp-json\/wp\/v2\/comments?post=13043"}],"wp:featuredmedia":[{"embeddable":true,"href":"https:\/\/www.makitamarket.com.tr\/site\/wp-json\/wp\/v2\/media\/13042"}],"wp:attachment":[{"href":"https:\/\/www.makitamarket.com.tr\/site\/wp-json\/wp\/v2\/media?parent=13043"}],"wp:term":[{"taxonomy":"product_brand","embeddable":true,"href":"https:\/\/www.makitamarket.com.tr\/site\/wp-json\/wp\/v2\/product_brand?post=13043"},{"taxonomy":"product_cat","embeddable":true,"href":"https:\/\/www.makitamarket.com.tr\/site\/wp-json\/wp\/v2\/product_cat?post=13043"},{"taxonomy":"product_tag","embeddable":true,"href":"https:\/\/www.makitamarket.com.tr\/site\/wp-json\/wp\/v2\/product_tag?post=13043"}],"curies":[{"name":"wp","href":"https:\/\/api.w.org\/{rel}","templated":true}]}}