{"id":13053,"date":"2024-11-28T00:39:14","date_gmt":"2024-11-27T21:39:14","guid":{"rendered":"https:\/\/www.makitamarket.com.tr\/site\/urun\/virax-paslanmaz-celik-boru-kesici-1-8-1-3-8\/"},"modified":"2026-03-30T08:29:32","modified_gmt":"2026-03-30T05:29:32","slug":"virax-paslanmaz-celik-boru-kesici-1-8-1-3-8","status":"publish","type":"product","link":"https:\/\/www.makitamarket.com.tr\/site\/urun\/virax-paslanmaz-celik-boru-kesici-1-8-1-3-8\/","title":{"rendered":"Virax 210471 PASLANMAZ \u00c7EL\u0130K BORU KES\u0130C\u0130 1\/8 &#8211; 1.3\/8&#8243;"},"content":{"rendered":"<p>\n\t<span dir=\"ltr\" role=\"presentation\" style=\"left: 884.673px; top: 1120.16px; font-size: 11.6667px; font-family: sans-serif; transform: scaleX(0.883485);\">Maksimum et kal\u0131nl\u0131\u011f\u0131: 3,2mm<\/span><\/p>\n<table>\n<tr>\n<td>Boru \u00d6l\u00e7\u00fcs\u00fc<\/td>\n<td>3-35 mm<\/td>\n<\/tr>\n<tr>\n<td>A\u011f\u0131rl\u0131k<\/td>\n<td>0,450 kg<\/td>\n<\/tr>\n<tr>\n<td>Boru \u00d6l\u00e7\u00fcs\u00fc<\/td>\n<td>1\/8&#8243;-1.3\/8&#8243;<\/td>\n<\/tr>\n<tr>\n<td>Uzunluk<\/td>\n<td>165 mm<\/td>\n<\/tr>\n<tr>\n<td>Kesme Derinli\u011fi<\/td>\n<td>3.2 mm<\/td>\n<\/tr>\n<\/table>\n","protected":false},"excerpt":{"rendered":"<p>\n\t<span dir=\"ltr\" role=\"presentation\" style=\"left: 884.673px; top: 1120.16px; font-size: 11.6667px; font-family: sans-serif; transform: scaleX(0.883485);\">Maksimum et kal\u0131nl\u0131\u011f\u0131: 3,2mm<\/span><\/p>\n","protected":false},"featured_media":13052,"comment_status":"open","ping_status":"closed","template":"","meta":{"_acf_changed":false},"product_brand":[1495],"product_cat":[826],"product_tag":[],"class_list":{"0":"post-13053","1":"product","2":"type-product","3":"status-publish","4":"has-post-thumbnail","6":"product_brand-virax","7":"product_cat-celik-boru-kesiciler","9":"first","10":"instock","11":"taxable","12":"shipping-taxable","13":"purchasable","14":"product-type-simple","15":"add-to-wishlist-after_add_to_cart"},"acf":[],"_links":{"self":[{"href":"https:\/\/www.makitamarket.com.tr\/site\/wp-json\/wp\/v2\/product\/13053","targetHints":{"allow":["GET"]}}],"collection":[{"href":"https:\/\/www.makitamarket.com.tr\/site\/wp-json\/wp\/v2\/product"}],"about":[{"href":"https:\/\/www.makitamarket.com.tr\/site\/wp-json\/wp\/v2\/types\/product"}],"replies":[{"embeddable":true,"href":"https:\/\/www.makitamarket.com.tr\/site\/wp-json\/wp\/v2\/comments?post=13053"}],"wp:featuredmedia":[{"embeddable":true,"href":"https:\/\/www.makitamarket.com.tr\/site\/wp-json\/wp\/v2\/media\/13052"}],"wp:attachment":[{"href":"https:\/\/www.makitamarket.com.tr\/site\/wp-json\/wp\/v2\/media?parent=13053"}],"wp:term":[{"taxonomy":"product_brand","embeddable":true,"href":"https:\/\/www.makitamarket.com.tr\/site\/wp-json\/wp\/v2\/product_brand?post=13053"},{"taxonomy":"product_cat","embeddable":true,"href":"https:\/\/www.makitamarket.com.tr\/site\/wp-json\/wp\/v2\/product_cat?post=13053"},{"taxonomy":"product_tag","embeddable":true,"href":"https:\/\/www.makitamarket.com.tr\/site\/wp-json\/wp\/v2\/product_tag?post=13053"}],"curies":[{"name":"wp","href":"https:\/\/api.w.org\/{rel}","templated":true}]}}