{"id":13055,"date":"2024-11-28T00:39:14","date_gmt":"2024-11-27T21:39:14","guid":{"rendered":"https:\/\/www.makitamarket.com.tr\/site\/urun\/knipex-pense-anahtari-xs\/"},"modified":"2026-03-30T08:29:32","modified_gmt":"2026-03-30T05:29:32","slug":"knipex-pense-anahtari-xs","status":"publish","type":"product","link":"https:\/\/www.makitamarket.com.tr\/site\/urun\/knipex-pense-anahtari-xs\/","title":{"rendered":"Knipex 8604100 PENSE ANAHTARI XS"},"content":{"rendered":"<p><b>86 04 100 Pense Anahtar\u0131 XS<\/b><br \/>En dar alanlarda bile optimum eri\u015fim: \u00e7ok ince ba\u015f k\u0131sm\u0131na sahip kompakt tasar\u0131m. Tek elle ince ayar. Farkl\u0131 ebattaki malzemeler i\u00e7in kayd\u0131rarak malzeme \u00f6l\u00e7\u00fcs\u00fcne h\u0131zl\u0131ca ayarlanabilme \u00f6zelli\u011fi. Sadece 100 mm alet uzunlu\u011fuyla \u00fcst\u00fcn kavrama kapasitesi: Paralel \u00e7ene a\u00e7\u0131kl\u0131\u011f\u0131 21 mm\u2019ye kadar \u00e7al\u0131\u015fma imkan\u0131 sa\u011flar. G\u00fc\u00e7l\u00fc mafsal tasar\u0131m\u0131 y\u00fcksek dayan\u0131kl\u0131l\u0131k sa\u011flar. Hassas ba\u011flant\u0131 par\u00e7alar\u0131 ve y\u00fczey kaplamal\u0131 par\u00e7alar\u0131n nazik\u00e7e montaj\u0131 i\u00e7in p\u00fcr\u00fczs\u00fcz \u00e7eneler: P\u00fcr\u00fczs\u00fcz tam y\u00fczey sayesinde do\u011frudan krom kaplamalarda kullan\u0131labilir. \u00c7ok y\u00f6nl\u00fc uygulama alan\u0131: Hassas m\u00fchendislik i\u015fleri, tesisat, her bisiklet veya motosiklet ara\u00e7 setinin ayr\u0131lmaz par\u00e7as\u0131, genel kullan\u0131m, maket yap\u0131m\u0131. Parmaklar\u0131n s\u0131k\u0131\u015fmas\u0131n\u0131 \u00f6nleyen tasar\u0131ma sahiptir. 10 ayar konumu sayesinde hassas konumlama. <\/p>\n<li><b>Ayar pozisyonu: <\/b>10<\/li>\n<li><b>Somun ve anahtar \u00f6l\u00e7\u00fcs\u00fc kapasitesi: <\/b>\u00d8 034<\/li>\n<li><b>Somun ve anahtar \u00f6l\u00e7\u00fcs\u00fc kapasitesi: <\/b>21 mm<\/li>\n<table>\n<tr>\n<td>Uzunluk<\/td>\n<td>100<\/td>\n<\/tr>\n<tr>\n<td>Somun \u00d6l\u00e7\u00fcs\u00fc<\/td>\n<td>21mm (\u00d83\/4&#8243;)<\/td>\n<\/tr>\n<tr>\n<td>Ayar Pozisyonu<\/td>\n<td>10<\/td>\n<\/tr>\n<\/table>\n","protected":false},"excerpt":{"rendered":"<p><b>86 04 100 Pense Anahtar\u0131 XS<\/b><br \/>En dar alanlarda bile optimum eri\u015fim: \u00e7ok ince ba\u015f k\u0131sm\u0131na sahip kompakt tasar\u0131m. Tek elle ince ayar. Farkl\u0131 ebattaki malzemeler i\u00e7in kayd\u0131rarak malzeme \u00f6l\u00e7\u00fcs\u00fcne h\u0131zl\u0131ca ayarlanabilme \u00f6zelli\u011fi. Sadece 100 mm alet uzunlu\u011fuyla \u00fcst\u00fcn kavrama kapasitesi: Paralel \u00e7ene a\u00e7\u0131kl\u0131\u011f\u0131 21 mm\u2019ye kadar \u00e7al\u0131\u015fma imkan\u0131 sa\u011flar. G\u00fc\u00e7l\u00fc mafsal tasar\u0131m\u0131 y\u00fcksek dayan\u0131kl\u0131l\u0131k sa\u011flar. Hassas ba\u011flant\u0131 par\u00e7alar\u0131 ve y\u00fczey kaplamal\u0131 par\u00e7alar\u0131n nazik\u00e7e montaj\u0131 i\u00e7in p\u00fcr\u00fczs\u00fcz \u00e7eneler: P\u00fcr\u00fczs\u00fcz tam y\u00fczey sayesinde do\u011frudan krom kaplamalarda kullan\u0131labilir. \u00c7ok y\u00f6nl\u00fc uygulama alan\u0131: Hassas m\u00fchendislik i\u015fleri, tesisat, her bisiklet veya motosiklet ara\u00e7 setinin ayr\u0131lmaz par\u00e7as\u0131, genel kullan\u0131m, maket yap\u0131m\u0131. Parmaklar\u0131n s\u0131k\u0131\u015fmas\u0131n\u0131 \u00f6nleyen tasar\u0131ma sahiptir. 10 ayar konumu sayesinde hassas konumlama. <\/p>\n<li><b>Ayar pozisyonu: <\/b>10<\/li>\n<li><b>Somun ve anahtar \u00f6l\u00e7\u00fcs\u00fc kapasitesi: <\/b>\u00d8 034<\/li>\n<li><b>Somun ve anahtar \u00f6l\u00e7\u00fcs\u00fc kapasitesi: <\/b>21 mm<\/li>\n","protected":false},"featured_media":13054,"comment_status":"open","ping_status":"closed","template":"","meta":{"_acf_changed":false},"product_brand":[1486],"product_cat":[1062],"product_tag":[],"class_list":{"0":"post-13055","1":"product","2":"type-product","3":"status-publish","4":"has-post-thumbnail","6":"product_brand-knipex","7":"product_cat-duz-cene-ayarli-penseler","9":"first","10":"instock","11":"taxable","12":"shipping-taxable","13":"purchasable","14":"product-type-simple","15":"add-to-wishlist-after_add_to_cart"},"acf":[],"_links":{"self":[{"href":"https:\/\/www.makitamarket.com.tr\/site\/wp-json\/wp\/v2\/product\/13055","targetHints":{"allow":["GET"]}}],"collection":[{"href":"https:\/\/www.makitamarket.com.tr\/site\/wp-json\/wp\/v2\/product"}],"about":[{"href":"https:\/\/www.makitamarket.com.tr\/site\/wp-json\/wp\/v2\/types\/product"}],"replies":[{"embeddable":true,"href":"https:\/\/www.makitamarket.com.tr\/site\/wp-json\/wp\/v2\/comments?post=13055"}],"wp:featuredmedia":[{"embeddable":true,"href":"https:\/\/www.makitamarket.com.tr\/site\/wp-json\/wp\/v2\/media\/13054"}],"wp:attachment":[{"href":"https:\/\/www.makitamarket.com.tr\/site\/wp-json\/wp\/v2\/media?parent=13055"}],"wp:term":[{"taxonomy":"product_brand","embeddable":true,"href":"https:\/\/www.makitamarket.com.tr\/site\/wp-json\/wp\/v2\/product_brand?post=13055"},{"taxonomy":"product_cat","embeddable":true,"href":"https:\/\/www.makitamarket.com.tr\/site\/wp-json\/wp\/v2\/product_cat?post=13055"},{"taxonomy":"product_tag","embeddable":true,"href":"https:\/\/www.makitamarket.com.tr\/site\/wp-json\/wp\/v2\/product_tag?post=13055"}],"curies":[{"name":"wp","href":"https:\/\/api.w.org\/{rel}","templated":true}]}}