{"id":13067,"date":"2024-11-28T00:39:17","date_gmt":"2024-11-27T21:39:17","guid":{"rendered":"https:\/\/www.makitamarket.com.tr\/site\/urun\/edn-kw-agac-testere-250x3-2x30mm-60-dis\/"},"modified":"2026-04-13T20:33:12","modified_gmt":"2026-04-13T17:33:12","slug":"edn-kw-agac-testere-250x3-2x30mm-60-dis","status":"publish","type":"product","link":"https:\/\/www.makitamarket.com.tr\/site\/urun\/edn-kw-agac-testere-250x3-2x30mm-60-dis\/","title":{"rendered":"Edn KW 250 KW A\u011eA\u00c7 TESTERE 250&#215;3.2x30mm 60 D\u0130\u015e"},"content":{"rendered":"<div>\n\t<strong>\u2022<\/strong> Lazer genle\u015fme olukludur. <strong>\u2022<\/strong> Ses ve g\u00fcr\u00fclt\u00fcc\u00fc azalt\u0131c\u0131 kanallar bulunur. <strong>\u2022<\/strong> Boylamas\u0131na kesim yapabilir. <strong>\u2022<\/strong> Do\u011fal ah\u015fap sert ve yumu\u015fak malzeme <strong>\u2022<\/strong> Suntalar,panel kaplamalar <strong>\u2022<\/strong> Al\u00e7\u0131 paneller,sert y\u00fcn paneller <strong>\u2022<\/strong> Re\u00e7ine emdirilmi\u015f ka\u011f\u0131t ve kuma\u015f <strong>\u2022<\/strong> Panel malzeme tek y\u00fczeyi vernikli plastik kapl\u0131<\/div>\n<table>\n<tr>\n<td>\u00c7ap<\/td>\n<td>250<\/td>\n<\/tr>\n<tr>\n<td>G\u00f6bek<\/td>\n<td>30<\/td>\n<\/tr>\n<tr>\n<td>Kal\u0131nl\u0131k<\/td>\n<td>3,2<\/td>\n<\/tr>\n<tr>\n<td>Di\u015f<\/td>\n<td>60 di\u015f<\/td>\n<\/tr>\n<\/table>\n","protected":false},"excerpt":{"rendered":"<div>\n\t<strong>\u2022<\/strong> Lazer genle\u015fme olukludur. <strong>\u2022<\/strong> Ses ve g\u00fcr\u00fclt\u00fcc\u00fc azalt\u0131c\u0131 kanallar bulunur. <strong>\u2022<\/strong> Boylamas\u0131na kesim yapabilir. <strong>\u2022<\/strong> Do\u011fal ah\u015fap sert ve yumu\u015fak malzeme <strong>\u2022<\/strong> Suntalar,panel kaplamalar <strong>\u2022<\/strong> Al\u00e7\u0131 paneller,sert y\u00fcn paneller <strong>\u2022<\/strong> Re\u00e7ine emdirilmi\u015f ka\u011f\u0131t ve kuma\u015f <strong>\u2022<\/strong> Panel malzeme tek y\u00fczeyi vernikli plastik kapl\u0131<\/div>\n","protected":false},"featured_media":13066,"comment_status":"open","ping_status":"closed","template":"","meta":{"_acf_changed":false},"product_brand":[1542],"product_cat":[1050],"product_tag":[],"class_list":{"0":"post-13067","1":"product","2":"type-product","3":"status-publish","4":"has-post-thumbnail","6":"product_brand-edn","7":"product_cat-ahsap-daire-testereler","9":"first","10":"instock","11":"taxable","12":"shipping-taxable","13":"purchasable","14":"product-type-simple","15":"add-to-wishlist-after_add_to_cart"},"acf":[],"_links":{"self":[{"href":"https:\/\/www.makitamarket.com.tr\/site\/wp-json\/wp\/v2\/product\/13067","targetHints":{"allow":["GET"]}}],"collection":[{"href":"https:\/\/www.makitamarket.com.tr\/site\/wp-json\/wp\/v2\/product"}],"about":[{"href":"https:\/\/www.makitamarket.com.tr\/site\/wp-json\/wp\/v2\/types\/product"}],"replies":[{"embeddable":true,"href":"https:\/\/www.makitamarket.com.tr\/site\/wp-json\/wp\/v2\/comments?post=13067"}],"wp:featuredmedia":[{"embeddable":true,"href":"https:\/\/www.makitamarket.com.tr\/site\/wp-json\/wp\/v2\/media\/13066"}],"wp:attachment":[{"href":"https:\/\/www.makitamarket.com.tr\/site\/wp-json\/wp\/v2\/media?parent=13067"}],"wp:term":[{"taxonomy":"product_brand","embeddable":true,"href":"https:\/\/www.makitamarket.com.tr\/site\/wp-json\/wp\/v2\/product_brand?post=13067"},{"taxonomy":"product_cat","embeddable":true,"href":"https:\/\/www.makitamarket.com.tr\/site\/wp-json\/wp\/v2\/product_cat?post=13067"},{"taxonomy":"product_tag","embeddable":true,"href":"https:\/\/www.makitamarket.com.tr\/site\/wp-json\/wp\/v2\/product_tag?post=13067"}],"curies":[{"name":"wp","href":"https:\/\/api.w.org\/{rel}","templated":true}]}}