{"id":13121,"date":"2024-11-28T00:40:17","date_gmt":"2024-11-27T21:40:17","guid":{"rendered":"https:\/\/www.makitamarket.com.tr\/site\/urun\/knipex-plastik-boru-makasi-185-mm\/"},"modified":"2026-04-06T14:20:58","modified_gmt":"2026-04-06T11:20:58","slug":"knipex-plastik-boru-makasi-185-mm","status":"publish","type":"product","link":"https:\/\/www.makitamarket.com.tr\/site\/urun\/knipex-plastik-boru-makasi-185-mm\/","title":{"rendered":"Knipex 9020185 PLAST\u0130K BORU MAKASI 185 mm"},"content":{"rendered":"<p><b>90 20 185 KNIPEX PlastiCut\u00ae<\/b><br \/>\u0130nce plastik borular\u0131, hortumlar\u0131, tekstil takviyeli 25mm&#8217;e kadar olan borular\u0131 kesmek i\u00e7in. De\u011fi\u015ftirilebilir b\u0131\u00e7ak. A\u00e7ma yay\u0131 ve blokaj mandal\u0131 ile. Cam elyaf takviyeli plastikten yap\u0131lm\u0131\u015f ergonomik tutamaklar. Kablo kesimi i\u00e7in uygun de\u011fildir. <\/p>\n<li><b>Kesme kapasiteleri (\u00e7ap): <\/b>\u00d8 25 mm<\/li>\n<li><b>B\u0131\u00e7ak boyu mm: <\/b>\u00d8 25 mm<\/li>\n<table>\n<tr>\n<td>Sap<\/td>\n<td>Plastik Sap<\/td>\n<\/tr>\n<tr>\n<td>Kesme Kapasitesi<\/td>\n<td>25mm<\/td>\n<\/tr>\n<tr>\n<td>Kafa<\/td>\n<td>Krom<\/td>\n<\/tr>\n<tr>\n<td>Uzunluk<\/td>\n<td>185<\/td>\n<\/tr>\n<tr>\n<td>A\u011f\u0131rl\u0131k<\/td>\n<td>172 gr<\/td>\n<\/tr>\n<\/table>\n","protected":false},"excerpt":{"rendered":"<p><b>90 20 185 KNIPEX PlastiCut\u00ae<\/b><br \/>\u0130nce plastik borular\u0131, hortumlar\u0131, tekstil takviyeli 25mm&#8217;e kadar olan borular\u0131 kesmek i\u00e7in. De\u011fi\u015ftirilebilir b\u0131\u00e7ak. A\u00e7ma yay\u0131 ve blokaj mandal\u0131 ile. Cam elyaf takviyeli plastikten yap\u0131lm\u0131\u015f ergonomik tutamaklar. Kablo kesimi i\u00e7in uygun de\u011fildir. <\/p>\n<li><b>Kesme kapasiteleri (\u00e7ap): <\/b>\u00d8 25 mm<\/li>\n<li><b>B\u0131\u00e7ak boyu mm: <\/b>\u00d8 25 mm<\/li>\n","protected":false},"featured_media":13120,"comment_status":"open","ping_status":"closed","template":"","meta":{"_acf_changed":false},"product_brand":[1486],"product_cat":[1163],"product_tag":[],"class_list":{"0":"post-13121","1":"product","2":"type-product","3":"status-publish","4":"has-post-thumbnail","6":"product_brand-knipex","7":"product_cat-plastik-boru-kesiciler-ve-bicaklar","9":"first","10":"outofstock","11":"taxable","12":"shipping-taxable","13":"purchasable","14":"product-type-simple","15":"add-to-wishlist-after_add_to_cart"},"acf":[],"_links":{"self":[{"href":"https:\/\/www.makitamarket.com.tr\/site\/wp-json\/wp\/v2\/product\/13121","targetHints":{"allow":["GET"]}}],"collection":[{"href":"https:\/\/www.makitamarket.com.tr\/site\/wp-json\/wp\/v2\/product"}],"about":[{"href":"https:\/\/www.makitamarket.com.tr\/site\/wp-json\/wp\/v2\/types\/product"}],"replies":[{"embeddable":true,"href":"https:\/\/www.makitamarket.com.tr\/site\/wp-json\/wp\/v2\/comments?post=13121"}],"wp:featuredmedia":[{"embeddable":true,"href":"https:\/\/www.makitamarket.com.tr\/site\/wp-json\/wp\/v2\/media\/13120"}],"wp:attachment":[{"href":"https:\/\/www.makitamarket.com.tr\/site\/wp-json\/wp\/v2\/media?parent=13121"}],"wp:term":[{"taxonomy":"product_brand","embeddable":true,"href":"https:\/\/www.makitamarket.com.tr\/site\/wp-json\/wp\/v2\/product_brand?post=13121"},{"taxonomy":"product_cat","embeddable":true,"href":"https:\/\/www.makitamarket.com.tr\/site\/wp-json\/wp\/v2\/product_cat?post=13121"},{"taxonomy":"product_tag","embeddable":true,"href":"https:\/\/www.makitamarket.com.tr\/site\/wp-json\/wp\/v2\/product_tag?post=13121"}],"curies":[{"name":"wp","href":"https:\/\/api.w.org\/{rel}","templated":true}]}}