{"id":13123,"date":"2024-11-28T00:40:20","date_gmt":"2024-11-27T21:40:20","guid":{"rendered":"https:\/\/www.makitamarket.com.tr\/site\/urun\/makita-kapakli-alet-cantasi\/"},"modified":"2026-03-30T08:30:38","modified_gmt":"2026-03-30T05:30:38","slug":"makita-kapakli-alet-cantasi","status":"publish","type":"product","link":"https:\/\/www.makitamarket.com.tr\/site\/urun\/makita-kapakli-alet-cantasi\/","title":{"rendered":"Makita P-81636 KAPAKLI ALET \u00c7ANTASI"},"content":{"rendered":"<p>\u0130ki taraftan geni\u015f kapak<\/p>\n<p> \u00c7anta i\u00e7erisinde kolay eri\u015fim<\/p>\n<p> Hava emi\u015fli 3L kuma\u015f<\/p>\n<p> Omuz pedli ta\u015f\u0131ma ask\u0131s\u0131<\/p>\n<p> D\u0131\u015ftan sert plastik taban<\/p>\n<p> El ergonomisine sahip tutamak<\/p>\n<p> Sa\u011f sola oynayabilen el tutama\u011f\u0131<\/p>\n<p> El aletleri i\u00e7in lastik bant<\/p>\n<p> Nizami yerle\u015fim i\u00e7in \u00f6zel b\u00f6lmeler<\/p>\n<p> G\u00f6r\u00fcnebilen i\u015flemeli MAK\u0130TA logosu<\/p>\n<table><\/table>\n","protected":false},"excerpt":{"rendered":"<p>\u0130ki taraftan geni\u015f kapak<\/p>\n<p> \u00c7anta i\u00e7erisinde kolay eri\u015fim<\/p>\n<p> Hava emi\u015fli 3L kuma\u015f<\/p>\n<p> Omuz pedli ta\u015f\u0131ma ask\u0131s\u0131<\/p>\n<p> D\u0131\u015ftan sert plastik taban<\/p>\n<p> El ergonomisine sahip tutamak<\/p>\n<p> Sa\u011f sola oynayabilen el tutama\u011f\u0131<\/p>\n<p> El aletleri i\u00e7in lastik bant<\/p>\n<p> Nizami yerle\u015fim i\u00e7in \u00f6zel b\u00f6lmeler<\/p>\n<p> G\u00f6r\u00fcnebilen i\u015flemeli MAK\u0130TA logosu<\/p>\n","protected":false},"featured_media":13122,"comment_status":"open","ping_status":"closed","template":"","meta":{"_acf_changed":false},"product_brand":[1485],"product_cat":[1169],"product_tag":[],"class_list":{"0":"post-13123","1":"product","2":"type-product","3":"status-publish","4":"has-post-thumbnail","6":"product_brand-makita","7":"product_cat-tasima-ekipmanlari","9":"first","10":"instock","11":"taxable","12":"shipping-taxable","13":"purchasable","14":"product-type-simple","15":"add-to-wishlist-after_add_to_cart"},"acf":[],"_links":{"self":[{"href":"https:\/\/www.makitamarket.com.tr\/site\/wp-json\/wp\/v2\/product\/13123","targetHints":{"allow":["GET"]}}],"collection":[{"href":"https:\/\/www.makitamarket.com.tr\/site\/wp-json\/wp\/v2\/product"}],"about":[{"href":"https:\/\/www.makitamarket.com.tr\/site\/wp-json\/wp\/v2\/types\/product"}],"replies":[{"embeddable":true,"href":"https:\/\/www.makitamarket.com.tr\/site\/wp-json\/wp\/v2\/comments?post=13123"}],"wp:featuredmedia":[{"embeddable":true,"href":"https:\/\/www.makitamarket.com.tr\/site\/wp-json\/wp\/v2\/media\/13122"}],"wp:attachment":[{"href":"https:\/\/www.makitamarket.com.tr\/site\/wp-json\/wp\/v2\/media?parent=13123"}],"wp:term":[{"taxonomy":"product_brand","embeddable":true,"href":"https:\/\/www.makitamarket.com.tr\/site\/wp-json\/wp\/v2\/product_brand?post=13123"},{"taxonomy":"product_cat","embeddable":true,"href":"https:\/\/www.makitamarket.com.tr\/site\/wp-json\/wp\/v2\/product_cat?post=13123"},{"taxonomy":"product_tag","embeddable":true,"href":"https:\/\/www.makitamarket.com.tr\/site\/wp-json\/wp\/v2\/product_tag?post=13123"}],"curies":[{"name":"wp","href":"https:\/\/api.w.org\/{rel}","templated":true}]}}