{"id":13127,"date":"2024-11-28T00:40:21","date_gmt":"2024-11-27T21:40:21","guid":{"rendered":"https:\/\/www.makitamarket.com.tr\/site\/urun\/knipex-plastik-yan-keski-160-mm\/"},"modified":"2026-04-06T15:14:12","modified_gmt":"2026-04-06T12:14:12","slug":"knipex-plastik-yan-keski-160-mm","status":"publish","type":"product","link":"https:\/\/www.makitamarket.com.tr\/site\/urun\/knipex-plastik-yan-keski-160-mm\/","title":{"rendered":"Knipex 7201160 PLAST\u0130K YAN KESK\u0130 160 mm"},"content":{"rendered":"<p><b>72 01 160 Plastik Yan Keski<\/b><br \/>D\u00fcz ta\u015flanm\u0131\u015f kesici y\u00fczeyleri. Enjeksiyon d\u00f6k\u00fcml\u00fc plastik par\u00e7alar ve enjeksiyon d\u00f6k\u00fcm art\u0131klar\u0131n\u0131 y\u00fczeyle ayn\u0131 hizada kesme i\u00e7in. Yumu\u015fak malzemeyi p\u00fcr\u00fcs\u00fcz olarak keser. A\u00e7ma yayl\u0131. %25 daha fazla kesme performans\u0131 ile olan iyile\u015ftirilmi\u015f aktarma oran\u0131. <\/p>\n<table>\n<tr>\n<td>Uzunluk<\/td>\n<td>160<\/td>\n<\/tr>\n<tr>\n<td>Form<\/td>\n<td>T\u0131rt\u0131ks\u0131z b\u0131\u00e7ak, Yayl\u0131<\/td>\n<\/tr>\n<tr>\n<td>Kafa<\/td>\n<td>Polisaj<\/td>\n<\/tr>\n<tr>\n<td>Sap<\/td>\n<td>\u0130nce \u0130zole<\/td>\n<\/tr>\n<tr>\n<td>A\u011f\u0131rl\u0131k<\/td>\n<td>164 gr<\/td>\n<\/tr>\n<\/table>\n","protected":false},"excerpt":{"rendered":"<p><b>72 01 160 Plastik Yan Keski<\/b><br \/>D\u00fcz ta\u015flanm\u0131\u015f kesici y\u00fczeyleri. Enjeksiyon d\u00f6k\u00fcml\u00fc plastik par\u00e7alar ve enjeksiyon d\u00f6k\u00fcm art\u0131klar\u0131n\u0131 y\u00fczeyle ayn\u0131 hizada kesme i\u00e7in. Yumu\u015fak malzemeyi p\u00fcr\u00fcs\u00fcz olarak keser. A\u00e7ma yayl\u0131. %25 daha fazla kesme performans\u0131 ile olan iyile\u015ftirilmi\u015f aktarma oran\u0131. <\/p>\n","protected":false},"featured_media":15019,"comment_status":"open","ping_status":"closed","template":"","meta":{"_acf_changed":false},"product_brand":[1486],"product_cat":[1161],"product_tag":[],"class_list":{"0":"post-13127","1":"product","2":"type-product","3":"status-publish","4":"has-post-thumbnail","6":"product_brand-knipex","7":"product_cat-yan-keskiler","9":"first","10":"outofstock","11":"taxable","12":"shipping-taxable","13":"purchasable","14":"product-type-simple","15":"add-to-wishlist-after_add_to_cart"},"acf":[],"_links":{"self":[{"href":"https:\/\/www.makitamarket.com.tr\/site\/wp-json\/wp\/v2\/product\/13127","targetHints":{"allow":["GET"]}}],"collection":[{"href":"https:\/\/www.makitamarket.com.tr\/site\/wp-json\/wp\/v2\/product"}],"about":[{"href":"https:\/\/www.makitamarket.com.tr\/site\/wp-json\/wp\/v2\/types\/product"}],"replies":[{"embeddable":true,"href":"https:\/\/www.makitamarket.com.tr\/site\/wp-json\/wp\/v2\/comments?post=13127"}],"wp:featuredmedia":[{"embeddable":true,"href":"https:\/\/www.makitamarket.com.tr\/site\/wp-json\/wp\/v2\/media\/15019"}],"wp:attachment":[{"href":"https:\/\/www.makitamarket.com.tr\/site\/wp-json\/wp\/v2\/media?parent=13127"}],"wp:term":[{"taxonomy":"product_brand","embeddable":true,"href":"https:\/\/www.makitamarket.com.tr\/site\/wp-json\/wp\/v2\/product_brand?post=13127"},{"taxonomy":"product_cat","embeddable":true,"href":"https:\/\/www.makitamarket.com.tr\/site\/wp-json\/wp\/v2\/product_cat?post=13127"},{"taxonomy":"product_tag","embeddable":true,"href":"https:\/\/www.makitamarket.com.tr\/site\/wp-json\/wp\/v2\/product_tag?post=13127"}],"curies":[{"name":"wp","href":"https:\/\/api.w.org\/{rel}","templated":true}]}}