{"id":13131,"date":"2024-11-28T00:40:22","date_gmt":"2024-11-27T21:40:22","guid":{"rendered":"https:\/\/www.makitamarket.com.tr\/site\/urun\/promax-zimpara-tas-motoru-175-mm\/"},"modified":"2025-07-11T20:31:03","modified_gmt":"2025-07-11T17:31:03","slug":"promax-zimpara-tas-motoru-175-mm","status":"publish","type":"product","link":"https:\/\/www.makitamarket.com.tr\/site\/urun\/promax-zimpara-tas-motoru-175-mm\/","title":{"rendered":"Promax PM71004 ZIMPARA TA\u015e MOTORU 175 mm"},"content":{"rendered":"<table>\n<tr>\n<td>\u00c7al\u0131\u015fma Voltaj\u0131<\/td>\n<td>220V.AC~50Hz<\/td>\n<\/tr>\n<tr>\n<td>Motor G\u00fcc\u00fc<\/td>\n<td>350 Watt.<\/td>\n<\/tr>\n<tr>\n<td>Devir H\u0131z\u0131<\/td>\n<td>3.560 ~ 2.840 d\/dak.<\/td>\n<\/tr>\n<tr>\n<td>Ta\u015f \u00d6l\u00e7\u00fcs\u00fc<\/td>\n<td>D\u0131\u015f \u00c7ap: \u00d8175 mm.  G\u00f6bek \u00c7ap\u0131:  \u00d820 mm.  Kal\u0131nl\u0131k: 20 mm.<\/td>\n<\/tr>\n<tr>\n<td>Net A\u011f\u0131rl\u0131k<\/td>\n<td>7.50 kg<\/td>\n<\/tr>\n<\/table>\n","protected":false},"excerpt":{"rendered":"<p>\u00c7al\u0131\u015fma Voltaj\u0131 220V.AC~50Hz Motor G\u00fcc\u00fc 350 Watt. Devir H\u0131z\u0131 3.560 ~ 2.840 d\/dak. Ta\u015f \u00d6l\u00e7\u00fcs\u00fc D\u0131\u015f \u00c7ap: \u00d8175 mm. G\u00f6bek \u00c7ap\u0131: \u00d820 mm. Kal\u0131nl\u0131k: 20 mm. Net A\u011f\u0131rl\u0131k 7.50 kg<\/p>\n","protected":false},"featured_media":13130,"comment_status":"open","ping_status":"closed","template":"","meta":{"_acf_changed":false},"product_brand":[],"product_cat":[1217],"product_tag":[],"class_list":{"0":"post-13131","1":"product","2":"type-product","3":"status-publish","4":"has-post-thumbnail","6":"product_cat-zimpara-tas-motorlari","8":"first","9":"outofstock","10":"taxable","11":"shipping-taxable","12":"purchasable","13":"product-type-simple","14":"add-to-wishlist-after_add_to_cart"},"acf":[],"_links":{"self":[{"href":"https:\/\/www.makitamarket.com.tr\/site\/wp-json\/wp\/v2\/product\/13131","targetHints":{"allow":["GET"]}}],"collection":[{"href":"https:\/\/www.makitamarket.com.tr\/site\/wp-json\/wp\/v2\/product"}],"about":[{"href":"https:\/\/www.makitamarket.com.tr\/site\/wp-json\/wp\/v2\/types\/product"}],"replies":[{"embeddable":true,"href":"https:\/\/www.makitamarket.com.tr\/site\/wp-json\/wp\/v2\/comments?post=13131"}],"wp:featuredmedia":[{"embeddable":true,"href":"https:\/\/www.makitamarket.com.tr\/site\/wp-json\/wp\/v2\/media\/13130"}],"wp:attachment":[{"href":"https:\/\/www.makitamarket.com.tr\/site\/wp-json\/wp\/v2\/media?parent=13131"}],"wp:term":[{"taxonomy":"product_brand","embeddable":true,"href":"https:\/\/www.makitamarket.com.tr\/site\/wp-json\/wp\/v2\/product_brand?post=13131"},{"taxonomy":"product_cat","embeddable":true,"href":"https:\/\/www.makitamarket.com.tr\/site\/wp-json\/wp\/v2\/product_cat?post=13131"},{"taxonomy":"product_tag","embeddable":true,"href":"https:\/\/www.makitamarket.com.tr\/site\/wp-json\/wp\/v2\/product_tag?post=13131"}],"curies":[{"name":"wp","href":"https:\/\/api.w.org\/{rel}","templated":true}]}}