{"id":13149,"date":"2024-11-28T15:33:54","date_gmt":"2024-11-28T12:33:54","guid":{"rendered":"https:\/\/www.makitamarket.com.tr\/site\/urun\/maxpower-montaj-cekici-35-mm\/"},"modified":"2025-11-16T07:05:49","modified_gmt":"2025-11-16T04:05:49","slug":"maxpower-montaj-cekici-35-mm","status":"publish","type":"product","link":"https:\/\/www.makitamarket.com.tr\/site\/urun\/maxpower-montaj-cekici-35-mm\/","title":{"rendered":"Maxpower MX35MT MONTAJ \u00c7EK\u0130C\u0130 35 mm"},"content":{"rendered":"<div id=\"cke_pastebin\">\n\t\u2022 F\u0131r\u0131nl\u0131 ve vernikli ah\u015fap sap.<\/div>\n<div id=\"cke_pastebin\">\n\t\u2022 Elektrostatik toz boya<\/div>\n<table>\n<tr>\n<td>\u00d6l\u00e7\u00fcs\u00fc<\/td>\n<td>35mm<\/td>\n<\/tr>\n<tr>\n<td>Sap<\/td>\n<td>Ah\u015fap Sapl\u0131<\/td>\n<\/tr>\n<tr>\n<td>Koli \u0130\u00e7i Adedi<\/td>\n<td>12 Ad.<\/td>\n<\/tr>\n<\/table>\n","protected":false},"excerpt":{"rendered":"<div id=\"cke_pastebin\">\n\t\u2022 F\u0131r\u0131nl\u0131 ve vernikli ah\u015fap sap.<\/div>\n<div id=\"cke_pastebin\">\n\t\u2022 Elektrostatik toz boya<\/div>\n","protected":false},"featured_media":13148,"comment_status":"open","ping_status":"closed","template":"","meta":{"_acf_changed":false},"product_brand":[1515],"product_cat":[1565],"product_tag":[],"class_list":{"0":"post-13149","1":"product","2":"type-product","3":"status-publish","4":"has-post-thumbnail","6":"product_brand-maxpower","7":"product_cat-yok-yok","9":"first","10":"outofstock","11":"taxable","12":"shipping-taxable","13":"purchasable","14":"product-type-simple","15":"add-to-wishlist-after_add_to_cart"},"acf":[],"_links":{"self":[{"href":"https:\/\/www.makitamarket.com.tr\/site\/wp-json\/wp\/v2\/product\/13149","targetHints":{"allow":["GET"]}}],"collection":[{"href":"https:\/\/www.makitamarket.com.tr\/site\/wp-json\/wp\/v2\/product"}],"about":[{"href":"https:\/\/www.makitamarket.com.tr\/site\/wp-json\/wp\/v2\/types\/product"}],"replies":[{"embeddable":true,"href":"https:\/\/www.makitamarket.com.tr\/site\/wp-json\/wp\/v2\/comments?post=13149"}],"wp:featuredmedia":[{"embeddable":true,"href":"https:\/\/www.makitamarket.com.tr\/site\/wp-json\/wp\/v2\/media\/13148"}],"wp:attachment":[{"href":"https:\/\/www.makitamarket.com.tr\/site\/wp-json\/wp\/v2\/media?parent=13149"}],"wp:term":[{"taxonomy":"product_brand","embeddable":true,"href":"https:\/\/www.makitamarket.com.tr\/site\/wp-json\/wp\/v2\/product_brand?post=13149"},{"taxonomy":"product_cat","embeddable":true,"href":"https:\/\/www.makitamarket.com.tr\/site\/wp-json\/wp\/v2\/product_cat?post=13149"},{"taxonomy":"product_tag","embeddable":true,"href":"https:\/\/www.makitamarket.com.tr\/site\/wp-json\/wp\/v2\/product_tag?post=13149"}],"curies":[{"name":"wp","href":"https:\/\/api.w.org\/{rel}","templated":true}]}}