{"id":13173,"date":"2024-11-28T15:33:59","date_gmt":"2024-11-28T12:33:59","guid":{"rendered":"https:\/\/www.makitamarket.com.tr\/site\/urun\/uni-t-lazer-metre\/"},"modified":"2026-04-06T17:57:53","modified_gmt":"2026-04-06T14:57:53","slug":"uni-t-lazer-metre","status":"publish","type":"product","link":"https:\/\/www.makitamarket.com.tr\/site\/urun\/uni-t-lazer-metre\/","title":{"rendered":"Uni-t LM70A LAZER METRE"},"content":{"rendered":"<table>\n<tr>\n<td>Mesafe<\/td>\n<td>70m<\/td>\n<\/tr>\n<tr>\n<td>Ekran tipi<\/td>\n<td>LCD<\/td>\n<\/tr>\n<tr>\n<td>Min. G\u00f6r\u00fcnt\u00fcleme<\/td>\n<td>0.001m<\/td>\n<\/tr>\n<tr>\n<td>\u00d6l\u00e7\u00fcm Birimleri<\/td>\n<td>m\/ft\/in<\/td>\n<\/tr>\n<tr>\n<td>Hassasiyet<\/td>\n<td>\u00b12mm<\/td>\n<\/tr>\n<tr>\n<td>Tek \u00d6l\u00e7\u00fcm<\/td>\n<td>\u221a<\/td>\n<\/tr>\n<tr>\n<td>S\u00fcrekli \u00d6l\u00e7\u00fcm<\/td>\n<td>\u221a<\/td>\n<\/tr>\n<tr>\n<td>Maks.\/Min.\/Alan<\/td>\n<td>\u221a<\/td>\n<\/tr>\n<tr>\n<td>Hacim<\/td>\n<td>\u221a<\/td>\n<\/tr>\n<tr>\n<td>Pisagor<\/td>\n<td>\u221a<\/td>\n<\/tr>\n<tr>\n<td>Ekleme\/\u00c7\u0131kartma<\/td>\n<td>\u221a<\/td>\n<\/tr>\n<tr>\n<td>Kendi Kendine Kalibre<\/td>\n<td>\u221a<\/td>\n<\/tr>\n<tr>\n<td>Veri Depolama<\/td>\n<td>99<\/td>\n<\/tr>\n<tr>\n<td>Otomatik Kapama<\/td>\n<td>\u00c7al\u0131\u015fmadan 3 Dk.<\/td>\n<\/tr>\n<tr>\n<td>Otomatik Lazer Kapama<\/td>\n<td>\u00c7al\u0131\u015fmadan 30 Sn.<\/td>\n<\/tr>\n<tr>\n<td>\u00c7al\u0131\u015fma S\u0131cakl\u0131\u011f\u0131<\/td>\n<td>0\u02daC~40\u02daC<\/td>\n<\/tr>\n<tr>\n<td>G\u00fc\u00e7<\/td>\n<td>1.5V Pil (LR03) x 2<\/td>\n<\/tr>\n<\/table>\n","protected":false},"excerpt":{"rendered":"<p>Mesafe 70m Ekran tipi LCD Min. G\u00f6r\u00fcnt\u00fcleme 0.001m \u00d6l\u00e7\u00fcm Birimleri m\/ft\/in Hassasiyet \u00b12mm Tek \u00d6l\u00e7\u00fcm \u221a S\u00fcrekli \u00d6l\u00e7\u00fcm \u221a Maks.\/Min.\/Alan \u221a Hacim \u221a Pisagor \u221a Ekleme\/\u00c7\u0131kartma \u221a Kendi Kendine Kalibre<\/p>\n","protected":false},"featured_media":22170,"comment_status":"open","ping_status":"closed","template":"","meta":{"_acf_changed":false},"product_brand":[1531],"product_cat":[754],"product_tag":[],"class_list":{"0":"post-13173","1":"product","2":"type-product","3":"status-publish","4":"has-post-thumbnail","6":"product_brand-uni-t","7":"product_cat-lazer-metreler","9":"first","10":"instock","11":"taxable","12":"shipping-taxable","13":"purchasable","14":"product-type-simple","15":"add-to-wishlist-after_add_to_cart"},"acf":[],"_links":{"self":[{"href":"https:\/\/www.makitamarket.com.tr\/site\/wp-json\/wp\/v2\/product\/13173","targetHints":{"allow":["GET"]}}],"collection":[{"href":"https:\/\/www.makitamarket.com.tr\/site\/wp-json\/wp\/v2\/product"}],"about":[{"href":"https:\/\/www.makitamarket.com.tr\/site\/wp-json\/wp\/v2\/types\/product"}],"replies":[{"embeddable":true,"href":"https:\/\/www.makitamarket.com.tr\/site\/wp-json\/wp\/v2\/comments?post=13173"}],"wp:featuredmedia":[{"embeddable":true,"href":"https:\/\/www.makitamarket.com.tr\/site\/wp-json\/wp\/v2\/media\/22170"}],"wp:attachment":[{"href":"https:\/\/www.makitamarket.com.tr\/site\/wp-json\/wp\/v2\/media?parent=13173"}],"wp:term":[{"taxonomy":"product_brand","embeddable":true,"href":"https:\/\/www.makitamarket.com.tr\/site\/wp-json\/wp\/v2\/product_brand?post=13173"},{"taxonomy":"product_cat","embeddable":true,"href":"https:\/\/www.makitamarket.com.tr\/site\/wp-json\/wp\/v2\/product_cat?post=13173"},{"taxonomy":"product_tag","embeddable":true,"href":"https:\/\/www.makitamarket.com.tr\/site\/wp-json\/wp\/v2\/product_tag?post=13173"}],"curies":[{"name":"wp","href":"https:\/\/api.w.org\/{rel}","templated":true}]}}