{"id":13175,"date":"2024-11-28T15:34:00","date_gmt":"2024-11-28T12:34:00","guid":{"rendered":"https:\/\/www.makitamarket.com.tr\/site\/urun\/knipex-kablo-siyirma-aleti-125-mm\/"},"modified":"2026-04-06T14:21:50","modified_gmt":"2026-04-06T11:21:50","slug":"knipex-kablo-siyirma-aleti-125-mm","status":"publish","type":"product","link":"https:\/\/www.makitamarket.com.tr\/site\/urun\/knipex-kablo-siyirma-aleti-125-mm\/","title":{"rendered":"Knipex 1665125SB KABLO SIYIRMA ALET\u0130 125 mm"},"content":{"rendered":"<p><b>16 65 125 SB Data Kablosu D\u0131\u015f K\u0131l\u0131f\u0131 Soyma Aleti<\/b><br \/>\u00c7aplar\u0131 \u00d8 4,5 ile 10,0 mm aras\u0131 olan UTP ve STP veri kablolar\u0131n\u0131n d\u0131\u015f k\u0131l\u0131flar\u0131n\u0131 soymak i\u00e7in. 0,2 \/ 0,3 \/ 0,8 \/ 1,5 \/ 2,5 \/ 4 mm\u00b2\u2019lik kesitler i\u00e7in izolasyon s\u0131y\u0131rma d\u00fczeni. \u0130ki par\u00e7al\u0131, a\u00e7\u0131labilir izolasyon s\u0131y\u0131rma aleti. A\u00e7ma yay\u0131 ve blokaj mandal\u0131 ile. G\u00fcvenli bir \u015fekilde saklanmas\u0131 i\u00e7in tespitleme klipsi. <\/p>\n<li><b>Kablo s\u0131y\u0131rma de\u011feri milimetrekare: <\/b>0,2 \u2014 4 mm\u00b2<\/li>\n<li><b>Kablo s\u0131y\u0131rma de\u011ferleri (\u00e7ap): <\/b>\u00d8 4,5 \u2013 10 mm<\/li>\n<li><b>Kablo tipi: <\/b>CAT 5, CAT 6, CAT 7, Twisted Pair (UTP\/STP) CAT 5, CAT 6, CAT 7, Twisted Pair (UTP\/STP)<\/li>\n<table>\n<tr>\n<td>Uzunluk<\/td>\n<td>125<\/td>\n<\/tr>\n<tr>\n<td>S\u0131y\u0131rma Kapasitesi<\/td>\n<td>UTP ve STP kablolar 4.5-10,  0.2,0.3,0.8,1.5,2.5,4mm2  kablo s\u0131y\u0131rma<\/td>\n<\/tr>\n<tr>\n<td>A\u011f\u0131rl\u0131k<\/td>\n<td>39 gr<\/td>\n<\/tr>\n<\/table>\n","protected":false},"excerpt":{"rendered":"<p><b>16 65 125 SB Data Kablosu D\u0131\u015f K\u0131l\u0131f\u0131 Soyma Aleti<\/b><br \/>\u00c7aplar\u0131 \u00d8 4,5 ile 10,0 mm aras\u0131 olan UTP ve STP veri kablolar\u0131n\u0131n d\u0131\u015f k\u0131l\u0131flar\u0131n\u0131 soymak i\u00e7in. 0,2 \/ 0,3 \/ 0,8 \/ 1,5 \/ 2,5 \/ 4 mm\u00b2\u2019lik kesitler i\u00e7in izolasyon s\u0131y\u0131rma d\u00fczeni. \u0130ki par\u00e7al\u0131, a\u00e7\u0131labilir izolasyon s\u0131y\u0131rma aleti. A\u00e7ma yay\u0131 ve blokaj mandal\u0131 ile. G\u00fcvenli bir \u015fekilde saklanmas\u0131 i\u00e7in tespitleme klipsi. <\/p>\n<li><b>Kablo s\u0131y\u0131rma de\u011feri milimetrekare: <\/b>0,2 \u2014 4 mm\u00b2<\/li>\n<li><b>Kablo s\u0131y\u0131rma de\u011ferleri (\u00e7ap): <\/b>\u00d8 4,5 \u2013 10 mm<\/li>\n<li><b>Kablo tipi: <\/b>CAT 5, CAT 6, CAT 7, Twisted Pair (UTP\/STP) CAT 5, CAT 6, CAT 7, Twisted Pair (UTP\/STP)<\/li>\n","protected":false},"featured_media":13174,"comment_status":"open","ping_status":"closed","template":"","meta":{"_acf_changed":false},"product_brand":[1486],"product_cat":[991],"product_tag":[],"class_list":{"0":"post-13175","1":"product","2":"type-product","3":"status-publish","4":"has-post-thumbnail","6":"product_brand-knipex","7":"product_cat-kablo-siyirmalar","9":"first","10":"outofstock","11":"taxable","12":"shipping-taxable","13":"purchasable","14":"product-type-simple","15":"add-to-wishlist-after_add_to_cart"},"acf":[],"_links":{"self":[{"href":"https:\/\/www.makitamarket.com.tr\/site\/wp-json\/wp\/v2\/product\/13175","targetHints":{"allow":["GET"]}}],"collection":[{"href":"https:\/\/www.makitamarket.com.tr\/site\/wp-json\/wp\/v2\/product"}],"about":[{"href":"https:\/\/www.makitamarket.com.tr\/site\/wp-json\/wp\/v2\/types\/product"}],"replies":[{"embeddable":true,"href":"https:\/\/www.makitamarket.com.tr\/site\/wp-json\/wp\/v2\/comments?post=13175"}],"wp:featuredmedia":[{"embeddable":true,"href":"https:\/\/www.makitamarket.com.tr\/site\/wp-json\/wp\/v2\/media\/13174"}],"wp:attachment":[{"href":"https:\/\/www.makitamarket.com.tr\/site\/wp-json\/wp\/v2\/media?parent=13175"}],"wp:term":[{"taxonomy":"product_brand","embeddable":true,"href":"https:\/\/www.makitamarket.com.tr\/site\/wp-json\/wp\/v2\/product_brand?post=13175"},{"taxonomy":"product_cat","embeddable":true,"href":"https:\/\/www.makitamarket.com.tr\/site\/wp-json\/wp\/v2\/product_cat?post=13175"},{"taxonomy":"product_tag","embeddable":true,"href":"https:\/\/www.makitamarket.com.tr\/site\/wp-json\/wp\/v2\/product_tag?post=13175"}],"curies":[{"name":"wp","href":"https:\/\/api.w.org\/{rel}","templated":true}]}}