{"id":13179,"date":"2024-11-28T15:34:09","date_gmt":"2024-11-28T12:34:09","guid":{"rendered":"https:\/\/www.makitamarket.com.tr\/site\/urun\/knipex-celik-tel-kesme-190-mm\/"},"modified":"2026-04-06T14:21:51","modified_gmt":"2026-04-06T11:21:51","slug":"knipex-celik-tel-kesme-190-mm","status":"publish","type":"product","link":"https:\/\/www.makitamarket.com.tr\/site\/urun\/knipex-celik-tel-kesme-190-mm\/","title":{"rendered":"Knipex 9561190 \u00c7EL\u0130K TEL KESME 190 mm"},"content":{"rendered":"<p><b>95 61 190 \u00c7elik tel makas\u0131<\/b><br \/>Tel mekanizmalar\u0131n\u0131n u\u00e7lar\u0131n\u0131 s\u0131kmak i\u00e7in iki adet presleme profilleri ile. Kullan\u0131\u015fl\u0131 ve ince yap\u0131s\u0131 ve i\u00e7te bulunan a\u00e7ma yay\u0131 sayesinde konforlu \u00e7al\u0131\u015fma. B\u0131\u00e7a\u011f\u0131n hassas \u015fekilde k\u0131lavuzlanmas\u0131 i\u00e7in ayarlanabilir vidal\u0131 mafsal. Y\u00fcksek kuvvet aktar\u0131m\u0131. Kesici sertli\u011fi yakl. 64 HRC. <\/p>\n<li><b>Bak\u0131r kablo kesim de\u011feri, \u00e7ok telli: <\/b>10 mm\u00b2<\/li>\n<li><b>Bak\u0131r kablo kesim de\u011feri, \u00e7ok telli (\u00e7ap): <\/b>\u00d8 7,0 mm<\/li>\n<li><b>Bak\u0131r kablo kesim de\u011feri, ince telli (\u00e7ap): <\/b>\u00d8 6,0 mm<\/li>\n<li><b>\u00c7elik tel kesme de\u011feri (\u00e7ap): <\/b>\u00d8 5,0 mm<\/li>\n<li><b>Orta sert tel kesme de\u011feri (\u00e7ap): <\/b>\u00d8 4,0 mm<\/li>\n<li><b>Piyano tel kesme de\u011feri (\u00e7ap): <\/b>\u00d8 2,5 mm<\/li>\n<li><b>Demir kesme de\u011feri (\u00e7ap): <\/b>\u00d8 4 mm<\/li>\n<li><b>AWG: <\/b>8 <\/li>\n<table>\n<tr>\n<td>Sap<\/td>\n<td>\u0130nce \u0130zole<\/td>\n<\/tr>\n<tr>\n<td>Kafa<\/td>\n<td>Polisaj<\/td>\n<\/tr>\n<tr>\n<td>Uzunluk<\/td>\n<td>190<\/td>\n<\/tr>\n<tr>\n<td>\u00c7ok \u0130letkenli Kablo<\/td>\n<td>7 mm<\/td>\n<\/tr>\n<tr>\n<td>\u00c7elik Tel<\/td>\n<td>5 \u00f8mm\u00b2<\/td>\n<\/tr>\n<tr>\n<td>A\u011f\u0131rl\u0131k<\/td>\n<td>314 gr<\/td>\n<\/tr>\n<tr>\n<td>Orta Sert Tel<\/td>\n<td>4 \u00f8mm<\/td>\n<\/tr>\n<tr>\n<td>Piyano Tel<\/td>\n<td>2.5 \u00f8mm<\/td>\n<\/tr>\n<\/table>\n","protected":false},"excerpt":{"rendered":"<p><b>95 61 190 \u00c7elik tel makas\u0131<\/b><br \/>Tel mekanizmalar\u0131n\u0131n u\u00e7lar\u0131n\u0131 s\u0131kmak i\u00e7in iki adet presleme profilleri ile. Kullan\u0131\u015fl\u0131 ve ince yap\u0131s\u0131 ve i\u00e7te bulunan a\u00e7ma yay\u0131 sayesinde konforlu \u00e7al\u0131\u015fma. B\u0131\u00e7a\u011f\u0131n hassas \u015fekilde k\u0131lavuzlanmas\u0131 i\u00e7in ayarlanabilir vidal\u0131 mafsal. Y\u00fcksek kuvvet aktar\u0131m\u0131. Kesici sertli\u011fi yakl. 64 HRC. <\/p>\n<li><b>Bak\u0131r kablo kesim de\u011feri, \u00e7ok telli: <\/b>10 mm\u00b2<\/li>\n<li><b>Bak\u0131r kablo kesim de\u011feri, \u00e7ok telli (\u00e7ap): <\/b>\u00d8 7,0 mm<\/li>\n<li><b>Bak\u0131r kablo kesim de\u011feri, ince telli (\u00e7ap): <\/b>\u00d8 6,0 mm<\/li>\n<li><b>\u00c7elik tel kesme de\u011feri (\u00e7ap): <\/b>\u00d8 5,0 mm<\/li>\n<li><b>Orta sert tel kesme de\u011feri (\u00e7ap): <\/b>\u00d8 4,0 mm<\/li>\n<li><b>Piyano tel kesme de\u011feri (\u00e7ap): <\/b>\u00d8 2,5 mm<\/li>\n<li><b>Demir kesme de\u011feri (\u00e7ap): <\/b>\u00d8 4 mm<\/li>\n<li><b>AWG: <\/b>8 <\/li>\n","protected":false},"featured_media":13178,"comment_status":"open","ping_status":"closed","template":"","meta":{"_acf_changed":false},"product_brand":[1486],"product_cat":[884],"product_tag":[],"class_list":{"0":"post-13179","1":"product","2":"type-product","3":"status-publish","4":"has-post-thumbnail","6":"product_brand-knipex","7":"product_cat-celik-tel-ve-halat-kesme-makaslari","9":"first","10":"outofstock","11":"taxable","12":"shipping-taxable","13":"purchasable","14":"product-type-simple","15":"add-to-wishlist-after_add_to_cart"},"acf":[],"_links":{"self":[{"href":"https:\/\/www.makitamarket.com.tr\/site\/wp-json\/wp\/v2\/product\/13179","targetHints":{"allow":["GET"]}}],"collection":[{"href":"https:\/\/www.makitamarket.com.tr\/site\/wp-json\/wp\/v2\/product"}],"about":[{"href":"https:\/\/www.makitamarket.com.tr\/site\/wp-json\/wp\/v2\/types\/product"}],"replies":[{"embeddable":true,"href":"https:\/\/www.makitamarket.com.tr\/site\/wp-json\/wp\/v2\/comments?post=13179"}],"wp:featuredmedia":[{"embeddable":true,"href":"https:\/\/www.makitamarket.com.tr\/site\/wp-json\/wp\/v2\/media\/13178"}],"wp:attachment":[{"href":"https:\/\/www.makitamarket.com.tr\/site\/wp-json\/wp\/v2\/media?parent=13179"}],"wp:term":[{"taxonomy":"product_brand","embeddable":true,"href":"https:\/\/www.makitamarket.com.tr\/site\/wp-json\/wp\/v2\/product_brand?post=13179"},{"taxonomy":"product_cat","embeddable":true,"href":"https:\/\/www.makitamarket.com.tr\/site\/wp-json\/wp\/v2\/product_cat?post=13179"},{"taxonomy":"product_tag","embeddable":true,"href":"https:\/\/www.makitamarket.com.tr\/site\/wp-json\/wp\/v2\/product_tag?post=13179"}],"curies":[{"name":"wp","href":"https:\/\/api.w.org\/{rel}","templated":true}]}}