{"id":13187,"date":"2024-11-28T15:34:12","date_gmt":"2024-11-28T12:34:12","guid":{"rendered":"https:\/\/www.makitamarket.com.tr\/site\/urun\/topshop-freze-bicagi-12x33-mm\/"},"modified":"2026-03-30T09:45:24","modified_gmt":"2026-03-30T06:45:24","slug":"topshop-freze-bicagi-12x33-mm","status":"publish","type":"product","link":"https:\/\/www.makitamarket.com.tr\/site\/urun\/topshop-freze-bicagi-12x33-mm\/","title":{"rendered":"Topshop TH14446 FREZE BI\u00c7A\u011eI 12&#215;33 mm"},"content":{"rendered":"<p>\n\tRulmanl\u0131, \u00c7ift B\u0131\u00e7ak<\/p>\n<table>\n<tr>\n<td>\u00d6l\u00e7\u00fc<\/td>\n<td>D:12 mm, A1:33 mm, A2:11 mm, L1:50 mm, L2:3,5 mm<\/td>\n<\/tr>\n<tr>\n<td>Paket \u0130\u00e7i Adedi<\/td>\n<td>10<\/td>\n<\/tr>\n<\/table>\n","protected":false},"excerpt":{"rendered":"<p>\n\tRulmanl\u0131, \u00c7ift B\u0131\u00e7ak<\/p>\n","protected":false},"featured_media":17283,"comment_status":"open","ping_status":"closed","template":"","meta":{"_acf_changed":false},"product_brand":[1496],"product_cat":[1037],"product_tag":[],"class_list":{"0":"post-13187","1":"product","2":"type-product","3":"status-publish","4":"has-post-thumbnail","6":"product_brand-topshop","7":"product_cat-aksesuarlar-freze-bicaklari-ve-tas-menteseler","9":"first","10":"instock","11":"taxable","12":"shipping-taxable","13":"purchasable","14":"product-type-simple","15":"add-to-wishlist-after_add_to_cart"},"acf":[],"_links":{"self":[{"href":"https:\/\/www.makitamarket.com.tr\/site\/wp-json\/wp\/v2\/product\/13187","targetHints":{"allow":["GET"]}}],"collection":[{"href":"https:\/\/www.makitamarket.com.tr\/site\/wp-json\/wp\/v2\/product"}],"about":[{"href":"https:\/\/www.makitamarket.com.tr\/site\/wp-json\/wp\/v2\/types\/product"}],"replies":[{"embeddable":true,"href":"https:\/\/www.makitamarket.com.tr\/site\/wp-json\/wp\/v2\/comments?post=13187"}],"wp:featuredmedia":[{"embeddable":true,"href":"https:\/\/www.makitamarket.com.tr\/site\/wp-json\/wp\/v2\/media\/17283"}],"wp:attachment":[{"href":"https:\/\/www.makitamarket.com.tr\/site\/wp-json\/wp\/v2\/media?parent=13187"}],"wp:term":[{"taxonomy":"product_brand","embeddable":true,"href":"https:\/\/www.makitamarket.com.tr\/site\/wp-json\/wp\/v2\/product_brand?post=13187"},{"taxonomy":"product_cat","embeddable":true,"href":"https:\/\/www.makitamarket.com.tr\/site\/wp-json\/wp\/v2\/product_cat?post=13187"},{"taxonomy":"product_tag","embeddable":true,"href":"https:\/\/www.makitamarket.com.tr\/site\/wp-json\/wp\/v2\/product_tag?post=13187"}],"curies":[{"name":"wp","href":"https:\/\/api.w.org\/{rel}","templated":true}]}}