{"id":13194,"date":"2024-11-28T15:34:14","date_gmt":"2024-11-28T12:34:14","guid":{"rendered":"https:\/\/www.makitamarket.com.tr\/site\/urun\/knipex-segman-pensesi-200-mm\/"},"modified":"2026-04-06T14:21:57","modified_gmt":"2026-04-06T11:21:57","slug":"knipex-segman-pensesi-200-mm","status":"publish","type":"product","link":"https:\/\/www.makitamarket.com.tr\/site\/urun\/knipex-segman-pensesi-200-mm\/","title":{"rendered":"Knipex 4521200 SEGMAN PENSES\u0130 200 mm"},"content":{"rendered":"<p><b>45 21 200 Montaj pensesi<\/b><br \/>Tutma delikleri olmayan tesbit ve emniyetleme segmanlar\u0131n\u0131n montaj\u0131 i\u00e7in. Segmanlar i\u00e7in Merkezlemeli b\u00fck\u00fclm\u00fc\u015f \u00e7eneler. 12 mm \u00e7aptan itibaren standartlara uygun segmanlar i\u00e7in, \u00f6rne\u011fin bir otomobilin \u015fanz\u0131man\u0131nda mil segman\u0131 i\u00e7in. Halkalar\u0131n minimum a\u00e7\u0131kl\u0131\u011f\u0131 2,2 mm. <\/p>\n<table>\n<tr>\n<td>Sap<\/td>\n<td>\u0130nce \u0130zole<\/td>\n<\/tr>\n<tr>\n<td>Form<\/td>\n<td>Yayl\u0131<\/td>\n<\/tr>\n<tr>\n<td>Uzunluk<\/td>\n<td>200<\/td>\n<\/tr>\n<tr>\n<td>A\u011f\u0131rl\u0131k<\/td>\n<td>186 gr<\/td>\n<\/tr>\n<\/table>\n","protected":false},"excerpt":{"rendered":"<p><b>45 21 200 Montaj pensesi<\/b><br \/>Tutma delikleri olmayan tesbit ve emniyetleme segmanlar\u0131n\u0131n montaj\u0131 i\u00e7in. Segmanlar i\u00e7in Merkezlemeli b\u00fck\u00fclm\u00fc\u015f \u00e7eneler. 12 mm \u00e7aptan itibaren standartlara uygun segmanlar i\u00e7in, \u00f6rne\u011fin bir otomobilin \u015fanz\u0131man\u0131nda mil segman\u0131 i\u00e7in. Halkalar\u0131n minimum a\u00e7\u0131kl\u0131\u011f\u0131 2,2 mm. <\/p>\n","protected":false},"featured_media":13193,"comment_status":"open","ping_status":"closed","template":"","meta":{"_acf_changed":false},"product_brand":[1486],"product_cat":[811],"product_tag":[],"class_list":{"0":"post-13194","1":"product","2":"type-product","3":"status-publish","4":"has-post-thumbnail","6":"product_brand-knipex","7":"product_cat-segman-penseleri","9":"first","10":"instock","11":"taxable","12":"shipping-taxable","13":"purchasable","14":"product-type-simple","15":"add-to-wishlist-after_add_to_cart"},"acf":[],"_links":{"self":[{"href":"https:\/\/www.makitamarket.com.tr\/site\/wp-json\/wp\/v2\/product\/13194","targetHints":{"allow":["GET"]}}],"collection":[{"href":"https:\/\/www.makitamarket.com.tr\/site\/wp-json\/wp\/v2\/product"}],"about":[{"href":"https:\/\/www.makitamarket.com.tr\/site\/wp-json\/wp\/v2\/types\/product"}],"replies":[{"embeddable":true,"href":"https:\/\/www.makitamarket.com.tr\/site\/wp-json\/wp\/v2\/comments?post=13194"}],"wp:featuredmedia":[{"embeddable":true,"href":"https:\/\/www.makitamarket.com.tr\/site\/wp-json\/wp\/v2\/media\/13193"}],"wp:attachment":[{"href":"https:\/\/www.makitamarket.com.tr\/site\/wp-json\/wp\/v2\/media?parent=13194"}],"wp:term":[{"taxonomy":"product_brand","embeddable":true,"href":"https:\/\/www.makitamarket.com.tr\/site\/wp-json\/wp\/v2\/product_brand?post=13194"},{"taxonomy":"product_cat","embeddable":true,"href":"https:\/\/www.makitamarket.com.tr\/site\/wp-json\/wp\/v2\/product_cat?post=13194"},{"taxonomy":"product_tag","embeddable":true,"href":"https:\/\/www.makitamarket.com.tr\/site\/wp-json\/wp\/v2\/product_tag?post=13194"}],"curies":[{"name":"wp","href":"https:\/\/api.w.org\/{rel}","templated":true}]}}