{"id":13232,"date":"2024-11-28T18:14:14","date_gmt":"2024-11-28T15:14:14","guid":{"rendered":"https:\/\/www.makitamarket.com.tr\/site\/urun\/gison-gison-s4-havali-yan-keski-yedek-bicagi\/"},"modified":"2026-04-06T14:22:56","modified_gmt":"2026-04-06T11:22:56","slug":"gison-gison-s4-havali-yan-keski-yedek-bicagi","status":"publish","type":"product","link":"https:\/\/www.makitamarket.com.tr\/site\/urun\/gison-gison-s4-havali-yan-keski-yedek-bicagi\/","title":{"rendered":"Gison GP010S4 GISON S4 HAVALI YAN KESK\u0130 YEDEK BI\u00c7A\u011eI"},"content":{"rendered":"<table>\n<tr>\n<td>Kesme Kapasitesi<\/td>\n<td>Bak\u0131r Tel: 1.6 mm <br \/>Demir Tel: 1.0 mm<\/td>\n<\/tr>\n<tr>\n<td>Uyumlu Yankeski<\/td>\n<td>GP010<\/td>\n<\/tr>\n<\/table>\n","protected":false},"excerpt":{"rendered":"<p>Kesme Kapasitesi Bak\u0131r Tel: 1.6 mm Demir Tel: 1.0 mm Uyumlu Yankeski GP010<\/p>\n","protected":false},"featured_media":13231,"comment_status":"open","ping_status":"closed","template":"","meta":{"_acf_changed":false},"product_brand":[1512],"product_cat":[902],"product_tag":[],"class_list":{"0":"post-13232","1":"product","2":"type-product","3":"status-publish","4":"has-post-thumbnail","6":"product_brand-gison","7":"product_cat-havali-yankeskiler","9":"first","10":"instock","11":"taxable","12":"shipping-taxable","13":"purchasable","14":"product-type-simple","15":"add-to-wishlist-after_add_to_cart"},"acf":[],"_links":{"self":[{"href":"https:\/\/www.makitamarket.com.tr\/site\/wp-json\/wp\/v2\/product\/13232","targetHints":{"allow":["GET"]}}],"collection":[{"href":"https:\/\/www.makitamarket.com.tr\/site\/wp-json\/wp\/v2\/product"}],"about":[{"href":"https:\/\/www.makitamarket.com.tr\/site\/wp-json\/wp\/v2\/types\/product"}],"replies":[{"embeddable":true,"href":"https:\/\/www.makitamarket.com.tr\/site\/wp-json\/wp\/v2\/comments?post=13232"}],"wp:featuredmedia":[{"embeddable":true,"href":"https:\/\/www.makitamarket.com.tr\/site\/wp-json\/wp\/v2\/media\/13231"}],"wp:attachment":[{"href":"https:\/\/www.makitamarket.com.tr\/site\/wp-json\/wp\/v2\/media?parent=13232"}],"wp:term":[{"taxonomy":"product_brand","embeddable":true,"href":"https:\/\/www.makitamarket.com.tr\/site\/wp-json\/wp\/v2\/product_brand?post=13232"},{"taxonomy":"product_cat","embeddable":true,"href":"https:\/\/www.makitamarket.com.tr\/site\/wp-json\/wp\/v2\/product_cat?post=13232"},{"taxonomy":"product_tag","embeddable":true,"href":"https:\/\/www.makitamarket.com.tr\/site\/wp-json\/wp\/v2\/product_tag?post=13232"}],"curies":[{"name":"wp","href":"https:\/\/api.w.org\/{rel}","templated":true}]}}