{"id":13251,"date":"2024-11-28T18:14:22","date_gmt":"2024-11-28T15:14:22","guid":{"rendered":"https:\/\/www.makitamarket.com.tr\/site\/urun\/knipex-knipex-77-42-115-esd-elektronikci-yan-keski\/"},"modified":"2026-04-21T02:02:14","modified_gmt":"2026-04-20T23:02:14","slug":"knipex-knipex-77-42-115-esd-elektronikci-yan-keski","status":"publish","type":"product","link":"https:\/\/www.makitamarket.com.tr\/site\/urun\/knipex-knipex-77-42-115-esd-elektronikci-yan-keski\/","title":{"rendered":"Knipex 7742115ESD KNIPEX 77 42 115 ESD ELEKTRON\u0130K\u00c7\u0130 YAN KESK\u0130"},"content":{"rendered":"<p><b>77 42 115 Elektronik\u00e7i yan keski<\/b><br \/>Geri tepmesiz kutu mafsala sahip dayan\u0131kl\u0131, y\u00fck\u00fc optimize edilmi\u015f tasar\u0131m. \u0130nce yap\u0131l\u0131 pense kafas\u0131na do\u011fru uzat\u0131lm\u0131\u015f k\u0131l\u0131flar\u00fcr\u00fcn\u00fcn parmaklar aras\u0131nda g\u00fcvenli ve konforlu olarak \u00e7al\u0131\u015fmas\u0131n\u0131 sa\u011flar. \u00c7ok y\u00fcksek aktar\u0131m oran\u0131 sayesinde az kuvvet gerektirir. Y\u00fck optimziasyonu. Kontroll\u00fc a\u00e7\u0131l\u0131p kapanma i\u00e7in yayl\u0131 model. Ayna polisaj\u0131 ince ya\u011f tabakas\u0131 ile ba\u011flant\u0131l\u0131 olarak korozyona kar\u015f\u0131 iyi bir koruma sa\u011flar &#8211; d\u00f6k\u00fclen krom par\u00e7alar elektrik devresinde ar\u0131za ger\u00e7ekle\u015fmez. Kesiciler ek olarak lazerle sertle\u015ftirilmi\u015ftir, kesici sertli\u011fi en az 62 HRC&#8217;dir. P\u00fcr\u00fczs\u00fcz kesim sivri u\u00e7. <\/p>\n<li><b>Orta sert tel kesme de\u011feri (\u00e7ap): <\/b>\u00d8 0,8 mm<\/li>\n<li><b>Yumu\u015fak tel kesme de\u011feri (\u00e7ap): <\/b>\u00d8 0,3 \u2013 1,3 mm<\/li>\n<li><b>\u00c7ene uzunlu\u011fu (B): <\/b>14 mm<\/li>\n<li><b>\u00c7ene kal\u0131nl\u0131\u011f\u0131 (eklem) (D): <\/b>7,5 mm<\/li>\n<li><b>Kafa geni\u015fli\u011fi (A): <\/b>11 mm<\/li>\n<table>\n<tr>\n<td>Uzunluk<\/td>\n<td>115<\/td>\n<\/tr>\n<tr>\n<td>A\u011f\u0131rl\u0131k<\/td>\n<td>85 gr<\/td>\n<\/tr>\n<tr>\n<td>Yumu\u015fak Tel<\/td>\n<td>0.3-1.3 \u00f8mm<\/td>\n<\/tr>\n<tr>\n<td>Orta Sert Tel<\/td>\n<td>0.8 \u00f8mm<\/td>\n<\/tr>\n<tr>\n<td>b<\/td>\n<td>14.0 mm<\/td>\n<\/tr>\n<tr>\n<td>a<\/td>\n<td>11.0 mm<\/td>\n<\/tr>\n<tr>\n<td>D<\/td>\n<td>7.5 mm<\/td>\n<\/tr>\n<tr>\n<td>Form<\/td>\n<td>T\u0131rt\u0131ks\u0131z b\u0131\u00e7ak<\/td>\n<\/tr>\n<\/table>\n","protected":false},"excerpt":{"rendered":"<p><b>77 42 115 Elektronik\u00e7i yan keski<\/b><br \/>Geri tepmesiz kutu mafsala sahip dayan\u0131kl\u0131, y\u00fck\u00fc optimize edilmi\u015f tasar\u0131m. \u0130nce yap\u0131l\u0131 pense kafas\u0131na do\u011fru uzat\u0131lm\u0131\u015f k\u0131l\u0131flar\u00fcr\u00fcn\u00fcn parmaklar aras\u0131nda g\u00fcvenli ve konforlu olarak \u00e7al\u0131\u015fmas\u0131n\u0131 sa\u011flar. \u00c7ok y\u00fcksek aktar\u0131m oran\u0131 sayesinde az kuvvet gerektirir. Y\u00fck optimziasyonu. Kontroll\u00fc a\u00e7\u0131l\u0131p kapanma i\u00e7in yayl\u0131 model. Ayna polisaj\u0131 ince ya\u011f tabakas\u0131 ile ba\u011flant\u0131l\u0131 olarak korozyona kar\u015f\u0131 iyi bir koruma sa\u011flar &#8211; d\u00f6k\u00fclen krom par\u00e7alar elektrik devresinde ar\u0131za ger\u00e7ekle\u015fmez. Kesiciler ek olarak lazerle sertle\u015ftirilmi\u015ftir, kesici sertli\u011fi en az 62 HRC&#8217;dir. P\u00fcr\u00fczs\u00fcz kesim sivri u\u00e7. <\/p>\n<li><b>Orta sert tel kesme de\u011feri (\u00e7ap): <\/b>\u00d8 0,8 mm<\/li>\n<li><b>Yumu\u015fak tel kesme de\u011feri (\u00e7ap): <\/b>\u00d8 0,3 \u2013 1,3 mm<\/li>\n<li><b>\u00c7ene uzunlu\u011fu (B): <\/b>14 mm<\/li>\n<li><b>\u00c7ene kal\u0131nl\u0131\u011f\u0131 (eklem) (D): <\/b>7,5 mm<\/li>\n<li><b>Kafa geni\u015fli\u011fi (A): <\/b>11 mm<\/li>\n","protected":false},"featured_media":13250,"comment_status":"open","ping_status":"closed","template":"","meta":{"_acf_changed":false},"product_brand":[1486],"product_cat":[1161],"product_tag":[],"class_list":{"0":"post-13251","1":"product","2":"type-product","3":"status-publish","4":"has-post-thumbnail","6":"product_brand-knipex","7":"product_cat-yan-keskiler","9":"first","10":"instock","11":"taxable","12":"shipping-taxable","13":"purchasable","14":"product-type-simple","15":"add-to-wishlist-after_add_to_cart"},"acf":[],"_links":{"self":[{"href":"https:\/\/www.makitamarket.com.tr\/site\/wp-json\/wp\/v2\/product\/13251","targetHints":{"allow":["GET"]}}],"collection":[{"href":"https:\/\/www.makitamarket.com.tr\/site\/wp-json\/wp\/v2\/product"}],"about":[{"href":"https:\/\/www.makitamarket.com.tr\/site\/wp-json\/wp\/v2\/types\/product"}],"replies":[{"embeddable":true,"href":"https:\/\/www.makitamarket.com.tr\/site\/wp-json\/wp\/v2\/comments?post=13251"}],"wp:featuredmedia":[{"embeddable":true,"href":"https:\/\/www.makitamarket.com.tr\/site\/wp-json\/wp\/v2\/media\/13250"}],"wp:attachment":[{"href":"https:\/\/www.makitamarket.com.tr\/site\/wp-json\/wp\/v2\/media?parent=13251"}],"wp:term":[{"taxonomy":"product_brand","embeddable":true,"href":"https:\/\/www.makitamarket.com.tr\/site\/wp-json\/wp\/v2\/product_brand?post=13251"},{"taxonomy":"product_cat","embeddable":true,"href":"https:\/\/www.makitamarket.com.tr\/site\/wp-json\/wp\/v2\/product_cat?post=13251"},{"taxonomy":"product_tag","embeddable":true,"href":"https:\/\/www.makitamarket.com.tr\/site\/wp-json\/wp\/v2\/product_tag?post=13251"}],"curies":[{"name":"wp","href":"https:\/\/api.w.org\/{rel}","templated":true}]}}