{"id":13258,"date":"2024-11-28T18:14:24","date_gmt":"2024-11-28T15:14:24","guid":{"rendered":"https:\/\/www.makitamarket.com.tr\/site\/urun\/knipex-knipex-11-82-130-kablo-siyirma-pense-makas-tip\/"},"modified":"2026-04-06T14:23:52","modified_gmt":"2026-04-06T11:23:52","slug":"knipex-knipex-11-82-130-kablo-siyirma-pense-makas-tip","status":"publish","type":"product","link":"https:\/\/www.makitamarket.com.tr\/site\/urun\/knipex-knipex-11-82-130-kablo-siyirma-pense-makas-tip\/","title":{"rendered":"Knipex 1182130 KNIPEX 11 82 130 KABLO SIYIRMA PENSE &#8211; MAKAS TIP"},"content":{"rendered":"<p><b>11 82 130 Elektronik\u00e7i Kablo S\u0131y\u0131rma Makas\u0131<\/b><br \/>Azami 0,75 mm\u00b2 kablo kesitine kadar olan tek ve \u00e7ok telli kablolar ile ince telli kablolar\u0131n kesilmesi ve s\u0131yr\u0131lmas\u0131 i\u00e7in. Dar alanlarda ince telleri hassas \u015fekilde kesmeye yarayan kablo s\u0131y\u0131rma deli\u011finin \u00fcst b\u00f6l\u00fcm\u00fcndeki sivri makas. T\u0131rt\u0131kl\u0131 vida ve kontra somun sayesinde istenen tel veya litz teli \u00e7ap\u0131na kolayca ayarlan\u0131r. A\u00e7ma yayl\u0131. <\/p>\n<li><b>Kablo s\u0131y\u0131rma de\u011feri milimetrekare: <\/b>0,01 \u2013 0,75 mm\u00b2<\/li>\n<li><b>Kablo s\u0131y\u0131rma de\u011ferleri (\u00e7ap): <\/b>\u00d8 0,03 \u2014 1,0 mm<\/li>\n<table>\n<tr>\n<td>Uzunluk<\/td>\n<td>140<\/td>\n<\/tr>\n<tr>\n<td>Kafa<\/td>\n<td>Polisaj<\/td>\n<\/tr>\n<tr>\n<td>S\u0131y\u0131rma Kapasitesi<\/td>\n<td>0,03-1,0mm<\/td>\n<\/tr>\n<tr>\n<td>Sap<\/td>\n<td>\u00c7ift Bile\u015fenli Kal\u0131n \u0130zole<\/td>\n<\/tr>\n<tr>\n<td>Form<\/td>\n<td>Yayl\u0131<\/td>\n<\/tr>\n<\/table>\n","protected":false},"excerpt":{"rendered":"<p><b>11 82 130 Elektronik\u00e7i Kablo S\u0131y\u0131rma Makas\u0131<\/b><br \/>Azami 0,75 mm\u00b2 kablo kesitine kadar olan tek ve \u00e7ok telli kablolar ile ince telli kablolar\u0131n kesilmesi ve s\u0131yr\u0131lmas\u0131 i\u00e7in. Dar alanlarda ince telleri hassas \u015fekilde kesmeye yarayan kablo s\u0131y\u0131rma deli\u011finin \u00fcst b\u00f6l\u00fcm\u00fcndeki sivri makas. T\u0131rt\u0131kl\u0131 vida ve kontra somun sayesinde istenen tel veya litz teli \u00e7ap\u0131na kolayca ayarlan\u0131r. A\u00e7ma yayl\u0131. <\/p>\n<li><b>Kablo s\u0131y\u0131rma de\u011feri milimetrekare: <\/b>0,01 \u2013 0,75 mm\u00b2<\/li>\n<li><b>Kablo s\u0131y\u0131rma de\u011ferleri (\u00e7ap): <\/b>\u00d8 0,03 \u2014 1,0 mm<\/li>\n","protected":false},"featured_media":13257,"comment_status":"open","ping_status":"closed","template":"","meta":{"_acf_changed":false},"product_brand":[1486],"product_cat":[991],"product_tag":[],"class_list":{"0":"post-13258","1":"product","2":"type-product","3":"status-publish","4":"has-post-thumbnail","6":"product_brand-knipex","7":"product_cat-kablo-siyirmalar","9":"first","10":"instock","11":"taxable","12":"shipping-taxable","13":"purchasable","14":"product-type-simple","15":"add-to-wishlist-after_add_to_cart"},"acf":[],"_links":{"self":[{"href":"https:\/\/www.makitamarket.com.tr\/site\/wp-json\/wp\/v2\/product\/13258","targetHints":{"allow":["GET"]}}],"collection":[{"href":"https:\/\/www.makitamarket.com.tr\/site\/wp-json\/wp\/v2\/product"}],"about":[{"href":"https:\/\/www.makitamarket.com.tr\/site\/wp-json\/wp\/v2\/types\/product"}],"replies":[{"embeddable":true,"href":"https:\/\/www.makitamarket.com.tr\/site\/wp-json\/wp\/v2\/comments?post=13258"}],"wp:featuredmedia":[{"embeddable":true,"href":"https:\/\/www.makitamarket.com.tr\/site\/wp-json\/wp\/v2\/media\/13257"}],"wp:attachment":[{"href":"https:\/\/www.makitamarket.com.tr\/site\/wp-json\/wp\/v2\/media?parent=13258"}],"wp:term":[{"taxonomy":"product_brand","embeddable":true,"href":"https:\/\/www.makitamarket.com.tr\/site\/wp-json\/wp\/v2\/product_brand?post=13258"},{"taxonomy":"product_cat","embeddable":true,"href":"https:\/\/www.makitamarket.com.tr\/site\/wp-json\/wp\/v2\/product_cat?post=13258"},{"taxonomy":"product_tag","embeddable":true,"href":"https:\/\/www.makitamarket.com.tr\/site\/wp-json\/wp\/v2\/product_tag?post=13258"}],"curies":[{"name":"wp","href":"https:\/\/api.w.org\/{rel}","templated":true}]}}