{"id":13273,"date":"2024-11-28T18:14:29","date_gmt":"2024-11-28T15:14:29","guid":{"rendered":"https:\/\/www.makitamarket.com.tr\/site\/urun\/makita-d-serisi-sds-plus-uc-12x210-mm\/"},"modified":"2026-04-06T14:23:59","modified_gmt":"2026-04-06T11:23:59","slug":"makita-d-serisi-sds-plus-uc-12x210-mm","status":"publish","type":"product","link":"https:\/\/www.makitamarket.com.tr\/site\/urun\/makita-d-serisi-sds-plus-uc-12x210-mm\/","title":{"rendered":"Makita D-00234 D SER\u0130S\u0130 SDS PLUS U\u00c7 12&#215;210 mm"},"content":{"rendered":"<table>\n<tr>\n<td>Matkap \u00c7ap\u0131<\/td>\n<td>12<\/td>\n<\/tr>\n<tr>\n<td>Matkap Boyu<\/td>\n<td>210<\/td>\n<\/tr>\n<tr>\n<td>\u00c7ap<\/td>\n<td>12 mm<\/td>\n<\/tr>\n<tr>\n<td>Uzunluk<\/td>\n<td>210 mm<\/td>\n<\/tr>\n<tr>\n<td>\u00c7al\u0131\u015fma Uzunlu\u011fu<\/td>\n<td>140 mm<\/td>\n<\/tr>\n<tr>\n<td>Minimum Sipari\u015f Adedi<\/td>\n<td>25<\/td>\n<\/tr>\n<\/table>\n","protected":false},"excerpt":{"rendered":"<p>Matkap \u00c7ap\u0131 12 Matkap Boyu 210 \u00c7ap 12 mm Uzunluk 210 mm \u00c7al\u0131\u015fma Uzunlu\u011fu 140 mm Minimum Sipari\u015f Adedi 25<\/p>\n","protected":false},"featured_media":0,"comment_status":"open","ping_status":"closed","template":"","meta":{"_acf_changed":false},"product_brand":[1485],"product_cat":[1149],"product_tag":[],"class_list":{"0":"post-13273","1":"product","2":"type-product","3":"status-publish","5":"product_brand-makita","6":"product_cat-sds-plus-uclar","8":"first","9":"instock","10":"taxable","11":"shipping-taxable","12":"purchasable","13":"product-type-simple","14":"add-to-wishlist-after_add_to_cart"},"acf":[],"_links":{"self":[{"href":"https:\/\/www.makitamarket.com.tr\/site\/wp-json\/wp\/v2\/product\/13273","targetHints":{"allow":["GET"]}}],"collection":[{"href":"https:\/\/www.makitamarket.com.tr\/site\/wp-json\/wp\/v2\/product"}],"about":[{"href":"https:\/\/www.makitamarket.com.tr\/site\/wp-json\/wp\/v2\/types\/product"}],"replies":[{"embeddable":true,"href":"https:\/\/www.makitamarket.com.tr\/site\/wp-json\/wp\/v2\/comments?post=13273"}],"wp:attachment":[{"href":"https:\/\/www.makitamarket.com.tr\/site\/wp-json\/wp\/v2\/media?parent=13273"}],"wp:term":[{"taxonomy":"product_brand","embeddable":true,"href":"https:\/\/www.makitamarket.com.tr\/site\/wp-json\/wp\/v2\/product_brand?post=13273"},{"taxonomy":"product_cat","embeddable":true,"href":"https:\/\/www.makitamarket.com.tr\/site\/wp-json\/wp\/v2\/product_cat?post=13273"},{"taxonomy":"product_tag","embeddable":true,"href":"https:\/\/www.makitamarket.com.tr\/site\/wp-json\/wp\/v2\/product_tag?post=13273"}],"curies":[{"name":"wp","href":"https:\/\/api.w.org\/{rel}","templated":true}]}}