{"id":13296,"date":"2024-11-28T18:16:23","date_gmt":"2024-11-28T15:16:23","guid":{"rendered":"https:\/\/www.makitamarket.com.tr\/site\/urun\/makita-ahsap-daire-testere-210x40-dis\/"},"modified":"2026-04-06T14:25:08","modified_gmt":"2026-04-06T11:25:08","slug":"makita-ahsap-daire-testere-210x40-dis","status":"publish","type":"product","link":"https:\/\/www.makitamarket.com.tr\/site\/urun\/makita-ahsap-daire-testere-210x40-dis\/","title":{"rendered":"Makita B-08501 AH\u015eAP DA\u0130RE TESTERE 210&#215;40 D\u0130\u015e"},"content":{"rendered":"<div class=\"tablar\" id=\"ac-uaciklama\" style=\"\">\n<p>\n\t\t<span id=\"result_box\" lang=\"tr\"><span title=\"Makita MAKFORCE Portable Saw Blade - B-08159\n\">Makita MAKFORCE Daire Testere B\u0131\u00e7a\u011f\u0131<br \/>\n\t\t<\/span><span title=\"160mm Blade with a revolutionary and advanced tooth design featuring twin teeth to cut faster and cleaner.\n\">Daha h\u0131zl\u0131 ve temiz kesim yapmak i\u00e7in \u00e7ift di\u015fli\u00a0 ve geli\u015fmi\u015f bir di\u015f tasar\u0131m\u0131 bulunmaktad\u0131r.<\/span><\/span><\/p>\n<ul>\n<li>\n\t\t\t<span title=\"Fully hardened and tensioned blades absorb impact and remain flat and true\n\u00a0\u00a0\u00a0\u00a0\">Tamamen sertle\u015ftirilmi\u015f ve gerilmi\u015f b\u0131\u00e7aklar darbeyi absorbe eder.<\/span><\/li>\n<li>\n\t\t\t<span lang=\"tr\"><span title=\"High grade tungsten carbide with low wear rate for extended blade life\n\u00a0\u00a0\u00a0\u00a0\">Uzun \u00f6m\u00fcrl\u00fc kullan\u0131m i\u00e7in d\u00fc\u015f\u00fck a\u015f\u0131nma oran\u0131na sahip y\u00fcksek dereceli tungstenli karb\u00fcr di\u015fler mevcuttur.<br \/>\n\t\t\t<\/span><\/span><\/li>\n<li>\n\t\t\t<span title=\"Thin kerf for less waste and reduced motor pressure\n\n\">Daha az tala\u015f ve azalt\u0131lm\u0131\u015f motor bas\u0131nc\u0131 i\u00e7in ince kesim yapar.<br \/>\n\t\t\t<\/span><\/li>\n<\/ul>\n<p>\n\t\t<span lang=\"tr\"><span title=\"MAKFORCE - A comprehensive selection of circular saw blades for all makes and models of portable circular saws.\">MAKFORCE &#8211; Dairesel sunta kesme makinalar\u0131n\u0131n t\u00fcm markalar\u0131 ve modelleri i\u00e7in kapsaml\u0131 daire testere b\u0131\u00e7aklar\u0131. <\/span><span title=\"With a wide range of sizes from 140mm-355mm and tooth counts from 10 to 60, the range covers applications from coarse rip and cross cutting to extra fine cross cutting.\n\">140 mm&#8217;den 355 mm&#8217;ye kadar geni\u015f ebatlar ve 10&#8217;dan 60&#8217;a kadar di\u015f say\u0131s\u0131 ile bu seri, kaba kesme ve \u00e7apraz kesimden \u00e7ok ince \u00e7apraz kesime kadar olan uygulamalar i\u00e7in kullan\u0131l\u0131r.<\/span><\/span><\/p>\n<\/div>\n<table>\n<tr>\n<td>Testere \u00e7ap\u0131<\/td>\n<td>210 mm<\/td>\n<\/tr>\n<tr>\n<td>G\u00f6bek \u00e7ap\u0131<\/td>\n<td>30 mm<\/td>\n<\/tr>\n<tr>\n<td>Y\u00fcz\u00fck \u00c7ap\u0131<\/td>\n<td>&#8211;<\/td>\n<\/tr>\n<tr>\n<td>Elmas Kal\u0131nl\u0131\u011f\u0131<\/td>\n<td>2.4 mm<\/td>\n<\/tr>\n<tr>\n<td>G\u00f6vde Kal\u0131nl\u0131\u011f\u0131<\/td>\n<td>1.6 mm<\/td>\n<\/tr>\n<tr>\n<td>Di\u015f Say\u0131s\u0131<\/td>\n<td>40<\/td>\n<\/tr>\n<tr>\n<td>Elmas A\u00e7\u0131s\u0131<\/td>\n<td>20\u02da<\/td>\n<\/tr>\n<tr>\n<td>Di\u015f Tipi<\/td>\n<td>ATB<\/td>\n<\/tr>\n<tr>\n<td>Kullan\u0131m Alan\u0131<\/td>\n<td>Ah\u015fap<\/td>\n<\/tr>\n<\/table>\n","protected":false},"excerpt":{"rendered":"<div class=\"tablar\" id=\"ac-uaciklama\" style=\"\">\n<p>\n\t\t<span id=\"result_box\" lang=\"tr\"><span title=\"Makita MAKFORCE Portable Saw Blade - B-08159\n\">Makita MAKFORCE Daire Testere B\u0131\u00e7a\u011f\u0131<br \/>\n\t\t<\/span><span title=\"160mm Blade with a revolutionary and advanced tooth design featuring twin teeth to cut faster and cleaner.\n\">Daha h\u0131zl\u0131 ve temiz kesim yapmak i\u00e7in \u00e7ift di\u015fli\u00a0 ve geli\u015fmi\u015f bir di\u015f tasar\u0131m\u0131 bulunmaktad\u0131r.<\/span><\/span><\/p>\n<ul>\n<li>\n\t\t\t<span title=\"Fully hardened and tensioned blades absorb impact and remain flat and true\n\u00a0\u00a0\u00a0\u00a0\">Tamamen sertle\u015ftirilmi\u015f ve gerilmi\u015f b\u0131\u00e7aklar darbeyi absorbe eder.<\/span><\/li>\n<li>\n\t\t\t<span lang=\"tr\"><span title=\"High grade tungsten carbide with low wear rate for extended blade life\n\u00a0\u00a0\u00a0\u00a0\">Uzun \u00f6m\u00fcrl\u00fc kullan\u0131m i\u00e7in d\u00fc\u015f\u00fck a\u015f\u0131nma oran\u0131na sahip y\u00fcksek dereceli tungstenli karb\u00fcr di\u015fler mevcuttur.<br \/>\n\t\t\t<\/span><\/span><\/li>\n<li>\n\t\t\t<span title=\"Thin kerf for less waste and reduced motor pressure\n\n\">Daha az tala\u015f ve azalt\u0131lm\u0131\u015f motor bas\u0131nc\u0131 i\u00e7in ince kesim yapar.<br \/>\n\t\t\t<\/span><\/li>\n<\/ul>\n<p>\n\t\t<span lang=\"tr\"><span title=\"MAKFORCE - A comprehensive selection of circular saw blades for all makes and models of portable circular saws.\">MAKFORCE &#8211; Dairesel sunta kesme makinalar\u0131n\u0131n t\u00fcm markalar\u0131 ve modelleri i\u00e7in kapsaml\u0131 daire testere b\u0131\u00e7aklar\u0131. <\/span><span title=\"With a wide range of sizes from 140mm-355mm and tooth counts from 10 to 60, the range covers applications from coarse rip and cross cutting to extra fine cross cutting.\n\">140 mm&#8217;den 355 mm&#8217;ye kadar geni\u015f ebatlar ve 10&#8217;dan 60&#8217;a kadar di\u015f say\u0131s\u0131 ile bu seri, kaba kesme ve \u00e7apraz kesimden \u00e7ok ince \u00e7apraz kesime kadar olan uygulamalar i\u00e7in kullan\u0131l\u0131r.<\/span><\/span><\/p>\n<\/div>\n","protected":false},"featured_media":13295,"comment_status":"open","ping_status":"closed","template":"","meta":{"_acf_changed":false},"product_brand":[1485],"product_cat":[1050],"product_tag":[],"class_list":{"0":"post-13296","1":"product","2":"type-product","3":"status-publish","4":"has-post-thumbnail","6":"product_brand-makita","7":"product_cat-ahsap-daire-testereler","9":"first","10":"instock","11":"taxable","12":"shipping-taxable","13":"purchasable","14":"product-type-simple","15":"add-to-wishlist-after_add_to_cart"},"acf":[],"_links":{"self":[{"href":"https:\/\/www.makitamarket.com.tr\/site\/wp-json\/wp\/v2\/product\/13296","targetHints":{"allow":["GET"]}}],"collection":[{"href":"https:\/\/www.makitamarket.com.tr\/site\/wp-json\/wp\/v2\/product"}],"about":[{"href":"https:\/\/www.makitamarket.com.tr\/site\/wp-json\/wp\/v2\/types\/product"}],"replies":[{"embeddable":true,"href":"https:\/\/www.makitamarket.com.tr\/site\/wp-json\/wp\/v2\/comments?post=13296"}],"wp:featuredmedia":[{"embeddable":true,"href":"https:\/\/www.makitamarket.com.tr\/site\/wp-json\/wp\/v2\/media\/13295"}],"wp:attachment":[{"href":"https:\/\/www.makitamarket.com.tr\/site\/wp-json\/wp\/v2\/media?parent=13296"}],"wp:term":[{"taxonomy":"product_brand","embeddable":true,"href":"https:\/\/www.makitamarket.com.tr\/site\/wp-json\/wp\/v2\/product_brand?post=13296"},{"taxonomy":"product_cat","embeddable":true,"href":"https:\/\/www.makitamarket.com.tr\/site\/wp-json\/wp\/v2\/product_cat?post=13296"},{"taxonomy":"product_tag","embeddable":true,"href":"https:\/\/www.makitamarket.com.tr\/site\/wp-json\/wp\/v2\/product_tag?post=13296"}],"curies":[{"name":"wp","href":"https:\/\/api.w.org\/{rel}","templated":true}]}}