{"id":13300,"date":"2024-11-28T18:16:24","date_gmt":"2024-11-28T15:16:24","guid":{"rendered":"https:\/\/www.makitamarket.com.tr\/site\/urun\/knipex-kablo-makasi-165-mm\/"},"modified":"2026-04-06T15:27:45","modified_gmt":"2026-04-06T12:27:45","slug":"knipex-kablo-makasi-165-mm","status":"publish","type":"product","link":"https:\/\/www.makitamarket.com.tr\/site\/urun\/knipex-kablo-makasi-165-mm\/","title":{"rendered":"Knipex 9505165 KABLO MAKASI 165 mm"},"content":{"rendered":"<p><b>95 05 165 Kablo Makas\u0131<\/b><br \/>\u00c7elik tel ve sert \u00e7ekilmi\u015f bak\u0131r iletkenler i\u00e7in uygun de\u011fildir. Hassas ta\u015flanm\u0131\u015f, sertle\u015ftirilmi\u015f kesiciler. Ezilme olmaz, kablo c\u00fczi derecede deforme olur. Parmaklar\u0131n s\u0131k\u0131\u015fmas\u0131n\u0131 \u00f6nleyen tasar\u0131ma sahiptir. Ayarlanabilir vidal\u0131 mafsal. \u00d6l\u00e7\u00fcs\u00fc 10 mm \/ 24 mm\u00b2 kadar kablolar\u0131n kesilmesi i\u00e7in. A\u00e7ma yay\u0131 ve blokaj mandal\u0131 ile. Kesiciler paslanmaz \u00e7eliktendir. Ya\u011fda sertle\u015ftirilmi\u015f ve tavlanm\u0131\u015f. <\/p>\n<li><b>Bak\u0131r kablo kesim de\u011feri, \u00e7ok telli: <\/b>24 mm\u00b2<\/li>\n<li><b>Bak\u0131r kablo kesim de\u011feri, \u00e7ok telli: <\/b>\u00d8 10 mm<\/li>\n<li><b>AWG: <\/b>4 <\/li>\n<table>\n<tr>\n<td>Sap<\/td>\n<td>\u0130nce \u0130zole<\/td>\n<\/tr>\n<tr>\n<td>Uzunluk<\/td>\n<td>165<\/td>\n<\/tr>\n<tr>\n<td>\u00c7ok \u0130letkenli Kablo<\/td>\n<td>10\u00f8mm, 24mm\u00b2<\/td>\n<\/tr>\n<tr>\n<td>A\u011f\u0131rl\u0131k<\/td>\n<td>111 gr<\/td>\n<\/tr>\n<tr>\n<td>Form<\/td>\n<td>Yayl\u0131<\/td>\n<\/tr>\n<\/table>\n","protected":false},"excerpt":{"rendered":"<p><b>95 05 165 Kablo Makas\u0131<\/b><br \/>\u00c7elik tel ve sert \u00e7ekilmi\u015f bak\u0131r iletkenler i\u00e7in uygun de\u011fildir. Hassas ta\u015flanm\u0131\u015f, sertle\u015ftirilmi\u015f kesiciler. Ezilme olmaz, kablo c\u00fczi derecede deforme olur. Parmaklar\u0131n s\u0131k\u0131\u015fmas\u0131n\u0131 \u00f6nleyen tasar\u0131ma sahiptir. Ayarlanabilir vidal\u0131 mafsal. \u00d6l\u00e7\u00fcs\u00fc 10 mm \/ 24 mm\u00b2 kadar kablolar\u0131n kesilmesi i\u00e7in. A\u00e7ma yay\u0131 ve blokaj mandal\u0131 ile. Kesiciler paslanmaz \u00e7eliktendir. Ya\u011fda sertle\u015ftirilmi\u015f ve tavlanm\u0131\u015f. <\/p>\n<li><b>Bak\u0131r kablo kesim de\u011feri, \u00e7ok telli: <\/b>24 mm\u00b2<\/li>\n<li><b>Bak\u0131r kablo kesim de\u011feri, \u00e7ok telli: <\/b>\u00d8 10 mm<\/li>\n<li><b>AWG: <\/b>4 <\/li>\n","protected":false},"featured_media":15647,"comment_status":"open","ping_status":"closed","template":"","meta":{"_acf_changed":false},"product_brand":[1486],"product_cat":[833],"product_tag":[],"class_list":{"0":"post-13300","1":"product","2":"type-product","3":"status-publish","4":"has-post-thumbnail","6":"product_brand-knipex","7":"product_cat-makaslar","9":"first","10":"instock","11":"taxable","12":"shipping-taxable","13":"purchasable","14":"product-type-simple","15":"add-to-wishlist-after_add_to_cart"},"acf":[],"_links":{"self":[{"href":"https:\/\/www.makitamarket.com.tr\/site\/wp-json\/wp\/v2\/product\/13300","targetHints":{"allow":["GET"]}}],"collection":[{"href":"https:\/\/www.makitamarket.com.tr\/site\/wp-json\/wp\/v2\/product"}],"about":[{"href":"https:\/\/www.makitamarket.com.tr\/site\/wp-json\/wp\/v2\/types\/product"}],"replies":[{"embeddable":true,"href":"https:\/\/www.makitamarket.com.tr\/site\/wp-json\/wp\/v2\/comments?post=13300"}],"wp:featuredmedia":[{"embeddable":true,"href":"https:\/\/www.makitamarket.com.tr\/site\/wp-json\/wp\/v2\/media\/15647"}],"wp:attachment":[{"href":"https:\/\/www.makitamarket.com.tr\/site\/wp-json\/wp\/v2\/media?parent=13300"}],"wp:term":[{"taxonomy":"product_brand","embeddable":true,"href":"https:\/\/www.makitamarket.com.tr\/site\/wp-json\/wp\/v2\/product_brand?post=13300"},{"taxonomy":"product_cat","embeddable":true,"href":"https:\/\/www.makitamarket.com.tr\/site\/wp-json\/wp\/v2\/product_cat?post=13300"},{"taxonomy":"product_tag","embeddable":true,"href":"https:\/\/www.makitamarket.com.tr\/site\/wp-json\/wp\/v2\/product_tag?post=13300"}],"curies":[{"name":"wp","href":"https:\/\/api.w.org\/{rel}","templated":true}]}}