{"id":13313,"date":"2024-11-28T18:16:28","date_gmt":"2024-11-28T15:16:28","guid":{"rendered":"https:\/\/www.makitamarket.com.tr\/site\/urun\/powerwash-el-temizleme-kremi\/"},"modified":"2025-11-16T07:14:25","modified_gmt":"2025-11-16T04:14:25","slug":"powerwash-el-temizleme-kremi","status":"publish","type":"product","link":"https:\/\/www.makitamarket.com.tr\/site\/urun\/powerwash-el-temizleme-kremi\/","title":{"rendered":"Powerwash PW706 EL TEM\u0130ZLEME KREM\u0130"},"content":{"rendered":"<div>\n\tDirek uygulama<\/div>\n<div>\n\t<strong>\u00d6ZELL\u0130KLER\u0130:<\/strong><\/div>\n<div>\n\t\u00a0\u2022 Kirli ellerinizi s\u00fcratle temizler<\/div>\n<div>\n\t\u2022 Silikon ve t\u00fcrevi ya\u011flar i\u00e7ermez.<\/div>\n<div>\n\t\u2022 Alkali ve asetik madde i\u00e7ermez.<\/div>\n<div>\n\t\u2022 Cildi nemlendirir ve korur. Cilt \u00fczerinde kaybolan nemi tersine ya\u011fland\u0131rma ile tamamlar.<\/div>\n<div>\n\t\u2022 Form\u00fcl\u00fc sayesinde elinizde olu\u015fabilecek egzema ve mantarlara kar\u015f\u0131 koruma sa\u011flar.<\/div>\n<div>\n\t\u2022 Ho\u015f kokuludur.Portakal ve limon aromal\u0131d\u0131r.<\/div>\n<div>\n\t\u2022 Antibakteriyel \u00f6zellik tescil edilmi\u015ftir.<\/div>\n<div>\n\t\u2022 Dermotolojik testlerden ge\u00e7mi\u015ftir.<\/div>\n<div>\n\t<strong>\u00c7EVRE B\u0130LG\u0130LER\u0130:\u00a0<\/strong>%98 Biyolojik olarak par\u00e7alan\u0131r.At\u0131k su kanallar\u0131n\u0131 ve lavaboyu t\u0131kamaz.Form\u00fcl\u00fcnde asit, alkalin ve solvent bulunmad\u0131\u011f\u0131ndan \u00e7evreye son derece sayg\u0131l\u0131d\u0131r.\u00dcr\u00fcn form\u00fcl\u00fcn\u00fcn %65\u2019i bitkiseldir. Kalan %35\u2019lik k\u0131sm\u0131 ise g\u0131da sekt\u00f6r\u00fcnde kullan\u0131lan hammaddedir.<\/div>\n<div>\n\t<strong>KULLANIM \u015eEKL\u0130:\u00a0<\/strong>Kirlenmi\u015f ellerinizde 3 gr Powerwash alarak iyice ovalay\u0131n.Su ile y\u0131kayarak durulay\u0131n\u0131z.<\/div>\n<div>\n\tNot: Ellerinizi \u0131slatmadan direkt Powerwash ile ovalay\u0131n sonra y\u0131kay\u0131p durulay\u0131n.<\/div>\n<table>\n<tr>\n<td>Ambalaj \u015eekli<\/td>\n<td>20 lt<\/td>\n<\/tr>\n<tr>\n<td>Ph De\u011feri<\/td>\n<td>Ph 13<\/td>\n<\/tr>\n<tr>\n<td>Paket \u0130\u00e7i Adedi<\/td>\n<td>6<\/td>\n<\/tr>\n<\/table>\n","protected":false},"excerpt":{"rendered":"<div>\n\tDirek uygulama<\/div>\n<div>\n\t<strong>\u00d6ZELL\u0130KLER\u0130:<\/strong><\/div>\n<div>\n\t\u00a0\u2022 Kirli ellerinizi s\u00fcratle temizler<\/div>\n<div>\n\t\u2022 Silikon ve t\u00fcrevi ya\u011flar i\u00e7ermez.<\/div>\n<div>\n\t\u2022 Alkali ve asetik madde i\u00e7ermez.<\/div>\n<div>\n\t\u2022 Cildi nemlendirir ve korur. Cilt \u00fczerinde kaybolan nemi tersine ya\u011fland\u0131rma ile tamamlar.<\/div>\n<div>\n\t\u2022 Form\u00fcl\u00fc sayesinde elinizde olu\u015fabilecek egzema ve mantarlara kar\u015f\u0131 koruma sa\u011flar.<\/div>\n<div>\n\t\u2022 Ho\u015f kokuludur.Portakal ve limon aromal\u0131d\u0131r.<\/div>\n<div>\n\t\u2022 Antibakteriyel \u00f6zellik tescil edilmi\u015ftir.<\/div>\n<div>\n\t\u2022 Dermotolojik testlerden ge\u00e7mi\u015ftir.<\/div>\n<div>\n\t<strong>\u00c7EVRE B\u0130LG\u0130LER\u0130:\u00a0<\/strong>%98 Biyolojik olarak par\u00e7alan\u0131r.At\u0131k su kanallar\u0131n\u0131 ve lavaboyu t\u0131kamaz.Form\u00fcl\u00fcnde asit, alkalin ve solvent bulunmad\u0131\u011f\u0131ndan \u00e7evreye son derece sayg\u0131l\u0131d\u0131r.\u00dcr\u00fcn form\u00fcl\u00fcn\u00fcn %65\u2019i bitkiseldir. Kalan %35\u2019lik k\u0131sm\u0131 ise g\u0131da sekt\u00f6r\u00fcnde kullan\u0131lan hammaddedir.<\/div>\n<div>\n\t<strong>KULLANIM \u015eEKL\u0130:\u00a0<\/strong>Kirlenmi\u015f ellerinizde 3 gr Powerwash alarak iyice ovalay\u0131n.Su ile y\u0131kayarak durulay\u0131n\u0131z.<\/div>\n<div>\n\tNot: Ellerinizi \u0131slatmadan direkt Powerwash ile ovalay\u0131n sonra y\u0131kay\u0131p durulay\u0131n.<\/div>\n","protected":false},"featured_media":13312,"comment_status":"open","ping_status":"closed","template":"","meta":{"_acf_changed":false},"product_brand":[1489],"product_cat":[1565],"product_tag":[],"class_list":{"0":"post-13313","1":"product","2":"type-product","3":"status-publish","4":"has-post-thumbnail","6":"product_brand-powerwash","7":"product_cat-yok-yok","9":"first","10":"outofstock","11":"taxable","12":"shipping-taxable","13":"purchasable","14":"product-type-simple","15":"add-to-wishlist-after_add_to_cart"},"acf":[],"_links":{"self":[{"href":"https:\/\/www.makitamarket.com.tr\/site\/wp-json\/wp\/v2\/product\/13313","targetHints":{"allow":["GET"]}}],"collection":[{"href":"https:\/\/www.makitamarket.com.tr\/site\/wp-json\/wp\/v2\/product"}],"about":[{"href":"https:\/\/www.makitamarket.com.tr\/site\/wp-json\/wp\/v2\/types\/product"}],"replies":[{"embeddable":true,"href":"https:\/\/www.makitamarket.com.tr\/site\/wp-json\/wp\/v2\/comments?post=13313"}],"wp:featuredmedia":[{"embeddable":true,"href":"https:\/\/www.makitamarket.com.tr\/site\/wp-json\/wp\/v2\/media\/13312"}],"wp:attachment":[{"href":"https:\/\/www.makitamarket.com.tr\/site\/wp-json\/wp\/v2\/media?parent=13313"}],"wp:term":[{"taxonomy":"product_brand","embeddable":true,"href":"https:\/\/www.makitamarket.com.tr\/site\/wp-json\/wp\/v2\/product_brand?post=13313"},{"taxonomy":"product_cat","embeddable":true,"href":"https:\/\/www.makitamarket.com.tr\/site\/wp-json\/wp\/v2\/product_cat?post=13313"},{"taxonomy":"product_tag","embeddable":true,"href":"https:\/\/www.makitamarket.com.tr\/site\/wp-json\/wp\/v2\/product_tag?post=13313"}],"curies":[{"name":"wp","href":"https:\/\/api.w.org\/{rel}","templated":true}]}}