{"id":13319,"date":"2024-11-28T18:16:30","date_gmt":"2024-11-28T15:16:30","guid":{"rendered":"https:\/\/www.makitamarket.com.tr\/site\/urun\/proxxon-endustriyel-circirli-kollu-39-parcali-lokma-ve-bits-takimi\/"},"modified":"2026-04-06T14:26:24","modified_gmt":"2026-04-06T11:26:24","slug":"proxxon-endustriyel-circirli-kollu-39-parcali-lokma-ve-bits-takimi","status":"publish","type":"product","link":"https:\/\/www.makitamarket.com.tr\/site\/urun\/proxxon-endustriyel-circirli-kollu-39-parcali-lokma-ve-bits-takimi\/","title":{"rendered":"Proxxon End\u00fcstriyel 23070 CIRCIRLI KOLLU 39 PAR\u00c7ALI LOKMA VE B\u0130TS TAKIMI"},"content":{"rendered":"<div>\n\t<strong>12 par\u00e7a lokma :<\/strong> 4-14 mm aras\u0131<\/div>\n<div>\n\t<strong>16 par\u00e7a bits u\u00e7 :<\/strong> D\u00fcz, 4, 5.5, 6.5 mm Ph 1, 2, 3 Allen 3, 4, 5, 6 mm Torx 8, 10, 15, 20, 25, 30<\/div>\n<div>\n\t<strong>5 par\u00e7a allen anahtar : <\/strong>1.25, 1.50, 2.0, 2.5, 3.0 mm<\/div>\n<div>\n\t<strong>5 par\u00e7a aksesuar :<\/strong> 1\/4\u201d c\u0131rc\u0131r kolu Uzatma kolu Kardan mafsal Kayar T kol Tornavida kolu<\/div>\n<table><\/table>\n","protected":false},"excerpt":{"rendered":"<div>\n\t<strong>12 par\u00e7a lokma :<\/strong> 4-14 mm aras\u0131<\/div>\n<div>\n\t<strong>16 par\u00e7a bits u\u00e7 :<\/strong> D\u00fcz, 4, 5.5, 6.5 mm Ph 1, 2, 3 Allen 3, 4, 5, 6 mm Torx 8, 10, 15, 20, 25, 30<\/div>\n<div>\n\t<strong>5 par\u00e7a allen anahtar : <\/strong>1.25, 1.50, 2.0, 2.5, 3.0 mm<\/div>\n<div>\n\t<strong>5 par\u00e7a aksesuar :<\/strong> 1\/4\u201d c\u0131rc\u0131r kolu Uzatma kolu Kardan mafsal Kayar T kol Tornavida kolu<\/div>\n","protected":false},"featured_media":13318,"comment_status":"open","ping_status":"closed","template":"","meta":{"_acf_changed":false},"product_brand":[1529],"product_cat":[938],"product_tag":[],"class_list":{"0":"post-13319","1":"product","2":"type-product","3":"status-publish","4":"has-post-thumbnail","6":"product_brand-proxxon-endustriyel","7":"product_cat-circirli-lokma-takimlari","9":"first","10":"instock","11":"taxable","12":"shipping-taxable","13":"purchasable","14":"product-type-simple","15":"add-to-wishlist-after_add_to_cart"},"acf":[],"_links":{"self":[{"href":"https:\/\/www.makitamarket.com.tr\/site\/wp-json\/wp\/v2\/product\/13319","targetHints":{"allow":["GET"]}}],"collection":[{"href":"https:\/\/www.makitamarket.com.tr\/site\/wp-json\/wp\/v2\/product"}],"about":[{"href":"https:\/\/www.makitamarket.com.tr\/site\/wp-json\/wp\/v2\/types\/product"}],"replies":[{"embeddable":true,"href":"https:\/\/www.makitamarket.com.tr\/site\/wp-json\/wp\/v2\/comments?post=13319"}],"wp:featuredmedia":[{"embeddable":true,"href":"https:\/\/www.makitamarket.com.tr\/site\/wp-json\/wp\/v2\/media\/13318"}],"wp:attachment":[{"href":"https:\/\/www.makitamarket.com.tr\/site\/wp-json\/wp\/v2\/media?parent=13319"}],"wp:term":[{"taxonomy":"product_brand","embeddable":true,"href":"https:\/\/www.makitamarket.com.tr\/site\/wp-json\/wp\/v2\/product_brand?post=13319"},{"taxonomy":"product_cat","embeddable":true,"href":"https:\/\/www.makitamarket.com.tr\/site\/wp-json\/wp\/v2\/product_cat?post=13319"},{"taxonomy":"product_tag","embeddable":true,"href":"https:\/\/www.makitamarket.com.tr\/site\/wp-json\/wp\/v2\/product_tag?post=13319"}],"curies":[{"name":"wp","href":"https:\/\/api.w.org\/{rel}","templated":true}]}}