{"id":13320,"date":"2024-11-28T18:16:30","date_gmt":"2024-11-28T15:16:30","guid":{"rendered":"https:\/\/www.makitamarket.com.tr\/site\/urun\/makita-ahsap-daire-testere-235x16-dis\/"},"modified":"2026-03-30T08:34:24","modified_gmt":"2026-03-30T05:34:24","slug":"makita-ahsap-daire-testere-235x16-dis","status":"publish","type":"product","link":"https:\/\/www.makitamarket.com.tr\/site\/urun\/makita-ahsap-daire-testere-235x16-dis\/","title":{"rendered":"Makita B-13699 AH\u015eAP DA\u0130RE TESTERE 235&#215;16 D\u0130\u015e"},"content":{"rendered":"<table>\n<tr>\n<td>Testere \u00e7ap\u0131<\/td>\n<td>235 mm<\/td>\n<\/tr>\n<tr>\n<td>G\u00f6bek \u00e7ap\u0131<\/td>\n<td>30 mm<\/td>\n<\/tr>\n<tr>\n<td>Y\u00fcz\u00fck \u00c7ap\u0131<\/td>\n<td>&#8211;<\/td>\n<\/tr>\n<tr>\n<td>Elmas Kal\u0131nl\u0131\u011f\u0131<\/td>\n<td>2.8 mm<\/td>\n<\/tr>\n<tr>\n<td>G\u00f6vde Kal\u0131nl\u0131\u011f\u0131<\/td>\n<td>1.8 mm<\/td>\n<\/tr>\n<tr>\n<td>Di\u015f Say\u0131s\u0131<\/td>\n<td>16<\/td>\n<\/tr>\n<tr>\n<td>Elmas A\u00e7\u0131s\u0131<\/td>\n<td>20\u02da<\/td>\n<\/tr>\n<tr>\n<td>Di\u015f Tipi<\/td>\n<td>FTG<\/td>\n<\/tr>\n<tr>\n<td>Kullan\u0131m Alan\u0131<\/td>\n<td>\u00c7ivili Ah\u015fap<\/td>\n<\/tr>\n<\/table>\n","protected":false},"excerpt":{"rendered":"<p>Testere \u00e7ap\u0131 235 mm G\u00f6bek \u00e7ap\u0131 30 mm Y\u00fcz\u00fck \u00c7ap\u0131 &#8211; Elmas Kal\u0131nl\u0131\u011f\u0131 2.8 mm G\u00f6vde Kal\u0131nl\u0131\u011f\u0131 1.8 mm Di\u015f Say\u0131s\u0131 16 Elmas A\u00e7\u0131s\u0131 20\u02da Di\u015f Tipi FTG Kullan\u0131m Alan\u0131<\/p>\n","protected":false},"featured_media":0,"comment_status":"open","ping_status":"closed","template":"","meta":{"_acf_changed":false},"product_brand":[1485],"product_cat":[1050],"product_tag":[],"class_list":{"0":"post-13320","1":"product","2":"type-product","3":"status-publish","5":"product_brand-makita","6":"product_cat-ahsap-daire-testereler","8":"first","9":"instock","10":"taxable","11":"shipping-taxable","12":"purchasable","13":"product-type-simple","14":"add-to-wishlist-after_add_to_cart"},"acf":[],"_links":{"self":[{"href":"https:\/\/www.makitamarket.com.tr\/site\/wp-json\/wp\/v2\/product\/13320","targetHints":{"allow":["GET"]}}],"collection":[{"href":"https:\/\/www.makitamarket.com.tr\/site\/wp-json\/wp\/v2\/product"}],"about":[{"href":"https:\/\/www.makitamarket.com.tr\/site\/wp-json\/wp\/v2\/types\/product"}],"replies":[{"embeddable":true,"href":"https:\/\/www.makitamarket.com.tr\/site\/wp-json\/wp\/v2\/comments?post=13320"}],"wp:attachment":[{"href":"https:\/\/www.makitamarket.com.tr\/site\/wp-json\/wp\/v2\/media?parent=13320"}],"wp:term":[{"taxonomy":"product_brand","embeddable":true,"href":"https:\/\/www.makitamarket.com.tr\/site\/wp-json\/wp\/v2\/product_brand?post=13320"},{"taxonomy":"product_cat","embeddable":true,"href":"https:\/\/www.makitamarket.com.tr\/site\/wp-json\/wp\/v2\/product_cat?post=13320"},{"taxonomy":"product_tag","embeddable":true,"href":"https:\/\/www.makitamarket.com.tr\/site\/wp-json\/wp\/v2\/product_tag?post=13320"}],"curies":[{"name":"wp","href":"https:\/\/api.w.org\/{rel}","templated":true}]}}