{"id":13363,"date":"2024-11-28T18:18:35","date_gmt":"2024-11-28T15:18:35","guid":{"rendered":"https:\/\/www.makitamarket.com.tr\/site\/urun\/clipper-norton-clipper-30184-pro-ceram-glass-180mm-testere\/"},"modified":"2026-04-06T14:27:37","modified_gmt":"2026-04-06T11:27:37","slug":"clipper-norton-clipper-30184-pro-ceram-glass-180mm-testere","status":"publish","type":"product","link":"https:\/\/www.makitamarket.com.tr\/site\/urun\/clipper-norton-clipper-30184-pro-ceram-glass-180mm-testere\/","title":{"rendered":"Clipper 30184 NORTON CLIPPER 30184 PRO CERAM GLASS 180mm TESTERE"},"content":{"rendered":"<p>\n\tCam kesme ve s\u0131rl\u0131 malzeme i\u00e7in s\u00fcrekli elmas kesme diski.<\/p>\n<p>\n\t\u00dcr\u00fcne has \u00f6zellikler, cam ve cam benzeri malzemelerin kesim i\u015fleminde en iyi kaliteyi sunar.<\/p>\n<p>\n\tKullan\u0131m alanlar\u0131 : Cam, tekst\u00fcre cam kiremit ve s\u0131rl\u0131 seramik karolar.<\/p>\n<table>\n<tr>\n<td>\u00c7ap<\/td>\n<td>180mm<\/td>\n<\/tr>\n<tr>\n<td>Merkez<\/td>\n<td>25,4mm<\/td>\n<\/tr>\n<tr>\n<td>Segman (Y\/G-mm)<\/td>\n<td>10\/1,6 mm<\/td>\n<\/tr>\n<tr>\n<td>Performans<\/td>\n<td>5 y\u0131ld\u0131z<\/td>\n<\/tr>\n<\/table>\n","protected":false},"excerpt":{"rendered":"<p>\n\tCam kesme ve s\u0131rl\u0131 malzeme i\u00e7in s\u00fcrekli elmas kesme diski.<\/p>\n<p>\n\t\u00dcr\u00fcne has \u00f6zellikler, cam ve cam benzeri malzemelerin kesim i\u015fleminde en iyi kaliteyi sunar.<\/p>\n<p>\n\tKullan\u0131m alanlar\u0131 : Cam, tekst\u00fcre cam kiremit ve s\u0131rl\u0131 seramik karolar.<\/p>\n","protected":false},"featured_media":13362,"comment_status":"open","ping_status":"closed","template":"","meta":{"_acf_changed":false},"product_brand":[1497],"product_cat":[1565],"product_tag":[],"class_list":{"0":"post-13363","1":"product","2":"type-product","3":"status-publish","4":"has-post-thumbnail","6":"product_brand-clipper","7":"product_cat-yok-yok","9":"first","10":"instock","11":"taxable","12":"shipping-taxable","13":"purchasable","14":"product-type-simple","15":"add-to-wishlist-after_add_to_cart"},"acf":[],"_links":{"self":[{"href":"https:\/\/www.makitamarket.com.tr\/site\/wp-json\/wp\/v2\/product\/13363","targetHints":{"allow":["GET"]}}],"collection":[{"href":"https:\/\/www.makitamarket.com.tr\/site\/wp-json\/wp\/v2\/product"}],"about":[{"href":"https:\/\/www.makitamarket.com.tr\/site\/wp-json\/wp\/v2\/types\/product"}],"replies":[{"embeddable":true,"href":"https:\/\/www.makitamarket.com.tr\/site\/wp-json\/wp\/v2\/comments?post=13363"}],"wp:featuredmedia":[{"embeddable":true,"href":"https:\/\/www.makitamarket.com.tr\/site\/wp-json\/wp\/v2\/media\/13362"}],"wp:attachment":[{"href":"https:\/\/www.makitamarket.com.tr\/site\/wp-json\/wp\/v2\/media?parent=13363"}],"wp:term":[{"taxonomy":"product_brand","embeddable":true,"href":"https:\/\/www.makitamarket.com.tr\/site\/wp-json\/wp\/v2\/product_brand?post=13363"},{"taxonomy":"product_cat","embeddable":true,"href":"https:\/\/www.makitamarket.com.tr\/site\/wp-json\/wp\/v2\/product_cat?post=13363"},{"taxonomy":"product_tag","embeddable":true,"href":"https:\/\/www.makitamarket.com.tr\/site\/wp-json\/wp\/v2\/product_tag?post=13363"}],"curies":[{"name":"wp","href":"https:\/\/api.w.org\/{rel}","templated":true}]}}