{"id":13367,"date":"2024-11-28T18:18:36","date_gmt":"2024-11-28T15:18:36","guid":{"rendered":"https:\/\/www.makitamarket.com.tr\/site\/urun\/knipex-knipex-74-06-200-agir-hizmet-vde-yan-keski\/"},"modified":"2026-03-30T08:35:24","modified_gmt":"2026-03-30T05:35:24","slug":"knipex-knipex-74-06-200-agir-hizmet-vde-yan-keski","status":"publish","type":"product","link":"https:\/\/www.makitamarket.com.tr\/site\/urun\/knipex-knipex-74-06-200-agir-hizmet-vde-yan-keski\/","title":{"rendered":"Knipex 7406200 KNIPEX 74 06 200 AGIR HIZMET VDE YAN KESKI"},"content":{"rendered":"<p><strong>74 06 200 A\u011f\u0131r Hizmet Yan Keski<\/strong><\/p>\n<p>En zor \u00e7al\u0131\u015fma \u015fartlar\u0131 ve s\u00fcrekli kullan\u0131m i\u00e7in. Kesici a\u00e7\u0131s\u0131, aktar\u0131m oran\u0131 ve ergonomik sap \u015feklinin optimum uyumu sayesinde az kuvvet harcanmas\u0131na ra\u011fmen y\u00fcksek kesme performans\u0131. Piyano teli dahil b\u00fct\u00fcn tel \u00e7e\u015fitleri i\u00e7in hassas kesiciler. Hassas kesim a\u011f\u0131z\u0131 ind\u00fcksiyonda sertle\u015ftirilmi\u015f (kesici sertli\u011fi yakl. 64 HRC). <\/p>\n<p><strong>Orta sert tel kesme de\u011feri (\u00e7ap): <\/strong>\u00d8 4,2 mm<\/p>\n<p><strong>Schneidwerte harter Draht (Durchmesser): <\/strong>\u00d8 3,0 mm<\/p>\n<p><strong>Piyano tel kesme de\u011feri (\u00e7ap): <\/strong>\u00d8 2,5 mm<\/p>\n<p><strong>VDE onayl\u0131: <\/strong>evet&nbsp;<\/p>\n<table><\/table>\n","protected":false},"excerpt":{"rendered":"<p><strong>74 06 200 A\u011f\u0131r Hizmet Yan Keski<\/strong><\/p>\n<p>En zor \u00e7al\u0131\u015fma \u015fartlar\u0131 ve s\u00fcrekli kullan\u0131m i\u00e7in. Kesici a\u00e7\u0131s\u0131, aktar\u0131m oran\u0131 ve ergonomik sap \u015feklinin optimum uyumu sayesinde az kuvvet harcanmas\u0131na ra\u011fmen y\u00fcksek kesme performans\u0131. Piyano teli dahil b\u00fct\u00fcn tel \u00e7e\u015fitleri i\u00e7in hassas kesiciler. Hassas kesim a\u011f\u0131z\u0131 ind\u00fcksiyonda sertle\u015ftirilmi\u015f (kesici sertli\u011fi yakl. 64 HRC). <\/p>\n<p><strong>Orta sert tel kesme de\u011feri (\u00e7ap): <\/strong>\u00d8 4,2 mm<\/p>\n<p><strong>Schneidwerte harter Draht (Durchmesser): <\/strong>\u00d8 3,0 mm<\/p>\n<p><strong>Piyano tel kesme de\u011feri (\u00e7ap): <\/strong>\u00d8 2,5 mm<\/p>\n<p><strong>VDE onayl\u0131: <\/strong>evet&nbsp;<\/p>\n","protected":false},"featured_media":0,"comment_status":"open","ping_status":"closed","template":"","meta":{"_acf_changed":false},"product_brand":[1486],"product_cat":[1161],"product_tag":[],"class_list":{"0":"post-13367","1":"product","2":"type-product","3":"status-publish","5":"product_brand-knipex","6":"product_cat-yan-keskiler","8":"first","9":"instock","10":"taxable","11":"shipping-taxable","12":"purchasable","13":"product-type-simple","14":"add-to-wishlist-after_add_to_cart"},"acf":[],"_links":{"self":[{"href":"https:\/\/www.makitamarket.com.tr\/site\/wp-json\/wp\/v2\/product\/13367","targetHints":{"allow":["GET"]}}],"collection":[{"href":"https:\/\/www.makitamarket.com.tr\/site\/wp-json\/wp\/v2\/product"}],"about":[{"href":"https:\/\/www.makitamarket.com.tr\/site\/wp-json\/wp\/v2\/types\/product"}],"replies":[{"embeddable":true,"href":"https:\/\/www.makitamarket.com.tr\/site\/wp-json\/wp\/v2\/comments?post=13367"}],"wp:attachment":[{"href":"https:\/\/www.makitamarket.com.tr\/site\/wp-json\/wp\/v2\/media?parent=13367"}],"wp:term":[{"taxonomy":"product_brand","embeddable":true,"href":"https:\/\/www.makitamarket.com.tr\/site\/wp-json\/wp\/v2\/product_brand?post=13367"},{"taxonomy":"product_cat","embeddable":true,"href":"https:\/\/www.makitamarket.com.tr\/site\/wp-json\/wp\/v2\/product_cat?post=13367"},{"taxonomy":"product_tag","embeddable":true,"href":"https:\/\/www.makitamarket.com.tr\/site\/wp-json\/wp\/v2\/product_tag?post=13367"}],"curies":[{"name":"wp","href":"https:\/\/api.w.org\/{rel}","templated":true}]}}