{"id":13369,"date":"2024-11-28T18:20:17","date_gmt":"2024-11-28T15:20:17","guid":{"rendered":"https:\/\/www.makitamarket.com.tr\/site\/urun\/topart-cirtli-kelepce-9-0x1200-mm\/"},"modified":"2026-03-30T08:35:25","modified_gmt":"2026-03-30T05:35:25","slug":"topart-cirtli-kelepce-9-0x1200-mm","status":"publish","type":"product","link":"https:\/\/www.makitamarket.com.tr\/site\/urun\/topart-cirtli-kelepce-9-0x1200-mm\/","title":{"rendered":"Topart TA01645 CIRTLI KELEP\u00c7E 9.0&#215;1200 mm"},"content":{"rendered":"<div>\n<div>\n\t\t\u2022 Kendili\u011finden Kilitlemeli<\/div>\n<div>\n\t\t\u2022 Kolay ve H\u0131zl\u0131 Montaj<\/div>\n<\/div>\n<table>\n<tr>\n<td>\u00d6l\u00e7\u00fcs\u00fc<\/td>\n<td>9,0\u00a0x 1200 mm.<\/td>\n<\/tr>\n<tr>\n<td>Paket \u0130\u00e7i Adedi<\/td>\n<td>100<\/td>\n<\/tr>\n<tr>\n<td>Koli \u0130\u00e7i Adedi<\/td>\n<td>10<\/td>\n<\/tr>\n<\/table>\n","protected":false},"excerpt":{"rendered":"<div>\n<div>\n\t\t\u2022 Kendili\u011finden Kilitlemeli<\/div>\n<div>\n\t\t\u2022 Kolay ve H\u0131zl\u0131 Montaj<\/div>\n<\/div>\n","protected":false},"featured_media":13368,"comment_status":"open","ping_status":"closed","template":"","meta":{"_acf_changed":false},"product_brand":[1527],"product_cat":[1246],"product_tag":[],"class_list":{"0":"post-13369","1":"product","2":"type-product","3":"status-publish","4":"has-post-thumbnail","6":"product_brand-topart","7":"product_cat-plastik-cirt-kelepceler","9":"first","10":"instock","11":"taxable","12":"shipping-taxable","13":"purchasable","14":"product-type-simple","15":"add-to-wishlist-after_add_to_cart"},"acf":[],"_links":{"self":[{"href":"https:\/\/www.makitamarket.com.tr\/site\/wp-json\/wp\/v2\/product\/13369","targetHints":{"allow":["GET"]}}],"collection":[{"href":"https:\/\/www.makitamarket.com.tr\/site\/wp-json\/wp\/v2\/product"}],"about":[{"href":"https:\/\/www.makitamarket.com.tr\/site\/wp-json\/wp\/v2\/types\/product"}],"replies":[{"embeddable":true,"href":"https:\/\/www.makitamarket.com.tr\/site\/wp-json\/wp\/v2\/comments?post=13369"}],"wp:featuredmedia":[{"embeddable":true,"href":"https:\/\/www.makitamarket.com.tr\/site\/wp-json\/wp\/v2\/media\/13368"}],"wp:attachment":[{"href":"https:\/\/www.makitamarket.com.tr\/site\/wp-json\/wp\/v2\/media?parent=13369"}],"wp:term":[{"taxonomy":"product_brand","embeddable":true,"href":"https:\/\/www.makitamarket.com.tr\/site\/wp-json\/wp\/v2\/product_brand?post=13369"},{"taxonomy":"product_cat","embeddable":true,"href":"https:\/\/www.makitamarket.com.tr\/site\/wp-json\/wp\/v2\/product_cat?post=13369"},{"taxonomy":"product_tag","embeddable":true,"href":"https:\/\/www.makitamarket.com.tr\/site\/wp-json\/wp\/v2\/product_tag?post=13369"}],"curies":[{"name":"wp","href":"https:\/\/api.w.org\/{rel}","templated":true}]}}