{"id":13382,"date":"2024-11-28T18:20:23","date_gmt":"2024-11-28T15:20:23","guid":{"rendered":"https:\/\/www.makitamarket.com.tr\/site\/urun\/proxxon-freze-uc-seti-6-10mm\/"},"modified":"2026-03-30T08:35:28","modified_gmt":"2026-03-30T05:35:28","slug":"proxxon-freze-uc-seti-6-10mm","status":"publish","type":"product","link":"https:\/\/www.makitamarket.com.tr\/site\/urun\/proxxon-freze-uc-seti-6-10mm\/","title":{"rendered":"Proxxon 24620 FREZE U\u00c7 SET\u0130 6 &#8211; 10MM"},"content":{"rendered":"<div>\n\t<span style=\"font-size:12px;\"><span style=\"font-family:tahoma,geneva,sans-serif;\">6,7,8 ve 10 mm \u00e7apl\u0131 HSS u\u00e7lar.<br \/>\n\t<\/span><\/span><\/div>\n<div>\n\t<span style=\"font-size:12px;\"><span style=\"font-family:tahoma,geneva,sans-serif;\">DIN 844 &#8216;e g\u00f6re d\u00f6rt oyuklu.<br \/>\n\t<\/span><\/span><\/div>\n<div>\n\t<span style=\"font-size:12px;\"><span style=\"font-family:tahoma,geneva,sans-serif;\">Kayar kapakl\u0131 ah\u015fap kutu i\u00e7inde.<br \/>\n\t<\/span><\/span><\/div>\n<table><\/table>\n","protected":false},"excerpt":{"rendered":"<div>\n\t<span style=\"font-size:12px;\"><span style=\"font-family:tahoma,geneva,sans-serif;\">6,7,8 ve 10 mm \u00e7apl\u0131 HSS u\u00e7lar.<br \/>\n\t<\/span><\/span><\/div>\n<div>\n\t<span style=\"font-size:12px;\"><span style=\"font-family:tahoma,geneva,sans-serif;\">DIN 844 &#8216;e g\u00f6re d\u00f6rt oyuklu.<br \/>\n\t<\/span><\/span><\/div>\n<div>\n\t<span style=\"font-size:12px;\"><span style=\"font-family:tahoma,geneva,sans-serif;\">Kayar kapakl\u0131 ah\u015fap kutu i\u00e7inde.<br \/>\n\t<\/span><\/span><\/div>\n","protected":false},"featured_media":13381,"comment_status":"open","ping_status":"closed","template":"","meta":{"_acf_changed":false},"product_brand":[1501],"product_cat":[926],"product_tag":[],"class_list":{"0":"post-13382","1":"product","2":"type-product","3":"status-publish","4":"has-post-thumbnail","6":"product_brand-proxxon","7":"product_cat-aksesuarlar-mikro-aletleri","9":"first","10":"outofstock","11":"taxable","12":"shipping-taxable","13":"purchasable","14":"product-type-simple","15":"add-to-wishlist-after_add_to_cart"},"acf":[],"_links":{"self":[{"href":"https:\/\/www.makitamarket.com.tr\/site\/wp-json\/wp\/v2\/product\/13382","targetHints":{"allow":["GET"]}}],"collection":[{"href":"https:\/\/www.makitamarket.com.tr\/site\/wp-json\/wp\/v2\/product"}],"about":[{"href":"https:\/\/www.makitamarket.com.tr\/site\/wp-json\/wp\/v2\/types\/product"}],"replies":[{"embeddable":true,"href":"https:\/\/www.makitamarket.com.tr\/site\/wp-json\/wp\/v2\/comments?post=13382"}],"wp:featuredmedia":[{"embeddable":true,"href":"https:\/\/www.makitamarket.com.tr\/site\/wp-json\/wp\/v2\/media\/13381"}],"wp:attachment":[{"href":"https:\/\/www.makitamarket.com.tr\/site\/wp-json\/wp\/v2\/media?parent=13382"}],"wp:term":[{"taxonomy":"product_brand","embeddable":true,"href":"https:\/\/www.makitamarket.com.tr\/site\/wp-json\/wp\/v2\/product_brand?post=13382"},{"taxonomy":"product_cat","embeddable":true,"href":"https:\/\/www.makitamarket.com.tr\/site\/wp-json\/wp\/v2\/product_cat?post=13382"},{"taxonomy":"product_tag","embeddable":true,"href":"https:\/\/www.makitamarket.com.tr\/site\/wp-json\/wp\/v2\/product_tag?post=13382"}],"curies":[{"name":"wp","href":"https:\/\/api.w.org\/{rel}","templated":true}]}}