{"id":13391,"date":"2024-11-28T18:20:30","date_gmt":"2024-11-28T15:20:30","guid":{"rendered":"https:\/\/www.makitamarket.com.tr\/site\/urun\/knipex-alti-kose-izoleli-allen-anahtar-250-mm\/"},"modified":"2026-03-30T08:35:31","modified_gmt":"2026-03-30T05:35:31","slug":"knipex-alti-kose-izoleli-allen-anahtar-250-mm","status":"publish","type":"product","link":"https:\/\/www.makitamarket.com.tr\/site\/urun\/knipex-alti-kose-izoleli-allen-anahtar-250-mm\/","title":{"rendered":"Knipex 981508 ALTI K\u00d6\u015eE \u0130ZOLEL\u0130 ALLEN ANAHTAR 250 mm"},"content":{"rendered":"<p><b>98 15 08 Tornavida (alyen civatalar\u0131 i\u00e7in)<\/b><\/p>\n<li><b>T sap uzunlu\u011fu: <\/b>90,0 mm<\/li>\n<li><b>Anahtar \u00f6l\u00e7\u00fcs\u00fc S: <\/b>8,0 mm<\/li>\n<li><b>\u0130zolesiz kesici uzunlu\u011fu \u00b1 2: <\/b>11,0 mm<\/li>\n<table>\n<tr>\n<td>Uzunluk<\/td>\n<td>250<\/td>\n<\/tr>\n<tr>\n<td>Anahtar \u00d6l\u00e7\u00fcs\u00fc<\/td>\n<td>8 mm<\/td>\n<\/tr>\n<tr>\n<td>\u0130zolesiz U\u00e7 Uzunlu\u011fu<\/td>\n<td>11 mm<\/td>\n<\/tr>\n<tr>\n<td>T Sap Uzunlu\u011fu<\/td>\n<td>90 mm<\/td>\n<\/tr>\n<tr>\n<td>A\u011f\u0131rl\u0131k<\/td>\n<td>359 gr<\/td>\n<\/tr>\n<\/table>\n","protected":false},"excerpt":{"rendered":"<p><b>98 15 08 Tornavida (alyen civatalar\u0131 i\u00e7in)<\/b><\/p>\n<li><b>T sap uzunlu\u011fu: <\/b>90,0 mm<\/li>\n<li><b>Anahtar \u00f6l\u00e7\u00fcs\u00fc S: <\/b>8,0 mm<\/li>\n<li><b>\u0130zolesiz kesici uzunlu\u011fu \u00b1 2: <\/b>11,0 mm<\/li>\n","protected":false},"featured_media":13393,"comment_status":"open","ping_status":"closed","template":"","meta":{"_acf_changed":false},"product_brand":[1486],"product_cat":[1233],"product_tag":[],"class_list":{"0":"post-13391","1":"product","2":"type-product","3":"status-publish","4":"has-post-thumbnail","6":"product_brand-knipex","7":"product_cat-izoleli-anahtarlar","9":"first","10":"instock","11":"taxable","12":"shipping-taxable","13":"purchasable","14":"product-type-simple","15":"add-to-wishlist-after_add_to_cart"},"acf":[],"_links":{"self":[{"href":"https:\/\/www.makitamarket.com.tr\/site\/wp-json\/wp\/v2\/product\/13391","targetHints":{"allow":["GET"]}}],"collection":[{"href":"https:\/\/www.makitamarket.com.tr\/site\/wp-json\/wp\/v2\/product"}],"about":[{"href":"https:\/\/www.makitamarket.com.tr\/site\/wp-json\/wp\/v2\/types\/product"}],"replies":[{"embeddable":true,"href":"https:\/\/www.makitamarket.com.tr\/site\/wp-json\/wp\/v2\/comments?post=13391"}],"wp:featuredmedia":[{"embeddable":true,"href":"https:\/\/www.makitamarket.com.tr\/site\/wp-json\/wp\/v2\/media\/13393"}],"wp:attachment":[{"href":"https:\/\/www.makitamarket.com.tr\/site\/wp-json\/wp\/v2\/media?parent=13391"}],"wp:term":[{"taxonomy":"product_brand","embeddable":true,"href":"https:\/\/www.makitamarket.com.tr\/site\/wp-json\/wp\/v2\/product_brand?post=13391"},{"taxonomy":"product_cat","embeddable":true,"href":"https:\/\/www.makitamarket.com.tr\/site\/wp-json\/wp\/v2\/product_cat?post=13391"},{"taxonomy":"product_tag","embeddable":true,"href":"https:\/\/www.makitamarket.com.tr\/site\/wp-json\/wp\/v2\/product_tag?post=13391"}],"curies":[{"name":"wp","href":"https:\/\/api.w.org\/{rel}","templated":true}]}}