{"id":13414,"date":"2024-11-28T18:20:36","date_gmt":"2024-11-28T15:20:36","guid":{"rendered":"https:\/\/www.makitamarket.com.tr\/site\/urun\/proxxon-db250-icin-3-ceneli-ayna\/"},"modified":"2026-04-06T14:33:51","modified_gmt":"2026-04-06T11:33:51","slug":"proxxon-db250-icin-3-ceneli-ayna","status":"publish","type":"product","link":"https:\/\/www.makitamarket.com.tr\/site\/urun\/proxxon-db250-icin-3-ceneli-ayna\/","title":{"rendered":"Proxxon 27026 DB250 \u0130\u00c7\u0130N 3 \u00c7ENEL\u0130 AYNA"},"content":{"rendered":"<p>\n\tHassas s\u0131k\u0131\u015ft\u0131rma i\u00e7in kullan\u0131l\u0131r. \u00c7inko d\u00f6k\u00fcmden yap\u0131lma ve 1.5 &#8211; 32 mm aras\u0131 i\u00e7ten ve \u00e7eneler ters \u00e7evrildi\u011finde d\u0131\u015ftan 12 &#8211; 65mm aras\u0131 s\u0131k\u0131\u015ft\u0131rma sa\u011flamaktad\u0131r. DB 250 ayna miline direk ba\u011flanmay\u0131 sa\u011flayan M16x1 vidal\u0131d\u0131r.<\/p>\n<table><\/table>\n","protected":false},"excerpt":{"rendered":"<p>\n\tHassas s\u0131k\u0131\u015ft\u0131rma i\u00e7in kullan\u0131l\u0131r. \u00c7inko d\u00f6k\u00fcmden yap\u0131lma ve 1.5 &#8211; 32 mm aras\u0131 i\u00e7ten ve \u00e7eneler ters \u00e7evrildi\u011finde d\u0131\u015ftan 12 &#8211; 65mm aras\u0131 s\u0131k\u0131\u015ft\u0131rma sa\u011flamaktad\u0131r. DB 250 ayna miline direk ba\u011flanmay\u0131 sa\u011flayan M16x1 vidal\u0131d\u0131r.<\/p>\n","protected":false},"featured_media":13413,"comment_status":"open","ping_status":"closed","template":"","meta":{"_acf_changed":false},"product_brand":[1501],"product_cat":[926],"product_tag":[],"class_list":{"0":"post-13414","1":"product","2":"type-product","3":"status-publish","4":"has-post-thumbnail","6":"product_brand-proxxon","7":"product_cat-aksesuarlar-mikro-aletleri","9":"first","10":"outofstock","11":"taxable","12":"shipping-taxable","13":"purchasable","14":"product-type-simple","15":"add-to-wishlist-after_add_to_cart"},"acf":[],"_links":{"self":[{"href":"https:\/\/www.makitamarket.com.tr\/site\/wp-json\/wp\/v2\/product\/13414","targetHints":{"allow":["GET"]}}],"collection":[{"href":"https:\/\/www.makitamarket.com.tr\/site\/wp-json\/wp\/v2\/product"}],"about":[{"href":"https:\/\/www.makitamarket.com.tr\/site\/wp-json\/wp\/v2\/types\/product"}],"replies":[{"embeddable":true,"href":"https:\/\/www.makitamarket.com.tr\/site\/wp-json\/wp\/v2\/comments?post=13414"}],"wp:featuredmedia":[{"embeddable":true,"href":"https:\/\/www.makitamarket.com.tr\/site\/wp-json\/wp\/v2\/media\/13413"}],"wp:attachment":[{"href":"https:\/\/www.makitamarket.com.tr\/site\/wp-json\/wp\/v2\/media?parent=13414"}],"wp:term":[{"taxonomy":"product_brand","embeddable":true,"href":"https:\/\/www.makitamarket.com.tr\/site\/wp-json\/wp\/v2\/product_brand?post=13414"},{"taxonomy":"product_cat","embeddable":true,"href":"https:\/\/www.makitamarket.com.tr\/site\/wp-json\/wp\/v2\/product_cat?post=13414"},{"taxonomy":"product_tag","embeddable":true,"href":"https:\/\/www.makitamarket.com.tr\/site\/wp-json\/wp\/v2\/product_tag?post=13414"}],"curies":[{"name":"wp","href":"https:\/\/api.w.org\/{rel}","templated":true}]}}