{"id":13424,"date":"2024-11-28T18:22:44","date_gmt":"2024-11-28T15:22:44","guid":{"rendered":"https:\/\/www.makitamarket.com.tr\/site\/urun\/powerwash-hali-yikama-kimyasali\/"},"modified":"2025-11-16T07:42:28","modified_gmt":"2025-11-16T04:42:28","slug":"powerwash-hali-yikama-kimyasali","status":"publish","type":"product","link":"https:\/\/www.makitamarket.com.tr\/site\/urun\/powerwash-hali-yikama-kimyasali\/","title":{"rendered":"Powerwash PW503 HALI YIKAMA K\u0130MYASALI"},"content":{"rendered":"<div>\n\tPW503 hal\u0131 ve koltuklar\u0131n\u0131zda kal\u0131c\u0131 ve ferah bir koku b\u0131rak\u0131r. Kontroll\u00fc k\u00f6p\u00fck \u00f6zelli\u011fi sayesinde \u00f6zellikle hal\u0131 y\u0131kama makinalar\u0131nda rahatl\u0131kla kullan\u0131labilmektedir. Leke \u00e7\u0131kar\u0131c\u0131 form\u00fcl\u00fc ile etkili ve son derece verimli bir y\u0131kama sa\u011flar. Konsantre olmas\u0131 nedeni ile son derece ekonomiktir.<\/div>\n<div>\n\t<strong>Uygulama<\/strong>:Konsantrasyonu 1\/5 uygulama \u015fekli ile 5 Lt suya 1 Lt PW503 Hal\u0131 Y\u0131kama Deterjan\u0131 kar\u0131\u015ft\u0131r\u0131larak kullan\u0131ma haz\u0131r hale getirilir. Ev tipi hassas makinelerde bu oran 1\/6 \u015feklinde de uygulanabilir.<\/div>\n<table>\n<tr>\n<td>Birim A\u011f\u0131rl\u0131\u011f\u0131<\/td>\n<td>20 Kg<\/td>\n<\/tr>\n<tr>\n<td>Ambalaj \u015eekli<\/td>\n<td>Bidon 20 Kg<\/td>\n<\/tr>\n<tr>\n<td>Ph De\u011feri<\/td>\n<td>Ph 7 &#8211; 8<\/td>\n<\/tr>\n<tr>\n<td>Kullan\u0131ld\u0131\u011f\u0131 Yerler<\/td>\n<td>Hal\u0131<\/td>\n<\/tr>\n<tr>\n<td>\u00dcr\u00fcn \u00d6zelli\u011fi<\/td>\n<td>S\u0131v\u0131<\/td>\n<\/tr>\n<tr>\n<td>Kullan\u0131m \u015eekli<\/td>\n<td>Makine \u0130le<\/td>\n<\/tr>\n<\/table>\n","protected":false},"excerpt":{"rendered":"<div>\n\tPW503 hal\u0131 ve koltuklar\u0131n\u0131zda kal\u0131c\u0131 ve ferah bir koku b\u0131rak\u0131r. Kontroll\u00fc k\u00f6p\u00fck \u00f6zelli\u011fi sayesinde \u00f6zellikle hal\u0131 y\u0131kama makinalar\u0131nda rahatl\u0131kla kullan\u0131labilmektedir. Leke \u00e7\u0131kar\u0131c\u0131 form\u00fcl\u00fc ile etkili ve son derece verimli bir y\u0131kama sa\u011flar. Konsantre olmas\u0131 nedeni ile son derece ekonomiktir.<\/div>\n<div>\n\t<strong>Uygulama<\/strong>:Konsantrasyonu 1\/5 uygulama \u015fekli ile 5 Lt suya 1 Lt PW503 Hal\u0131 Y\u0131kama Deterjan\u0131 kar\u0131\u015ft\u0131r\u0131larak kullan\u0131ma haz\u0131r hale getirilir. Ev tipi hassas makinelerde bu oran 1\/6 \u015feklinde de uygulanabilir.<\/div>\n","protected":false},"featured_media":14405,"comment_status":"open","ping_status":"closed","template":"","meta":{"_acf_changed":false},"product_brand":[1489],"product_cat":[1565],"product_tag":[],"class_list":{"0":"post-13424","1":"product","2":"type-product","3":"status-publish","4":"has-post-thumbnail","6":"product_brand-powerwash","7":"product_cat-yok-yok","9":"first","10":"outofstock","11":"taxable","12":"shipping-taxable","13":"purchasable","14":"product-type-simple","15":"add-to-wishlist-after_add_to_cart"},"acf":[],"_links":{"self":[{"href":"https:\/\/www.makitamarket.com.tr\/site\/wp-json\/wp\/v2\/product\/13424","targetHints":{"allow":["GET"]}}],"collection":[{"href":"https:\/\/www.makitamarket.com.tr\/site\/wp-json\/wp\/v2\/product"}],"about":[{"href":"https:\/\/www.makitamarket.com.tr\/site\/wp-json\/wp\/v2\/types\/product"}],"replies":[{"embeddable":true,"href":"https:\/\/www.makitamarket.com.tr\/site\/wp-json\/wp\/v2\/comments?post=13424"}],"wp:featuredmedia":[{"embeddable":true,"href":"https:\/\/www.makitamarket.com.tr\/site\/wp-json\/wp\/v2\/media\/14405"}],"wp:attachment":[{"href":"https:\/\/www.makitamarket.com.tr\/site\/wp-json\/wp\/v2\/media?parent=13424"}],"wp:term":[{"taxonomy":"product_brand","embeddable":true,"href":"https:\/\/www.makitamarket.com.tr\/site\/wp-json\/wp\/v2\/product_brand?post=13424"},{"taxonomy":"product_cat","embeddable":true,"href":"https:\/\/www.makitamarket.com.tr\/site\/wp-json\/wp\/v2\/product_cat?post=13424"},{"taxonomy":"product_tag","embeddable":true,"href":"https:\/\/www.makitamarket.com.tr\/site\/wp-json\/wp\/v2\/product_tag?post=13424"}],"curies":[{"name":"wp","href":"https:\/\/api.w.org\/{rel}","templated":true}]}}