{"id":13425,"date":"2024-11-28T18:22:44","date_gmt":"2024-11-28T15:22:44","guid":{"rendered":"https:\/\/www.makitamarket.com.tr\/site\/urun\/makita-sds-max-elmas-matkap-uc-32370-p-78031\/"},"modified":"2026-03-30T08:36:22","modified_gmt":"2026-03-30T05:36:22","slug":"makita-sds-max-elmas-matkap-uc-32370-p-78031","status":"publish","type":"product","link":"https:\/\/www.makitamarket.com.tr\/site\/urun\/makita-sds-max-elmas-matkap-uc-32370-p-78031\/","title":{"rendered":"Makita P-78031 (P-17348) SDS &#8211; MAX ELMAS MATKAP UC 32*370 P &#8211; 78031"},"content":{"rendered":"<table>\n<tr>\n<td>Matkap \u00c7ap\u0131<\/td>\n<td>32<\/td>\n<\/tr>\n<tr>\n<td>Matkap Boyu<\/td>\n<td>370<\/td>\n<\/tr>\n<tr>\n<td>\u00c7al\u0131\u015fma Uzunlu\u011fu<\/td>\n<td>250<\/td>\n<\/tr>\n<tr>\n<td>\u00c7ap<\/td>\n<td>32 mm<\/td>\n<\/tr>\n<tr>\n<td>Uzunluk<\/td>\n<td>370 mm<\/td>\n<\/tr>\n<tr>\n<td>\u00c7al\u0131\u015fma Uzunlu\u011fu<\/td>\n<td>250 mm<\/td>\n<\/tr>\n<\/table>\n","protected":false},"excerpt":{"rendered":"<p>Matkap \u00c7ap\u0131 32 Matkap Boyu 370 \u00c7al\u0131\u015fma Uzunlu\u011fu 250 \u00c7ap 32 mm Uzunluk 370 mm \u00c7al\u0131\u015fma Uzunlu\u011fu 250 mm<\/p>\n","protected":false},"featured_media":0,"comment_status":"open","ping_status":"closed","template":"","meta":{"_acf_changed":false},"product_brand":[1485],"product_cat":[809],"product_tag":[],"class_list":{"0":"post-13425","1":"product","2":"type-product","3":"status-publish","5":"product_brand-makita","6":"product_cat-sds-max-uclar","8":"first","9":"instock","10":"taxable","11":"shipping-taxable","12":"purchasable","13":"product-type-simple","14":"add-to-wishlist-after_add_to_cart"},"acf":[],"_links":{"self":[{"href":"https:\/\/www.makitamarket.com.tr\/site\/wp-json\/wp\/v2\/product\/13425","targetHints":{"allow":["GET"]}}],"collection":[{"href":"https:\/\/www.makitamarket.com.tr\/site\/wp-json\/wp\/v2\/product"}],"about":[{"href":"https:\/\/www.makitamarket.com.tr\/site\/wp-json\/wp\/v2\/types\/product"}],"replies":[{"embeddable":true,"href":"https:\/\/www.makitamarket.com.tr\/site\/wp-json\/wp\/v2\/comments?post=13425"}],"wp:attachment":[{"href":"https:\/\/www.makitamarket.com.tr\/site\/wp-json\/wp\/v2\/media?parent=13425"}],"wp:term":[{"taxonomy":"product_brand","embeddable":true,"href":"https:\/\/www.makitamarket.com.tr\/site\/wp-json\/wp\/v2\/product_brand?post=13425"},{"taxonomy":"product_cat","embeddable":true,"href":"https:\/\/www.makitamarket.com.tr\/site\/wp-json\/wp\/v2\/product_cat?post=13425"},{"taxonomy":"product_tag","embeddable":true,"href":"https:\/\/www.makitamarket.com.tr\/site\/wp-json\/wp\/v2\/product_tag?post=13425"}],"curies":[{"name":"wp","href":"https:\/\/api.w.org\/{rel}","templated":true}]}}