{"id":13427,"date":"2024-11-28T18:22:45","date_gmt":"2024-11-28T15:22:45","guid":{"rendered":"https:\/\/www.makitamarket.com.tr\/site\/urun\/bmi-bmi-euro-star-690200e-aluminyum-su-terazisi-200cm\/"},"modified":"2026-04-28T07:08:25","modified_gmt":"2026-04-28T04:08:25","slug":"bmi-bmi-euro-star-690200e-aluminyum-su-terazisi-200cm","status":"publish","type":"product","link":"https:\/\/www.makitamarket.com.tr\/site\/urun\/bmi-bmi-euro-star-690200e-aluminyum-su-terazisi-200cm\/","title":{"rendered":"Bmi 690200E BMI EURO STAR 690200E AL\u00dcM\u0130NYUM SU TERAZ\u0130S\u0130 200cm"},"content":{"rendered":"<div>\n\t<span dir=\"ltr\" role=\"presentation\" style=\"left: 107.353px; top: 743.297px; font-size: 10px; font-family: sans-serif; transform: scaleX(0.844737);\">Yatay g\u00f6z \u00fczerinde %2\u2019lik e\u011fim \u00e7izgileri.<\/span><br role=\"presentation\" \/><br \/>\n\t<span dir=\"ltr\" role=\"presentation\" style=\"left: 107.353px; top: 754.127px; font-size: 10px; font-family: sans-serif; transform: scaleX(0.878705);\">Lazer i\u015faretlemeli terazi g\u00f6zleri \u00f6m\u00fcr boyu 0.5mm\/m hassasiyet sa\u011flar.<\/span><\/div>\n<table>\n<tr>\n<td>Uzunluk<\/td>\n<td>200cm<\/td>\n<\/tr>\n<\/table>\n","protected":false},"excerpt":{"rendered":"<div>\n\t<span dir=\"ltr\" role=\"presentation\" style=\"left: 107.353px; top: 743.297px; font-size: 10px; font-family: sans-serif; transform: scaleX(0.844737);\">Yatay g\u00f6z \u00fczerinde %2\u2019lik e\u011fim \u00e7izgileri.<\/span><br role=\"presentation\" \/><br \/>\n\t<span dir=\"ltr\" role=\"presentation\" style=\"left: 107.353px; top: 754.127px; font-size: 10px; font-family: sans-serif; transform: scaleX(0.878705);\">Lazer i\u015faretlemeli terazi g\u00f6zleri \u00f6m\u00fcr boyu 0.5mm\/m hassasiyet sa\u011flar.<\/span><\/div>\n","protected":false},"featured_media":13426,"comment_status":"open","ping_status":"closed","template":"","meta":{"_acf_changed":false},"product_brand":[1522],"product_cat":[974],"product_tag":[],"class_list":{"0":"post-13427","1":"product","2":"type-product","3":"status-publish","4":"has-post-thumbnail","6":"product_brand-bmi","7":"product_cat-su-terazileri","9":"first","10":"outofstock","11":"taxable","12":"shipping-taxable","13":"purchasable","14":"product-type-simple","15":"add-to-wishlist-after_add_to_cart"},"acf":[],"_links":{"self":[{"href":"https:\/\/www.makitamarket.com.tr\/site\/wp-json\/wp\/v2\/product\/13427","targetHints":{"allow":["GET"]}}],"collection":[{"href":"https:\/\/www.makitamarket.com.tr\/site\/wp-json\/wp\/v2\/product"}],"about":[{"href":"https:\/\/www.makitamarket.com.tr\/site\/wp-json\/wp\/v2\/types\/product"}],"replies":[{"embeddable":true,"href":"https:\/\/www.makitamarket.com.tr\/site\/wp-json\/wp\/v2\/comments?post=13427"}],"wp:featuredmedia":[{"embeddable":true,"href":"https:\/\/www.makitamarket.com.tr\/site\/wp-json\/wp\/v2\/media\/13426"}],"wp:attachment":[{"href":"https:\/\/www.makitamarket.com.tr\/site\/wp-json\/wp\/v2\/media?parent=13427"}],"wp:term":[{"taxonomy":"product_brand","embeddable":true,"href":"https:\/\/www.makitamarket.com.tr\/site\/wp-json\/wp\/v2\/product_brand?post=13427"},{"taxonomy":"product_cat","embeddable":true,"href":"https:\/\/www.makitamarket.com.tr\/site\/wp-json\/wp\/v2\/product_cat?post=13427"},{"taxonomy":"product_tag","embeddable":true,"href":"https:\/\/www.makitamarket.com.tr\/site\/wp-json\/wp\/v2\/product_tag?post=13427"}],"curies":[{"name":"wp","href":"https:\/\/api.w.org\/{rel}","templated":true}]}}