{"id":13459,"date":"2024-11-28T18:22:56","date_gmt":"2024-11-28T15:22:56","guid":{"rendered":"https:\/\/www.makitamarket.com.tr\/site\/urun\/weller-weller-hobby-kit-2-hobby-havya-seti\/"},"modified":"2026-04-06T14:36:09","modified_gmt":"2026-04-06T11:36:09","slug":"weller-weller-hobby-kit-2-hobby-havya-seti","status":"publish","type":"product","link":"https:\/\/www.makitamarket.com.tr\/site\/urun\/weller-weller-hobby-kit-2-hobby-havya-seti\/","title":{"rendered":"Weller HOBBYKIT2 WELLER HOBBY KIT 2 HOBBY HAVYA SET\u0130"},"content":{"rendered":"<div>\n\t\u2022 Cam i\u015fleme i\u00e7in ideal<\/div>\n<div>\n\t\u2022 \u00d6zel konum stand\u0131 i\u00e7inde<\/div>\n<div>\n\t\u2022\u00a0<strong>SG10<\/strong> havya ucu setin i\u00e7inde bulunur.<\/div>\n<table>\n<tr>\n<td>Hz<\/td>\n<td>50Hz<\/td>\n<\/tr>\n<tr>\n<td>Watt<\/td>\n<td>80W<\/td>\n<\/tr>\n<tr>\n<td>Volt<\/td>\n<td>230<\/td>\n<\/tr>\n<tr>\n<td>A\u011f\u0131rl\u0131k<\/td>\n<td>1460gr<\/td>\n<\/tr>\n<\/table>\n","protected":false},"excerpt":{"rendered":"<div>\n\t\u2022 Cam i\u015fleme i\u00e7in ideal<\/div>\n<div>\n\t\u2022 \u00d6zel konum stand\u0131 i\u00e7inde<\/div>\n<div>\n\t\u2022\u00a0<strong>SG10<\/strong> havya ucu setin i\u00e7inde bulunur.<\/div>\n","protected":false},"featured_media":13458,"comment_status":"open","ping_status":"closed","template":"","meta":{"_acf_changed":false},"product_brand":[1530],"product_cat":[1004],"product_tag":[],"class_list":{"0":"post-13459","1":"product","2":"type-product","3":"status-publish","4":"has-post-thumbnail","6":"product_brand-weller","7":"product_cat-kalem-havyalar","9":"first","10":"outofstock","11":"taxable","12":"shipping-taxable","13":"purchasable","14":"product-type-simple","15":"add-to-wishlist-after_add_to_cart"},"acf":[],"_links":{"self":[{"href":"https:\/\/www.makitamarket.com.tr\/site\/wp-json\/wp\/v2\/product\/13459","targetHints":{"allow":["GET"]}}],"collection":[{"href":"https:\/\/www.makitamarket.com.tr\/site\/wp-json\/wp\/v2\/product"}],"about":[{"href":"https:\/\/www.makitamarket.com.tr\/site\/wp-json\/wp\/v2\/types\/product"}],"replies":[{"embeddable":true,"href":"https:\/\/www.makitamarket.com.tr\/site\/wp-json\/wp\/v2\/comments?post=13459"}],"wp:featuredmedia":[{"embeddable":true,"href":"https:\/\/www.makitamarket.com.tr\/site\/wp-json\/wp\/v2\/media\/13458"}],"wp:attachment":[{"href":"https:\/\/www.makitamarket.com.tr\/site\/wp-json\/wp\/v2\/media?parent=13459"}],"wp:term":[{"taxonomy":"product_brand","embeddable":true,"href":"https:\/\/www.makitamarket.com.tr\/site\/wp-json\/wp\/v2\/product_brand?post=13459"},{"taxonomy":"product_cat","embeddable":true,"href":"https:\/\/www.makitamarket.com.tr\/site\/wp-json\/wp\/v2\/product_cat?post=13459"},{"taxonomy":"product_tag","embeddable":true,"href":"https:\/\/www.makitamarket.com.tr\/site\/wp-json\/wp\/v2\/product_tag?post=13459"}],"curies":[{"name":"wp","href":"https:\/\/api.w.org\/{rel}","templated":true}]}}