{"id":13465,"date":"2024-11-28T18:24:42","date_gmt":"2024-11-28T15:24:42","guid":{"rendered":"https:\/\/www.makitamarket.com.tr\/site\/urun\/makita-sarj-cihazi-dc1804\/"},"modified":"2026-04-06T14:36:12","modified_gmt":"2026-04-06T11:36:12","slug":"makita-sarj-cihazi-dc1804","status":"publish","type":"product","link":"https:\/\/www.makitamarket.com.tr\/site\/urun\/makita-sarj-cihazi-dc1804\/","title":{"rendered":"Makita 193827-6 SARJ C\u0130HAZI DC1804"},"content":{"rendered":"<p>\n\tMakita ak\u00fclerini \u015farj etmek ama\u00e7l\u0131 kullan\u0131l\u0131r.<\/p>\n<p>\n\tN\u0130-CD 7.2V &#8211; 18V g\u00fcc\u00fcne sahip 1.3Ah ve 2.0Ah aras\u0131 ak\u00fcleri \u015farj etmektedir.<\/p>\n<p>\n\tNi-MH 7.2V &#8211; 18V g\u00fcc\u00fcne sahip 2.2Ah ve 3.0Ah aras\u0131 ak\u00fcleri \u015farj etmektedir.<\/p>\n<table>\n<tr>\n<td>Kapasite<\/td>\n<td>7.2V &#8211; 18V<\/td>\n<\/tr>\n<\/table>\n","protected":false},"excerpt":{"rendered":"<p>\n\tMakita ak\u00fclerini \u015farj etmek ama\u00e7l\u0131 kullan\u0131l\u0131r.<\/p>\n<p>\n\tN\u0130-CD 7.2V &#8211; 18V g\u00fcc\u00fcne sahip 1.3Ah ve 2.0Ah aras\u0131 ak\u00fcleri \u015farj etmektedir.<\/p>\n<p>\n\tNi-MH 7.2V &#8211; 18V g\u00fcc\u00fcne sahip 2.2Ah ve 3.0Ah aras\u0131 ak\u00fcleri \u015farj etmektedir.<\/p>\n","protected":false},"featured_media":13464,"comment_status":"open","ping_status":"closed","template":"","meta":{"_acf_changed":false},"product_brand":[1485],"product_cat":[1250],"product_tag":[],"class_list":{"0":"post-13465","1":"product","2":"type-product","3":"status-publish","4":"has-post-thumbnail","6":"product_brand-makita","7":"product_cat-nikel-kadmiyum-ni-cd-sarj-cihazlari","9":"first","10":"instock","11":"taxable","12":"shipping-taxable","13":"purchasable","14":"product-type-simple","15":"add-to-wishlist-after_add_to_cart"},"acf":[],"_links":{"self":[{"href":"https:\/\/www.makitamarket.com.tr\/site\/wp-json\/wp\/v2\/product\/13465","targetHints":{"allow":["GET"]}}],"collection":[{"href":"https:\/\/www.makitamarket.com.tr\/site\/wp-json\/wp\/v2\/product"}],"about":[{"href":"https:\/\/www.makitamarket.com.tr\/site\/wp-json\/wp\/v2\/types\/product"}],"replies":[{"embeddable":true,"href":"https:\/\/www.makitamarket.com.tr\/site\/wp-json\/wp\/v2\/comments?post=13465"}],"wp:featuredmedia":[{"embeddable":true,"href":"https:\/\/www.makitamarket.com.tr\/site\/wp-json\/wp\/v2\/media\/13464"}],"wp:attachment":[{"href":"https:\/\/www.makitamarket.com.tr\/site\/wp-json\/wp\/v2\/media?parent=13465"}],"wp:term":[{"taxonomy":"product_brand","embeddable":true,"href":"https:\/\/www.makitamarket.com.tr\/site\/wp-json\/wp\/v2\/product_brand?post=13465"},{"taxonomy":"product_cat","embeddable":true,"href":"https:\/\/www.makitamarket.com.tr\/site\/wp-json\/wp\/v2\/product_cat?post=13465"},{"taxonomy":"product_tag","embeddable":true,"href":"https:\/\/www.makitamarket.com.tr\/site\/wp-json\/wp\/v2\/product_tag?post=13465"}],"curies":[{"name":"wp","href":"https:\/\/api.w.org\/{rel}","templated":true}]}}