{"id":13467,"date":"2024-11-28T18:24:43","date_gmt":"2024-11-28T15:24:43","guid":{"rendered":"https:\/\/www.makitamarket.com.tr\/site\/urun\/scheppach-tiger-2500-icin-zimpara-tasi-250x50-mm\/"},"modified":"2026-04-06T14:36:10","modified_gmt":"2026-04-06T11:36:10","slug":"scheppach-tiger-2500-icin-zimpara-tasi-250x50-mm","status":"publish","type":"product","link":"https:\/\/www.makitamarket.com.tr\/site\/urun\/scheppach-tiger-2500-icin-zimpara-tasi-250x50-mm\/","title":{"rendered":"Scheppach 89490701 TIGER 2500 \u0130\u00c7\u0130N ZIMPARA TA\u015eI 250&#215;50 mm"},"content":{"rendered":"<table>\n<tr>\n<td>Uyumlu Model<\/td>\n<td>TIGER 2500<\/td>\n<\/tr>\n<tr>\n<td>\u00d6l\u00e7\u00fc<\/td>\n<td>\u00d8 250 x 50mm Al\u00fcminyum oksit orjinal Scheppach Tiger ta\u015f\u0131<\/td>\n<\/tr>\n<\/table>\n","protected":false},"excerpt":{"rendered":"<p>Uyumlu Model TIGER 2500 \u00d6l\u00e7\u00fc \u00d8 250 x 50mm Al\u00fcminyum oksit orjinal Scheppach Tiger ta\u015f\u0131<\/p>\n","protected":false},"featured_media":13466,"comment_status":"open","ping_status":"closed","template":"","meta":{"_acf_changed":false},"product_brand":[1514],"product_cat":[1565],"product_tag":[],"class_list":{"0":"post-13467","1":"product","2":"type-product","3":"status-publish","4":"has-post-thumbnail","6":"product_brand-scheppach","7":"product_cat-yok-yok","9":"first","10":"instock","11":"taxable","12":"shipping-taxable","13":"purchasable","14":"product-type-simple","15":"add-to-wishlist-after_add_to_cart"},"acf":[],"_links":{"self":[{"href":"https:\/\/www.makitamarket.com.tr\/site\/wp-json\/wp\/v2\/product\/13467","targetHints":{"allow":["GET"]}}],"collection":[{"href":"https:\/\/www.makitamarket.com.tr\/site\/wp-json\/wp\/v2\/product"}],"about":[{"href":"https:\/\/www.makitamarket.com.tr\/site\/wp-json\/wp\/v2\/types\/product"}],"replies":[{"embeddable":true,"href":"https:\/\/www.makitamarket.com.tr\/site\/wp-json\/wp\/v2\/comments?post=13467"}],"wp:featuredmedia":[{"embeddable":true,"href":"https:\/\/www.makitamarket.com.tr\/site\/wp-json\/wp\/v2\/media\/13466"}],"wp:attachment":[{"href":"https:\/\/www.makitamarket.com.tr\/site\/wp-json\/wp\/v2\/media?parent=13467"}],"wp:term":[{"taxonomy":"product_brand","embeddable":true,"href":"https:\/\/www.makitamarket.com.tr\/site\/wp-json\/wp\/v2\/product_brand?post=13467"},{"taxonomy":"product_cat","embeddable":true,"href":"https:\/\/www.makitamarket.com.tr\/site\/wp-json\/wp\/v2\/product_cat?post=13467"},{"taxonomy":"product_tag","embeddable":true,"href":"https:\/\/www.makitamarket.com.tr\/site\/wp-json\/wp\/v2\/product_tag?post=13467"}],"curies":[{"name":"wp","href":"https:\/\/api.w.org\/{rel}","templated":true}]}}