{"id":13470,"date":"2024-11-28T18:24:43","date_gmt":"2024-11-28T15:24:43","guid":{"rendered":"https:\/\/www.makitamarket.com.tr\/site\/urun\/ozco-gm13-matkap-ucu-bileme-makinasi\/"},"modified":"2025-07-11T20:39:00","modified_gmt":"2025-07-11T17:39:00","slug":"ozco-gm13-matkap-ucu-bileme-makinasi","status":"publish","type":"product","link":"https:\/\/www.makitamarket.com.tr\/site\/urun\/ozco-gm13-matkap-ucu-bileme-makinasi\/","title":{"rendered":"Ozco GM13 GM13 Matkap Ucu Bileme Makinas\u0131"},"content":{"rendered":"<table>\n<tr>\n<td>Motor G\u00fcc\u00fc<\/td>\n<td>80 W<\/td>\n<\/tr>\n<tr>\n<td>Voltaj<\/td>\n<td>230<\/td>\n<\/tr>\n<tr>\n<td>H\u0131z<\/td>\n<td>4200<\/td>\n<\/tr>\n<tr>\n<td>Y\u00fckte \u00c7al\u0131\u015fma S\u00fcresi (maks.)<\/td>\n<td>5 dk<\/td>\n<\/tr>\n<tr>\n<td>Matkap Ucu A\u00e7\u0131s\u0131<\/td>\n<td>118\u00b0<\/td>\n<\/tr>\n<tr>\n<td>Bileme Kapasitesi<\/td>\n<td>\u00d83- \u00d813 <\/td>\n<\/tr>\n<tr>\n<td>\u00d6l\u00e7\u00fcler (UxGxY)<\/td>\n<td>290x140x150<\/td>\n<\/tr>\n<tr>\n<td>Net A\u011f\u0131rl\u0131k<\/td>\n<td>2.5<\/td>\n<\/tr>\n<tr>\n<td>Br\u00fct A\u011f\u0131rl\u0131k<\/td>\n<td>3<\/td>\n<\/tr>\n<\/table>\n","protected":false},"excerpt":{"rendered":"<p>Motor G\u00fcc\u00fc 80 W Voltaj 230 H\u0131z 4200 Y\u00fckte \u00c7al\u0131\u015fma S\u00fcresi (maks.) 5 dk Matkap Ucu A\u00e7\u0131s\u0131 118\u00b0 Bileme Kapasitesi \u00d83- \u00d813 \u00d6l\u00e7\u00fcler (UxGxY) 290x140x150 Net A\u011f\u0131rl\u0131k 2.5 Br\u00fct A\u011f\u0131rl\u0131k<\/p>\n","protected":false},"featured_media":13469,"comment_status":"open","ping_status":"closed","template":"","meta":{"_acf_changed":false},"product_brand":[],"product_cat":[776],"product_tag":[],"class_list":{"0":"post-13470","1":"product","2":"type-product","3":"status-publish","4":"has-post-thumbnail","6":"product_cat-bileme-matkap-ucu-bileme","8":"first","9":"outofstock","10":"taxable","11":"shipping-taxable","12":"purchasable","13":"product-type-simple","14":"add-to-wishlist-after_add_to_cart"},"acf":[],"_links":{"self":[{"href":"https:\/\/www.makitamarket.com.tr\/site\/wp-json\/wp\/v2\/product\/13470","targetHints":{"allow":["GET"]}}],"collection":[{"href":"https:\/\/www.makitamarket.com.tr\/site\/wp-json\/wp\/v2\/product"}],"about":[{"href":"https:\/\/www.makitamarket.com.tr\/site\/wp-json\/wp\/v2\/types\/product"}],"replies":[{"embeddable":true,"href":"https:\/\/www.makitamarket.com.tr\/site\/wp-json\/wp\/v2\/comments?post=13470"}],"wp:featuredmedia":[{"embeddable":true,"href":"https:\/\/www.makitamarket.com.tr\/site\/wp-json\/wp\/v2\/media\/13469"}],"wp:attachment":[{"href":"https:\/\/www.makitamarket.com.tr\/site\/wp-json\/wp\/v2\/media?parent=13470"}],"wp:term":[{"taxonomy":"product_brand","embeddable":true,"href":"https:\/\/www.makitamarket.com.tr\/site\/wp-json\/wp\/v2\/product_brand?post=13470"},{"taxonomy":"product_cat","embeddable":true,"href":"https:\/\/www.makitamarket.com.tr\/site\/wp-json\/wp\/v2\/product_cat?post=13470"},{"taxonomy":"product_tag","embeddable":true,"href":"https:\/\/www.makitamarket.com.tr\/site\/wp-json\/wp\/v2\/product_tag?post=13470"}],"curies":[{"name":"wp","href":"https:\/\/api.w.org\/{rel}","templated":true}]}}