{"id":13472,"date":"2024-11-28T18:24:44","date_gmt":"2024-11-28T15:24:44","guid":{"rendered":"https:\/\/www.makitamarket.com.tr\/site\/urun\/clipper-classic-universal-turbo-testere-230-mm\/"},"modified":"2026-03-30T08:42:20","modified_gmt":"2026-03-30T05:42:20","slug":"clipper-classic-universal-turbo-testere-230-mm","status":"publish","type":"product","link":"https:\/\/www.makitamarket.com.tr\/site\/urun\/clipper-classic-universal-turbo-testere-230-mm\/","title":{"rendered":"Clipper 26818 CLASSIC UNIVERSAL TURBO TESTERE 230 mm"},"content":{"rendered":"<p>\n\t\u00c7at\u0131 kiremitleri, tu\u011fla ve kald\u0131r\u0131m malzemelerinin kesimi i\u00e7in uygundur.<\/p>\n<table>\n<tr>\n<td>\u00c7ap<\/td>\n<td>230mm<\/td>\n<\/tr>\n<tr>\n<td>Merkez<\/td>\n<td>22,23 mm<\/td>\n<\/tr>\n<tr>\n<td>Segman (Y\/G-mm)<\/td>\n<td>10\/2,6 mm<\/td>\n<\/tr>\n<tr>\n<td>Performans<\/td>\n<td>4 y\u0131ld\u0131z<\/td>\n<\/tr>\n<\/table>\n","protected":false},"excerpt":{"rendered":"<p>\n\t\u00c7at\u0131 kiremitleri, tu\u011fla ve kald\u0131r\u0131m malzemelerinin kesimi i\u00e7in uygundur.<\/p>\n","protected":false},"featured_media":13736,"comment_status":"open","ping_status":"closed","template":"","meta":{"_acf_changed":false},"product_brand":[1497],"product_cat":[1565],"product_tag":[],"class_list":{"0":"post-13472","1":"product","2":"type-product","3":"status-publish","4":"has-post-thumbnail","6":"product_brand-clipper","7":"product_cat-yok-yok","9":"first","10":"instock","11":"taxable","12":"shipping-taxable","13":"purchasable","14":"product-type-simple","15":"add-to-wishlist-after_add_to_cart"},"acf":[],"_links":{"self":[{"href":"https:\/\/www.makitamarket.com.tr\/site\/wp-json\/wp\/v2\/product\/13472","targetHints":{"allow":["GET"]}}],"collection":[{"href":"https:\/\/www.makitamarket.com.tr\/site\/wp-json\/wp\/v2\/product"}],"about":[{"href":"https:\/\/www.makitamarket.com.tr\/site\/wp-json\/wp\/v2\/types\/product"}],"replies":[{"embeddable":true,"href":"https:\/\/www.makitamarket.com.tr\/site\/wp-json\/wp\/v2\/comments?post=13472"}],"wp:featuredmedia":[{"embeddable":true,"href":"https:\/\/www.makitamarket.com.tr\/site\/wp-json\/wp\/v2\/media\/13736"}],"wp:attachment":[{"href":"https:\/\/www.makitamarket.com.tr\/site\/wp-json\/wp\/v2\/media?parent=13472"}],"wp:term":[{"taxonomy":"product_brand","embeddable":true,"href":"https:\/\/www.makitamarket.com.tr\/site\/wp-json\/wp\/v2\/product_brand?post=13472"},{"taxonomy":"product_cat","embeddable":true,"href":"https:\/\/www.makitamarket.com.tr\/site\/wp-json\/wp\/v2\/product_cat?post=13472"},{"taxonomy":"product_tag","embeddable":true,"href":"https:\/\/www.makitamarket.com.tr\/site\/wp-json\/wp\/v2\/product_tag?post=13472"}],"curies":[{"name":"wp","href":"https:\/\/api.w.org\/{rel}","templated":true}]}}