{"id":13484,"date":"2024-11-28T18:24:48","date_gmt":"2024-11-28T15:24:48","guid":{"rendered":"https:\/\/www.makitamarket.com.tr\/site\/urun\/scheppach-hms-2600-icin-yedek-hss-bicak\/"},"modified":"2025-11-16T07:17:47","modified_gmt":"2025-11-16T04:17:47","slug":"scheppach-hms-2600-icin-yedek-hss-bicak","status":"publish","type":"product","link":"https:\/\/www.makitamarket.com.tr\/site\/urun\/scheppach-hms-2600-icin-yedek-hss-bicak\/","title":{"rendered":"Scheppach 62004134 HMS 2600 \u0130\u00c7\u0130N YEDEK HSS BI\u00c7AK"},"content":{"rendered":"<p>\nHMS2600 CI \u0130\u00c7\u0130N BI\u00c7AK SET\u0130 2 L\u0130<\/p>\n<table>\n<tr>\n<td>Tan\u0131m<\/td>\n<td>2 adet yedek HSS b\u0131\u00e7ak<\/td>\n<\/tr>\n<\/table>\n","protected":false},"excerpt":{"rendered":"<p>\nHMS2600 CI \u0130\u00c7\u0130N BI\u00c7AK SET\u0130 2 L\u0130<\/p>\n","protected":false},"featured_media":13483,"comment_status":"open","ping_status":"closed","template":"","meta":{"_acf_changed":false},"product_brand":[1514],"product_cat":[1565],"product_tag":[],"class_list":{"0":"post-13484","1":"product","2":"type-product","3":"status-publish","4":"has-post-thumbnail","6":"product_brand-scheppach","7":"product_cat-yok-yok","9":"first","10":"outofstock","11":"taxable","12":"shipping-taxable","13":"purchasable","14":"product-type-simple","15":"add-to-wishlist-after_add_to_cart"},"acf":[],"_links":{"self":[{"href":"https:\/\/www.makitamarket.com.tr\/site\/wp-json\/wp\/v2\/product\/13484","targetHints":{"allow":["GET"]}}],"collection":[{"href":"https:\/\/www.makitamarket.com.tr\/site\/wp-json\/wp\/v2\/product"}],"about":[{"href":"https:\/\/www.makitamarket.com.tr\/site\/wp-json\/wp\/v2\/types\/product"}],"replies":[{"embeddable":true,"href":"https:\/\/www.makitamarket.com.tr\/site\/wp-json\/wp\/v2\/comments?post=13484"}],"wp:featuredmedia":[{"embeddable":true,"href":"https:\/\/www.makitamarket.com.tr\/site\/wp-json\/wp\/v2\/media\/13483"}],"wp:attachment":[{"href":"https:\/\/www.makitamarket.com.tr\/site\/wp-json\/wp\/v2\/media?parent=13484"}],"wp:term":[{"taxonomy":"product_brand","embeddable":true,"href":"https:\/\/www.makitamarket.com.tr\/site\/wp-json\/wp\/v2\/product_brand?post=13484"},{"taxonomy":"product_cat","embeddable":true,"href":"https:\/\/www.makitamarket.com.tr\/site\/wp-json\/wp\/v2\/product_cat?post=13484"},{"taxonomy":"product_tag","embeddable":true,"href":"https:\/\/www.makitamarket.com.tr\/site\/wp-json\/wp\/v2\/product_tag?post=13484"}],"curies":[{"name":"wp","href":"https:\/\/api.w.org\/{rel}","templated":true}]}}