{"id":13513,"date":"2024-11-28T18:25:06","date_gmt":"2024-11-28T15:25:06","guid":{"rendered":"https:\/\/www.makitamarket.com.tr\/site\/urun\/proxxon-proxxon-28635-gg-12-gravur-seti\/"},"modified":"2026-04-06T14:36:58","modified_gmt":"2026-04-06T11:36:58","slug":"proxxon-proxxon-28635-gg-12-gravur-seti","status":"publish","type":"product","link":"https:\/\/www.makitamarket.com.tr\/site\/urun\/proxxon-proxxon-28635-gg-12-gravur-seti\/","title":{"rendered":"Proxxon 28635 GG 12 PROXXON 28635 GG 12 GRAV\u00dcR SET\u0130"},"content":{"rendered":"<div>\n\t<span style=\"font-size:12px;\"><span style=\"font-family:tahoma,geneva,sans-serif;\"><strong>Kullan\u0131m Alanlar\u0131 : <\/strong>Cam y\u00fczeylerde motif i\u015flemek ve yaz\u0131 yazmak i\u00e7in uygundur.<br \/>\n\t<\/span><\/span><\/div>\n<div>\n\t<strong>Sevkiyat Kapsam\u0131: <\/strong>1 adet adapt\u00f6r, 1 adet deneme cam\u0131, 1 adet motif kitap\u00e7\u0131\u011f\u0131 ve 6 adet u\u00e7 ile birlikte sevk edilir.<\/div>\n<div>\n\t<strong>Uyumlu Aksesuarlar: <\/strong><\/div>\n<div>\n\t<strong>PROX28212<\/strong>: Elmas u\u00e7 1mm (2)<\/div>\n<div>\n\t<strong>PROX28222:<\/strong> Elmas u\u00e7 1.8mm (2)<\/div>\n<table>\n<tr>\n<td>\u00c7al\u0131\u015fma gerilimi<\/td>\n<td>12-18V<\/td>\n<\/tr>\n<tr>\n<td>Devir<\/td>\n<td>20,000 d\/dak<\/td>\n<\/tr>\n<tr>\n<td>Uzunluk<\/td>\n<td>14.5 cm<\/td>\n<\/tr>\n<tr>\n<td>G\u00fc\u00e7<\/td>\n<td>25 W<\/td>\n<\/tr>\n<tr>\n<td>A\u011f\u0131rl\u0131k<\/td>\n<td>50 g<\/td>\n<\/tr>\n<tr>\n<td>Muhafaza<\/td>\n<td>\u015e\u0131k plastik kutu<\/td>\n<\/tr>\n<\/table>\n","protected":false},"excerpt":{"rendered":"<div>\n\t<span style=\"font-size:12px;\"><span style=\"font-family:tahoma,geneva,sans-serif;\"><strong>Kullan\u0131m Alanlar\u0131 : <\/strong>Cam y\u00fczeylerde motif i\u015flemek ve yaz\u0131 yazmak i\u00e7in uygundur.<br \/>\n\t<\/span><\/span><\/div>\n<div>\n\t<strong>Sevkiyat Kapsam\u0131: <\/strong>1 adet adapt\u00f6r, 1 adet deneme cam\u0131, 1 adet motif kitap\u00e7\u0131\u011f\u0131 ve 6 adet u\u00e7 ile birlikte sevk edilir.<\/div>\n<div>\n\t<strong>Uyumlu Aksesuarlar: <\/strong><\/div>\n<div>\n\t<strong>PROX28212<\/strong>: Elmas u\u00e7 1mm (2)<\/div>\n<div>\n\t<strong>PROX28222:<\/strong> Elmas u\u00e7 1.8mm (2)<\/div>\n","protected":false},"featured_media":13512,"comment_status":"open","ping_status":"closed","template":"","meta":{"_acf_changed":false},"product_brand":[1501],"product_cat":[1257],"product_tag":[],"class_list":{"0":"post-13513","1":"product","2":"type-product","3":"status-publish","4":"has-post-thumbnail","6":"product_brand-proxxon","7":"product_cat-gravur-cihazlari","9":"first","10":"instock","11":"taxable","12":"shipping-taxable","13":"purchasable","14":"product-type-simple","15":"add-to-wishlist-after_add_to_cart"},"acf":[],"_links":{"self":[{"href":"https:\/\/www.makitamarket.com.tr\/site\/wp-json\/wp\/v2\/product\/13513","targetHints":{"allow":["GET"]}}],"collection":[{"href":"https:\/\/www.makitamarket.com.tr\/site\/wp-json\/wp\/v2\/product"}],"about":[{"href":"https:\/\/www.makitamarket.com.tr\/site\/wp-json\/wp\/v2\/types\/product"}],"replies":[{"embeddable":true,"href":"https:\/\/www.makitamarket.com.tr\/site\/wp-json\/wp\/v2\/comments?post=13513"}],"wp:featuredmedia":[{"embeddable":true,"href":"https:\/\/www.makitamarket.com.tr\/site\/wp-json\/wp\/v2\/media\/13512"}],"wp:attachment":[{"href":"https:\/\/www.makitamarket.com.tr\/site\/wp-json\/wp\/v2\/media?parent=13513"}],"wp:term":[{"taxonomy":"product_brand","embeddable":true,"href":"https:\/\/www.makitamarket.com.tr\/site\/wp-json\/wp\/v2\/product_brand?post=13513"},{"taxonomy":"product_cat","embeddable":true,"href":"https:\/\/www.makitamarket.com.tr\/site\/wp-json\/wp\/v2\/product_cat?post=13513"},{"taxonomy":"product_tag","embeddable":true,"href":"https:\/\/www.makitamarket.com.tr\/site\/wp-json\/wp\/v2\/product_tag?post=13513"}],"curies":[{"name":"wp","href":"https:\/\/api.w.org\/{rel}","templated":true}]}}