{"id":13535,"date":"2024-11-28T18:25:12","date_gmt":"2024-11-28T15:25:12","guid":{"rendered":"https:\/\/www.makitamarket.com.tr\/site\/urun\/procut-mermer-testere-300-my\/"},"modified":"2026-04-06T14:37:48","modified_gmt":"2026-04-06T11:37:48","slug":"procut-mermer-testere-300-my","status":"publish","type":"product","link":"https:\/\/www.makitamarket.com.tr\/site\/urun\/procut-mermer-testere-300-my\/","title":{"rendered":"Procut PR51135 MERMER TESTERE 300 MY"},"content":{"rendered":"<table>\n<tr>\n<td>Modeli<\/td>\n<td>Mermer &#8211; 300 MY.<\/td>\n<\/tr>\n<tr>\n<td>D\u0131\u015f \u00c7ap<\/td>\n<td>300 mm.<\/td>\n<\/tr>\n<tr>\n<td>Kal\u0131nl\u0131k<\/td>\n<td>3.0 mm.<\/td>\n<\/tr>\n<tr>\n<td>Elmas Y\u00fcksekli\u011fi<\/td>\n<td>7.0 mm.<\/td>\n<\/tr>\n<tr>\n<td>G\u00f6bek \u00e7ap\u0131<\/td>\n<td>60.0 mm.<\/td>\n<\/tr>\n<tr>\n<td>Koli Adedi<\/td>\n<td>10.<\/td>\n<\/tr>\n<\/table>\n","protected":false},"excerpt":{"rendered":"<p>Modeli Mermer &#8211; 300 MY. D\u0131\u015f \u00c7ap 300 mm. Kal\u0131nl\u0131k 3.0 mm. Elmas Y\u00fcksekli\u011fi 7.0 mm. G\u00f6bek \u00e7ap\u0131 60.0 mm. Koli Adedi 10.<\/p>\n","protected":false},"featured_media":13534,"comment_status":"open","ping_status":"closed","template":"","meta":{"_acf_changed":false},"product_brand":[1539],"product_cat":[1565],"product_tag":[],"class_list":{"0":"post-13535","1":"product","2":"type-product","3":"status-publish","4":"has-post-thumbnail","6":"product_brand-procut","7":"product_cat-yok-yok","9":"first","10":"instock","11":"taxable","12":"shipping-taxable","13":"purchasable","14":"product-type-simple","15":"add-to-wishlist-after_add_to_cart"},"acf":[],"_links":{"self":[{"href":"https:\/\/www.makitamarket.com.tr\/site\/wp-json\/wp\/v2\/product\/13535","targetHints":{"allow":["GET"]}}],"collection":[{"href":"https:\/\/www.makitamarket.com.tr\/site\/wp-json\/wp\/v2\/product"}],"about":[{"href":"https:\/\/www.makitamarket.com.tr\/site\/wp-json\/wp\/v2\/types\/product"}],"replies":[{"embeddable":true,"href":"https:\/\/www.makitamarket.com.tr\/site\/wp-json\/wp\/v2\/comments?post=13535"}],"wp:featuredmedia":[{"embeddable":true,"href":"https:\/\/www.makitamarket.com.tr\/site\/wp-json\/wp\/v2\/media\/13534"}],"wp:attachment":[{"href":"https:\/\/www.makitamarket.com.tr\/site\/wp-json\/wp\/v2\/media?parent=13535"}],"wp:term":[{"taxonomy":"product_brand","embeddable":true,"href":"https:\/\/www.makitamarket.com.tr\/site\/wp-json\/wp\/v2\/product_brand?post=13535"},{"taxonomy":"product_cat","embeddable":true,"href":"https:\/\/www.makitamarket.com.tr\/site\/wp-json\/wp\/v2\/product_cat?post=13535"},{"taxonomy":"product_tag","embeddable":true,"href":"https:\/\/www.makitamarket.com.tr\/site\/wp-json\/wp\/v2\/product_tag?post=13535"}],"curies":[{"name":"wp","href":"https:\/\/api.w.org\/{rel}","templated":true}]}}