{"id":13560,"date":"2024-11-28T18:26:42","date_gmt":"2024-11-28T15:26:42","guid":{"rendered":"https:\/\/www.makitamarket.com.tr\/site\/urun\/bmi-bmi-689rs250rs-terazili-aluminyum-mastar-250cm\/"},"modified":"2026-04-06T14:38:01","modified_gmt":"2026-04-06T11:38:01","slug":"bmi-bmi-689rs250rs-terazili-aluminyum-mastar-250cm","status":"publish","type":"product","link":"https:\/\/www.makitamarket.com.tr\/site\/urun\/bmi-bmi-689rs250rs-terazili-aluminyum-mastar-250cm\/","title":{"rendered":"Bmi 689RS250RS BMI 689RS250RS TERAZ\u0130L\u0130 AL\u00dcM\u0130NYUM MASTAR 250cm"},"content":{"rendered":"<div>\n\t<span dir=\"ltr\" role=\"presentation\" style=\"left: 400.858px; top: 1364.01px; font-size: 10px; font-family: sans-serif; transform: scaleX(0.860765);\">H Tipi Al\u00fcminyum Terazili Mastarlar<\/span><br role=\"presentation\" \/><br \/>\n\t<span dir=\"ltr\" role=\"presentation\" style=\"left: 400.858px; top: 1374.84px; font-size: 10px; font-family: sans-serif; transform: scaleX(0.84084);\">Yatay ve dikey terazi g\u00f6zleri<\/span><br role=\"presentation\" \/><br \/>\n\t<span dir=\"ltr\" role=\"presentation\" style=\"left: 400.858px; top: 1385.67px; font-size: 10px; font-family: sans-serif; transform: scaleX(0.868627);\">100&#215;18 mm tutamakl\u0131<\/span><br role=\"presentation\" \/><br \/>\n\t<span dir=\"ltr\" role=\"presentation\" style=\"left: 400.858px; top: 1396.5px; font-size: 10px; font-family: sans-serif; transform: scaleX(0.896618);\">D\u00fcz kenar al\u00fcminyum mastar<\/span><\/div>\n<table>\n<tr>\n<td>Uzunluk<\/td>\n<td>250 cm<\/td>\n<\/tr>\n<\/table>\n","protected":false},"excerpt":{"rendered":"<div>\n\t<span dir=\"ltr\" role=\"presentation\" style=\"left: 400.858px; top: 1364.01px; font-size: 10px; font-family: sans-serif; transform: scaleX(0.860765);\">H Tipi Al\u00fcminyum Terazili Mastarlar<\/span><br role=\"presentation\" \/><br \/>\n\t<span dir=\"ltr\" role=\"presentation\" style=\"left: 400.858px; top: 1374.84px; font-size: 10px; font-family: sans-serif; transform: scaleX(0.84084);\">Yatay ve dikey terazi g\u00f6zleri<\/span><br role=\"presentation\" \/><br \/>\n\t<span dir=\"ltr\" role=\"presentation\" style=\"left: 400.858px; top: 1385.67px; font-size: 10px; font-family: sans-serif; transform: scaleX(0.868627);\">100&#215;18 mm tutamakl\u0131<\/span><br role=\"presentation\" \/><br \/>\n\t<span dir=\"ltr\" role=\"presentation\" style=\"left: 400.858px; top: 1396.5px; font-size: 10px; font-family: sans-serif; transform: scaleX(0.896618);\">D\u00fcz kenar al\u00fcminyum mastar<\/span><\/div>\n","protected":false},"featured_media":13559,"comment_status":"open","ping_status":"closed","template":"","meta":{"_acf_changed":false},"product_brand":[1522],"product_cat":[1256],"product_tag":[],"class_list":{"0":"post-13560","1":"product","2":"type-product","3":"status-publish","4":"has-post-thumbnail","6":"product_brand-bmi","7":"product_cat-mastarlar","9":"first","10":"instock","11":"taxable","12":"shipping-taxable","13":"purchasable","14":"product-type-simple","15":"add-to-wishlist-after_add_to_cart"},"acf":[],"_links":{"self":[{"href":"https:\/\/www.makitamarket.com.tr\/site\/wp-json\/wp\/v2\/product\/13560","targetHints":{"allow":["GET"]}}],"collection":[{"href":"https:\/\/www.makitamarket.com.tr\/site\/wp-json\/wp\/v2\/product"}],"about":[{"href":"https:\/\/www.makitamarket.com.tr\/site\/wp-json\/wp\/v2\/types\/product"}],"replies":[{"embeddable":true,"href":"https:\/\/www.makitamarket.com.tr\/site\/wp-json\/wp\/v2\/comments?post=13560"}],"wp:featuredmedia":[{"embeddable":true,"href":"https:\/\/www.makitamarket.com.tr\/site\/wp-json\/wp\/v2\/media\/13559"}],"wp:attachment":[{"href":"https:\/\/www.makitamarket.com.tr\/site\/wp-json\/wp\/v2\/media?parent=13560"}],"wp:term":[{"taxonomy":"product_brand","embeddable":true,"href":"https:\/\/www.makitamarket.com.tr\/site\/wp-json\/wp\/v2\/product_brand?post=13560"},{"taxonomy":"product_cat","embeddable":true,"href":"https:\/\/www.makitamarket.com.tr\/site\/wp-json\/wp\/v2\/product_cat?post=13560"},{"taxonomy":"product_tag","embeddable":true,"href":"https:\/\/www.makitamarket.com.tr\/site\/wp-json\/wp\/v2\/product_tag?post=13560"}],"curies":[{"name":"wp","href":"https:\/\/api.w.org\/{rel}","templated":true}]}}