{"id":13564,"date":"2024-11-28T18:26:44","date_gmt":"2024-11-28T15:26:44","guid":{"rendered":"https:\/\/www.makitamarket.com.tr\/site\/urun\/nikon-flap-disk-115-mm-40-kum\/"},"modified":"2025-11-16T10:25:05","modified_gmt":"2025-11-16T07:25:05","slug":"nikon-flap-disk-115-mm-40-kum","status":"publish","type":"product","link":"https:\/\/www.makitamarket.com.tr\/site\/urun\/nikon-flap-disk-115-mm-40-kum\/","title":{"rendered":"Nikon N33051 FLAP D\u0130SK 115 mm 40 KUM"},"content":{"rendered":"<p>\n\t<strong>Al\u00fcminyum Oksit<\/strong> a\u015f\u0131nd\u0131r\u0131c\u0131 uygulamas\u0131na tabidir. Metal malzemelerinin z\u0131mparalanmas\u0131nda kullan\u0131l\u0131r.<\/p>\n<table>\n<tr>\n<td>\u00c7ap (mm)<\/td>\n<td>115<\/td>\n<\/tr>\n<tr>\n<td>Kum<\/td>\n<td>40<\/td>\n<\/tr>\n<tr>\n<td>Kutu \u0130\u00e7i Adedi<\/td>\n<td>20<\/td>\n<\/tr>\n<\/table>\n","protected":false},"excerpt":{"rendered":"<p>\n\t<strong>Al\u00fcminyum Oksit<\/strong> a\u015f\u0131nd\u0131r\u0131c\u0131 uygulamas\u0131na tabidir. Metal malzemelerinin z\u0131mparalanmas\u0131nda kullan\u0131l\u0131r.<\/p>\n","protected":false},"featured_media":18658,"comment_status":"open","ping_status":"closed","template":"","meta":{"_acf_changed":false},"product_brand":[1518],"product_cat":[1139],"product_tag":[],"class_list":{"0":"post-13564","1":"product","2":"type-product","3":"status-publish","4":"has-post-thumbnail","6":"product_brand-nikon","7":"product_cat-flap-diskler","9":"first","10":"outofstock","11":"taxable","12":"shipping-taxable","13":"purchasable","14":"product-type-simple","15":"add-to-wishlist-after_add_to_cart"},"acf":[],"_links":{"self":[{"href":"https:\/\/www.makitamarket.com.tr\/site\/wp-json\/wp\/v2\/product\/13564","targetHints":{"allow":["GET"]}}],"collection":[{"href":"https:\/\/www.makitamarket.com.tr\/site\/wp-json\/wp\/v2\/product"}],"about":[{"href":"https:\/\/www.makitamarket.com.tr\/site\/wp-json\/wp\/v2\/types\/product"}],"replies":[{"embeddable":true,"href":"https:\/\/www.makitamarket.com.tr\/site\/wp-json\/wp\/v2\/comments?post=13564"}],"wp:featuredmedia":[{"embeddable":true,"href":"https:\/\/www.makitamarket.com.tr\/site\/wp-json\/wp\/v2\/media\/18658"}],"wp:attachment":[{"href":"https:\/\/www.makitamarket.com.tr\/site\/wp-json\/wp\/v2\/media?parent=13564"}],"wp:term":[{"taxonomy":"product_brand","embeddable":true,"href":"https:\/\/www.makitamarket.com.tr\/site\/wp-json\/wp\/v2\/product_brand?post=13564"},{"taxonomy":"product_cat","embeddable":true,"href":"https:\/\/www.makitamarket.com.tr\/site\/wp-json\/wp\/v2\/product_cat?post=13564"},{"taxonomy":"product_tag","embeddable":true,"href":"https:\/\/www.makitamarket.com.tr\/site\/wp-json\/wp\/v2\/product_tag?post=13564"}],"curies":[{"name":"wp","href":"https:\/\/api.w.org\/{rel}","templated":true}]}}