{"id":13566,"date":"2024-11-28T18:26:44","date_gmt":"2024-11-28T15:26:44","guid":{"rendered":"https:\/\/www.makitamarket.com.tr\/site\/urun\/makita-segmanli-tip-elmas-testere-300-mm\/"},"modified":"2026-04-06T14:38:04","modified_gmt":"2026-04-06T11:38:04","slug":"makita-segmanli-tip-elmas-testere-300-mm","status":"publish","type":"product","link":"https:\/\/www.makitamarket.com.tr\/site\/urun\/makita-segmanli-tip-elmas-testere-300-mm\/","title":{"rendered":"Makita D-56982 SEGMANLI T\u0130P ELMAS TESTERE 300 mm"},"content":{"rendered":"<p>\n\t* Lazer kaynakl\u0131d\u0131r. Yak\u0131tl\u0131 kesim motorlar\u0131 i\u00e7in uygundur.<\/p>\n<p>\n\t<strong>Lazer Kaynakl\u0131 Segmanl\u0131 Tip :<\/strong> Elmas tabakalar\u0131 1000\u02daC lazer \u0131\u015f\u0131n\u0131 ile kaynak yap\u0131l\u0131r.<\/p>\n<p>\n\tElmas ve plakan\u0131n ala\u015f\u0131m\u0131 ile g\u00fc\u00e7l\u00fc birle\u015fim olu\u015fur. Bu sayede g\u00fc\u00e7l\u00fc makinalar i\u00e7in idealdir.<\/p>\n<p>\n\t\u00a0<\/p>\n<table border=\"1\" cellpadding=\"1\" cellspacing=\"1\" height=\"63\" width=\"287\">\n<tbody>\n<tr>\n<td colspan=\"7\" style=\"text-align: center;\">\n\t\t\t\t<strong>KULLANIM GRUPLARI<br \/>\n\t\t\t\t<\/strong><\/td>\n<\/tr>\n<tr>\n<td style=\"text-align: center; width: 35px;\">\n\t\t\t\t1<\/td>\n<td style=\"text-align: center; width: 35px;\">\n\t\t\t\t2<\/td>\n<td style=\"text-align: center; width: 35px;\">\n\t\t\t\t3<\/td>\n<td style=\"text-align: center; width: 35px;\">\n\t\t\t\t4<\/td>\n<td style=\"text-align: center; width: 35px;\">\n\t\t\t\t5<\/td>\n<td style=\"text-align: center; width: 35px;\">\n\t\t\t\t6<\/td>\n<td style=\"text-align: center; width: 35px;\">\n\t\t\t\t7<\/td>\n<\/tr>\n<tr>\n<td style=\"text-align: center; width: 35px;\">\n\t\t\t\tA<\/td>\n<td style=\"text-align: center; width: 35px;\">\n\t\t\t\tAA<\/td>\n<td style=\"text-align: center; width: 35px;\">\n\t\t\t\tA<\/td>\n<td style=\"text-align: center; width: 35px;\">\n\t\t\t\tAA<\/td>\n<td style=\"text-align: center; width: 35px;\">\n\t\t\t\t&#8211;<\/td>\n<td style=\"text-align: center; width: 35px;\">\n\t\t\t\t&#8211;<\/td>\n<td style=\"text-align: center; width: 35px;\">\n\t\t\t\t&#8211;<\/td>\n<\/tr>\n<\/tbody>\n<\/table>\n<table>\n<tr>\n<td>Testere \u00e7ap\u0131<\/td>\n<td>300 mm<\/td>\n<\/tr>\n<tr>\n<td>Elmas Kal\u0131nl\u0131\u011f\u0131<\/td>\n<td>2.8 mm<\/td>\n<\/tr>\n<tr>\n<td>Elmas Y\u00fcksekli\u011fi<\/td>\n<td>7.0 mm<\/td>\n<\/tr>\n<tr>\n<td>G\u00f6bek \u00e7ap\u0131<\/td>\n<td>25.4\/20 mm<\/td>\n<\/tr>\n<tr>\n<td>\u00dcr\u00fcn Rengi<\/td>\n<td>Gold<\/td>\n<\/tr>\n<\/table>\n","protected":false},"excerpt":{"rendered":"<p>\n\t* Lazer kaynakl\u0131d\u0131r. Yak\u0131tl\u0131 kesim motorlar\u0131 i\u00e7in uygundur.<\/p>\n<p>\n\t<strong>Lazer Kaynakl\u0131 Segmanl\u0131 Tip :<\/strong> Elmas tabakalar\u0131 1000\u02daC lazer \u0131\u015f\u0131n\u0131 ile kaynak yap\u0131l\u0131r.<\/p>\n<p>\n\tElmas ve plakan\u0131n ala\u015f\u0131m\u0131 ile g\u00fc\u00e7l\u00fc birle\u015fim olu\u015fur. Bu sayede g\u00fc\u00e7l\u00fc makinalar i\u00e7in idealdir.<\/p>\n<p>\n\t\u00a0<\/p>\n<table border=\"1\" cellpadding=\"1\" cellspacing=\"1\" height=\"63\" width=\"287\">\n<tbody>\n<tr>\n<td colspan=\"7\" style=\"text-align: center;\">\n\t\t\t\t<strong>KULLANIM GRUPLARI<br \/>\n\t\t\t\t<\/strong><\/td>\n<\/tr>\n<tr>\n<td style=\"text-align: center; width: 35px;\">\n\t\t\t\t1<\/td>\n<td style=\"text-align: center; width: 35px;\">\n\t\t\t\t2<\/td>\n<td style=\"text-align: center; width: 35px;\">\n\t\t\t\t3<\/td>\n<td style=\"text-align: center; width: 35px;\">\n\t\t\t\t4<\/td>\n<td style=\"text-align: center; width: 35px;\">\n\t\t\t\t5<\/td>\n<td style=\"text-align: center; width: 35px;\">\n\t\t\t\t6<\/td>\n<td style=\"text-align: center; width: 35px;\">\n\t\t\t\t7<\/td>\n<\/tr>\n<tr>\n<td style=\"text-align: center; width: 35px;\">\n\t\t\t\tA<\/td>\n<td style=\"text-align: center; width: 35px;\">\n\t\t\t\tAA<\/td>\n<td style=\"text-align: center; width: 35px;\">\n\t\t\t\tA<\/td>\n<td style=\"text-align: center; width: 35px;\">\n\t\t\t\tAA<\/td>\n<td style=\"text-align: center; width: 35px;\">\n\t\t\t\t&#8211;<\/td>\n<td style=\"text-align: center; width: 35px;\">\n\t\t\t\t&#8211;<\/td>\n<td style=\"text-align: center; width: 35px;\">\n\t\t\t\t&#8211;<\/td>\n<\/tr>\n<\/tbody>\n<\/table>\n","protected":false},"featured_media":13565,"comment_status":"open","ping_status":"closed","template":"","meta":{"_acf_changed":false},"product_brand":[1485],"product_cat":[897],"product_tag":[],"class_list":{"0":"post-13566","1":"product","2":"type-product","3":"status-publish","4":"has-post-thumbnail","6":"product_brand-makita","7":"product_cat-300-305mm-testereler","9":"first","10":"instock","11":"taxable","12":"shipping-taxable","13":"purchasable","14":"product-type-simple","15":"add-to-wishlist-after_add_to_cart"},"acf":[],"_links":{"self":[{"href":"https:\/\/www.makitamarket.com.tr\/site\/wp-json\/wp\/v2\/product\/13566","targetHints":{"allow":["GET"]}}],"collection":[{"href":"https:\/\/www.makitamarket.com.tr\/site\/wp-json\/wp\/v2\/product"}],"about":[{"href":"https:\/\/www.makitamarket.com.tr\/site\/wp-json\/wp\/v2\/types\/product"}],"replies":[{"embeddable":true,"href":"https:\/\/www.makitamarket.com.tr\/site\/wp-json\/wp\/v2\/comments?post=13566"}],"wp:featuredmedia":[{"embeddable":true,"href":"https:\/\/www.makitamarket.com.tr\/site\/wp-json\/wp\/v2\/media\/13565"}],"wp:attachment":[{"href":"https:\/\/www.makitamarket.com.tr\/site\/wp-json\/wp\/v2\/media?parent=13566"}],"wp:term":[{"taxonomy":"product_brand","embeddable":true,"href":"https:\/\/www.makitamarket.com.tr\/site\/wp-json\/wp\/v2\/product_brand?post=13566"},{"taxonomy":"product_cat","embeddable":true,"href":"https:\/\/www.makitamarket.com.tr\/site\/wp-json\/wp\/v2\/product_cat?post=13566"},{"taxonomy":"product_tag","embeddable":true,"href":"https:\/\/www.makitamarket.com.tr\/site\/wp-json\/wp\/v2\/product_tag?post=13566"}],"curies":[{"name":"wp","href":"https:\/\/api.w.org\/{rel}","templated":true}]}}