{"id":13590,"date":"2024-11-28T18:26:53","date_gmt":"2024-11-28T15:26:53","guid":{"rendered":"https:\/\/www.makitamarket.com.tr\/site\/urun\/edn-vw-agac-testere-250x3-2x30mm-80-dis\/"},"modified":"2026-04-06T14:38:50","modified_gmt":"2026-04-06T11:38:50","slug":"edn-vw-agac-testere-250x3-2x30mm-80-dis","status":"publish","type":"product","link":"https:\/\/www.makitamarket.com.tr\/site\/urun\/edn-vw-agac-testere-250x3-2x30mm-80-dis\/","title":{"rendered":"Edn VW 250 VW A\u011eA\u00c7 TESTERE 250&#215;3.2x30mm 80 D\u0130\u015e"},"content":{"rendered":"<div>\n\t\u2022 Genle\u015ftirilmi\u015f yar\u0131klar<\/div>\n<div>\n\t\u2022 Panel malzeme tek y\u00fczey veya \u00e7ift tarafl\u0131 y\u00fcksek kalite vernikli yada plastik kaplama (maksimum: 25mm kesim y\u00fcksekli\u011fi)<\/div>\n<div>\n\t\u2022 Thermoplastik, plastikler,duroplastik<\/div>\n<div>\n\t\u2022 Re\u00e7ine emdirilmi\u015f ka\u011f\u0131t ve kuma\u015f (maksimum: 10mm kesim y\u00fcksekli\u011fi)<\/div>\n<table>\n<tr>\n<td>\u00c7ap<\/td>\n<td>250<\/td>\n<\/tr>\n<tr>\n<td>G\u00f6bek<\/td>\n<td>30<\/td>\n<\/tr>\n<tr>\n<td>Di\u015f<\/td>\n<td>80 di\u015f<\/td>\n<\/tr>\n<tr>\n<td>Kal\u0131nl\u0131k<\/td>\n<td>3,2<\/td>\n<\/tr>\n<\/table>\n","protected":false},"excerpt":{"rendered":"<div>\n\t\u2022 Genle\u015ftirilmi\u015f yar\u0131klar<\/div>\n<div>\n\t\u2022 Panel malzeme tek y\u00fczey veya \u00e7ift tarafl\u0131 y\u00fcksek kalite vernikli yada plastik kaplama (maksimum: 25mm kesim y\u00fcksekli\u011fi)<\/div>\n<div>\n\t\u2022 Thermoplastik, plastikler,duroplastik<\/div>\n<div>\n\t\u2022 Re\u00e7ine emdirilmi\u015f ka\u011f\u0131t ve kuma\u015f (maksimum: 10mm kesim y\u00fcksekli\u011fi)<\/div>\n","protected":false},"featured_media":13589,"comment_status":"open","ping_status":"closed","template":"","meta":{"_acf_changed":false},"product_brand":[1542],"product_cat":[1050],"product_tag":[],"class_list":{"0":"post-13590","1":"product","2":"type-product","3":"status-publish","4":"has-post-thumbnail","6":"product_brand-edn","7":"product_cat-ahsap-daire-testereler","9":"first","10":"instock","11":"taxable","12":"shipping-taxable","13":"purchasable","14":"product-type-simple","15":"add-to-wishlist-after_add_to_cart"},"acf":[],"_links":{"self":[{"href":"https:\/\/www.makitamarket.com.tr\/site\/wp-json\/wp\/v2\/product\/13590","targetHints":{"allow":["GET"]}}],"collection":[{"href":"https:\/\/www.makitamarket.com.tr\/site\/wp-json\/wp\/v2\/product"}],"about":[{"href":"https:\/\/www.makitamarket.com.tr\/site\/wp-json\/wp\/v2\/types\/product"}],"replies":[{"embeddable":true,"href":"https:\/\/www.makitamarket.com.tr\/site\/wp-json\/wp\/v2\/comments?post=13590"}],"wp:featuredmedia":[{"embeddable":true,"href":"https:\/\/www.makitamarket.com.tr\/site\/wp-json\/wp\/v2\/media\/13589"}],"wp:attachment":[{"href":"https:\/\/www.makitamarket.com.tr\/site\/wp-json\/wp\/v2\/media?parent=13590"}],"wp:term":[{"taxonomy":"product_brand","embeddable":true,"href":"https:\/\/www.makitamarket.com.tr\/site\/wp-json\/wp\/v2\/product_brand?post=13590"},{"taxonomy":"product_cat","embeddable":true,"href":"https:\/\/www.makitamarket.com.tr\/site\/wp-json\/wp\/v2\/product_cat?post=13590"},{"taxonomy":"product_tag","embeddable":true,"href":"https:\/\/www.makitamarket.com.tr\/site\/wp-json\/wp\/v2\/product_tag?post=13590"}],"curies":[{"name":"wp","href":"https:\/\/api.w.org\/{rel}","templated":true}]}}